{"id":764053,"date":"2025-08-28T10:59:28","date_gmt":"2025-08-28T07:59:28","guid":{"rendered":"https:\/\/roveyayinevi.com.tr\/index.php\/urun\/hakimlik-ve-tum-kurum-sinavlari-icin-idare-hukuku-konu-anlatimli-ve-cozumlu-soru-bankasi\/"},"modified":"2026-04-15T03:29:50","modified_gmt":"2026-04-15T00:29:50","slug":"hakimlik-ve-tum-kurum-sinavlari-icin-idare-hukuku-konu-anlatimli-ve-cozumlu-soru-bankasi","status":"publish","type":"product","link":"https:\/\/roveyayinevi.com.tr\/index.php\/urun\/hakimlik-ve-tum-kurum-sinavlari-icin-idare-hukuku-konu-anlatimli-ve-cozumlu-soru-bankasi\/","title":{"rendered":"Hakimlik ve T\u00fcm Kurum S\u0131navlar\u0131 \u0130\u00e7in \u0130dare Hukuku Konu Anlat\u0131ml\u0131 ve \u00c7\u00f6z\u00fcml\u00fc Soru Bankas\u0131"},"content":{"rendered":"<p>\u0130dare hukukuna ili\u015fkin konular\u0131n tamam\u0131n\u0131 tek bir kitapta toplamak almak elbette ki kolay de\u011fil. S\u00f6z konusu zorlu\u011fun fark\u0131nda olarak m\u00fcmk\u00fcn oldu\u011fu kadar \u00e7ok konuyu ayr\u0131nt\u0131ya girmeden ele almaya- \u00e7al\u0131\u015ft\u0131k. Bununla birlikte konular\u0131n daha iyi anla\u015f\u0131labilmesi i\u00e7in tablo ve \u015femalardan yararlan\u0131lm\u0131\u015f, \u00f6nemli k\u0131s\u0131mlar\u0131n alt\u0131 \u00e7izilmi\u015f ve koyula\u015ft\u0131r\u0131lm\u0131\u015ft\u0131r. Baz\u0131 \u00f6zel yasalar\u0131n \u00f6zetleri de ilgili b\u00f6l\u00fcmlere eklenmi\u015ftir. H\u00e2kimlik, kaymakaml\u0131k, KPSS, Bakanl\u0131klar\u0131n uzman ve m\u00fcfetti\u015f yard\u0131mc\u0131l\u0131\u011f\u0131, Say\u0131\u015ftay denet\u00e7i yard\u0131mc\u0131l\u0131\u011f\u0131 ve di\u011fer kurum s\u0131navlar\u0131na y\u00f6nelik olarak haz\u0131rlanan bu kitapta tamam\u0131 \u00e7\u00f6z\u00fcml\u00fc 310 soru bulunmaktad\u0131r. B\u00f6l\u00fcm sonunda yer alan \u00e7\u00f6z\u00fcml\u00fc sorular ile bilginin peki\u015ftirilmesi ve konular\u0131n tekrar\u0131 ama\u00e7lanm\u0131\u015ft\u0131r. Hemen hemen her konuda \u00f6rnek soru bulunmaktad\u0131r. Kanunlar, Cumhurba\u015fkanl\u0131\u011f\u0131 kararnameleriyle de\u011fi\u015fen mevzuat yenilikleri ve en son g\u00fcncel de\u011fi\u015fikliklerde kitapta yer almaktad\u0131r. Dikkatli ve \u00f6zenli bir \u015fekilde konular\u0131 inceleyip sorular\u0131 \u00e7\u00f6zd\u00fc\u011f\u00fcn\u00fcz takdirde kitab\u0131n s\u0131navlarda yarar\u0131 olaca\u011f\u0131na inan\u0131yoruz. S\u0131navlarda ba\u015far\u0131lar dileriz.<\/p>\n","protected":false},"excerpt":{"rendered":"<p>\u0130dare hukukuna ili\u015fkin konular\u0131n tamam\u0131n\u0131 tek bir kitapta toplamak almak elbette ki kolay de\u011fil. S\u00f6z konusu zorlu\u011fun fark\u0131nda olarak m\u00fcmk\u00fcn oldu\u011fu kadar \u00e7ok konuyu ayr\u0131nt\u0131ya girmeden<span class=\"excerpt-hellip\"> [\u2026]<\/span><\/p>\n","protected":false},"featured_media":0,"template":"","meta":{"_monsterinsights_skip_tracking":false,"_monsterinsights_sitenote_active":false,"_monsterinsights_sitenote_note":"","_monsterinsights_sitenote_category":0},"product_brand":[],"product_cat":[15350,17602],"product_tag":[],"class_list":{"0":"post-764053","1":"product","2":"type-product","3":"status-publish","5":"product_cat-hukuk","6":"product_cat-hukuk-uzerine","7":"pa_cilt-ciltsiz","8":"pa_tur-kitap","9":"pa_yayinevi-astana-yayinlari","10":"pa_yazar-ismail-hakki-eroz","12":"first","13":"instock","14":"sale","15":"shipping-taxable","16":"purchasable","17":"product-type-simple"},"_links":{"self":[{"href":"https:\/\/roveyayinevi.com.tr\/index.php\/wp-json\/wp\/v2\/product\/764053","targetHints":{"allow":["GET"]}}],"collection":[{"href":"https:\/\/roveyayinevi.com.tr\/index.php\/wp-json\/wp\/v2\/product"}],"about":[{"href":"https:\/\/roveyayinevi.com.tr\/index.php\/wp-json\/wp\/v2\/types\/product"}],"wp:attachment":[{"href":"https:\/\/roveyayinevi.com.tr\/index.php\/wp-json\/wp\/v2\/media?parent=764053"}],"wp:term":[{"taxonomy":"product_brand","embeddable":true,"href":"https:\/\/roveyayinevi.com.tr\/index.php\/wp-json\/wp\/v2\/product_brand?post=764053"},{"taxonomy":"product_cat","embeddable":true,"href":"https:\/\/roveyayinevi.com.tr\/index.php\/wp-json\/wp\/v2\/product_cat?post=764053"},{"taxonomy":"product_tag","embeddable":true,"href":"https:\/\/roveyayinevi.com.tr\/index.php\/wp-json\/wp\/v2\/product_tag?post=764053"}],"curies":[{"name":"wp","href":"https:\/\/api.w.org\/{rel}","templated":true}]}}