{"id":764052,"date":"2025-08-28T10:59:27","date_gmt":"2025-08-28T07:59:27","guid":{"rendered":"https:\/\/roveyayinevi.com.tr\/index.php\/urun\/tek-kusak-tek-yol-projesinin-kazakistan-ve-ozbekistan-dis-politikasindaki-yeri\/"},"modified":"2026-04-15T03:29:50","modified_gmt":"2026-04-15T00:29:50","slug":"tek-kusak-tek-yol-projesinin-kazakistan-ve-ozbekistan-dis-politikasindaki-yeri","status":"publish","type":"product","link":"https:\/\/roveyayinevi.com.tr\/index.php\/urun\/tek-kusak-tek-yol-projesinin-kazakistan-ve-ozbekistan-dis-politikasindaki-yeri\/","title":{"rendered":"Tek Ku\u015fak Tek Yol Projesi\u2019nin Kazakistan ve \u00d6zbekistan D\u0131\u015f Politikas\u0131ndaki Yeri"},"content":{"rendered":"<p>Tek Ku\u015fak Tek Yol Projesi, \u00c7intaraf\u0131ndan t\u00fcm d\u00fcnyaya tan\u0131t\u0131lm\u0131\u015f, y\u00fczy\u0131l\u0131n en b\u00fcy\u00fck ekonomik projesi olarakkabul g\u00f6rmektedir. Proje ekonomik y\u00f6n\u00fc kadar uluslararas\u0131 dengeleride\u011fi\u015ftirecek, Rusya\u2019n\u0131n Avrasya b\u00f6lgesindeki hakim g\u00f6r\u00fclen g\u00fcc\u00fcn\u00fc yenidensorgulatacak ve Orta Asya devletlerinin ekonomik ve uluslararas\u0131 ili\u015fkilera\u00e7\u0131s\u0131ndan yeni d\u00f6nemlere girmeye ba\u015flamas\u0131na sebep olacak global bir projeolarak kar\u015f\u0131m\u0131za \u00e7\u0131kmaktad\u0131r. \u00c7in devlet ba\u015fkan\u0131 Xi Jinping\u2019in projeyi, Kazakistan\u2019ager\u00e7ekle\u015ftirmi\u015f oldu\u011fu bir ziyaret esnas\u0131nda d\u00fcnyaya deklare etmi\u015f olmas\u0131,Kazakistan\u2019\u0131n proje a\u00e7\u0131s\u0131ndan ehemmiyeti y\u00fcksek bir \u00fclke olarak de\u011ferlendirildi\u011finig\u00f6stermektedir. \u00c7\u00fcnk\u00fc Kazakistan, Orta Asya b\u00f6lgesinde var olan en g\u00fc\u00e7l\u00fcdevletlerden biri olmakla birlikte ayn\u0131 zamanda \u00c7in\u2019in, Avrupa\u2019ya ba\u011flanmas\u0131ndastratejik g\u00fczerg\u00e2hlar \u00fczerinde yer alan bir devlettir. \u00d6zbekistan ise Orta Asyab\u00f6lgesinde zengin yer alt\u0131 kaynaklar\u0131n\u0131 ve Fergana Vadisi gibi stratejik birb\u00f6lgeyi elinde bulunduran b\u00f6lgenin bir di\u011fer g\u00fc\u00e7l\u00fc \u00fclkesidir. Proje kapsam\u0131ndade\u011ferlendirildi\u011finde ise \u00d6zbekistan, \u00c7in a\u00e7\u0131s\u0131ndan hem geli\u015fen sanayisi i\u00e7in\u00f6nemli bir enerji kayna\u011f\u0131 olarak hem de ticaretini g\u00fcvenli bir \u015fekildesa\u011flayabilmesi ve Avrupa\u2019ya ula\u015ft\u0131rabilmesi i\u00e7in stratejik a\u00e7\u0131dan \u00f6nemli bir\u00fclke konumunda yer almaktad\u0131r.  Okuyucu bu eserde Tek Ku\u015fak Tek YolProjesi\u2019ni t\u00fcm y\u00f6nleri ile birlikte neoliberalizm ve g\u00fc\u00e7 teorileri \u00fczerinden birde\u011ferlendirmesini ayn\u0131 zamanda Kazakistan ve \u00d6zbekistan\u2019\u0131n ba\u011f\u0131ms\u0131zl\u0131klar\u0131ndang\u00fcn\u00fcm\u00fcze kadar ge\u00e7en s\u00fcre zarf\u0131nda k\u00fcresel ve b\u00f6lgesel g\u00fc\u00e7lerle ili\u015fkileriniayr\u0131nt\u0131lar\u0131 ile bulacakt\u0131r. Daha sonra ise Orta Asya\u2019n\u0131n iki y\u00fckselen devletiKazakistan ve \u00d6zbekistan\u2019\u0131n Avrasya b\u00f6lgesinde hangi eksen \u00fczerindenilerlediklerine dair geni\u015f perspektiften bilgiler edinecektir.<\/p>\n","protected":false},"excerpt":{"rendered":"<p>Tek Ku\u015fak Tek Yol Projesi, \u00c7intaraf\u0131ndan t\u00fcm d\u00fcnyaya tan\u0131t\u0131lm\u0131\u015f, y\u00fczy\u0131l\u0131n en b\u00fcy\u00fck ekonomik projesi olarakkabul g\u00f6rmektedir. Proje ekonomik y\u00f6n\u00fc kadar uluslararas\u0131 dengeleride\u011fi\u015ftirecek, Rusya\u2019n\u0131n Avrasya b\u00f6lgesindeki hakim<span class=\"excerpt-hellip\"> [\u2026]<\/span><\/p>\n","protected":false},"featured_media":0,"template":"","meta":{"_monsterinsights_skip_tracking":false,"_monsterinsights_sitenote_active":false,"_monsterinsights_sitenote_note":"","_monsterinsights_sitenote_category":0},"product_brand":[],"product_cat":[12337],"product_tag":[],"class_list":{"0":"post-764052","1":"product","2":"type-product","3":"status-publish","5":"product_cat-politika-siyaset","6":"pa_cilt-ciltsiz","7":"pa_tur-kitap","8":"pa_yayinevi-astana-yayinlari","9":"pa_yazar-gokcen-gurel","11":"first","12":"instock","13":"sale","14":"shipping-taxable","15":"purchasable","16":"product-type-simple"},"_links":{"self":[{"href":"https:\/\/roveyayinevi.com.tr\/index.php\/wp-json\/wp\/v2\/product\/764052","targetHints":{"allow":["GET"]}}],"collection":[{"href":"https:\/\/roveyayinevi.com.tr\/index.php\/wp-json\/wp\/v2\/product"}],"about":[{"href":"https:\/\/roveyayinevi.com.tr\/index.php\/wp-json\/wp\/v2\/types\/product"}],"wp:attachment":[{"href":"https:\/\/roveyayinevi.com.tr\/index.php\/wp-json\/wp\/v2\/media?parent=764052"}],"wp:term":[{"taxonomy":"product_brand","embeddable":true,"href":"https:\/\/roveyayinevi.com.tr\/index.php\/wp-json\/wp\/v2\/product_brand?post=764052"},{"taxonomy":"product_cat","embeddable":true,"href":"https:\/\/roveyayinevi.com.tr\/index.php\/wp-json\/wp\/v2\/product_cat?post=764052"},{"taxonomy":"product_tag","embeddable":true,"href":"https:\/\/roveyayinevi.com.tr\/index.php\/wp-json\/wp\/v2\/product_tag?post=764052"}],"curies":[{"name":"wp","href":"https:\/\/api.w.org\/{rel}","templated":true}]}}