{"id":764050,"date":"2025-08-28T10:59:25","date_gmt":"2025-08-28T07:59:25","guid":{"rendered":"https:\/\/roveyayinevi.com.tr\/index.php\/urun\/anayasal-demokrasilerde-gorev-suresi-sinirlamasi\/"},"modified":"2026-04-15T03:29:50","modified_gmt":"2026-04-15T00:29:50","slug":"anayasal-demokrasilerde-gorev-suresi-sinirlamasi","status":"publish","type":"product","link":"https:\/\/roveyayinevi.com.tr\/index.php\/urun\/anayasal-demokrasilerde-gorev-suresi-sinirlamasi\/","title":{"rendered":"Anayasal Demokrasilerde G\u00f6rev S\u00fcresi S\u0131n\u0131rlamas\u0131"},"content":{"rendered":"<p>Bu kitap i\u00e7erisinde kamusal makamlarda se\u00e7ilmi\u015flerin ve atanm\u0131\u015flar\u0131n ne kadar s\u00fcre ile g\u00f6revde kalmalar\u0131 ve tekrar se\u00e7ilebilme \/ atanabilme hakk\u0131na sahip olup olmamalar\u0131 konusu incelenmektedir. En ba\u015fta devlet ya da h\u00fck\u00fcmet ba\u015fkanlar\u0131n\u0131n ne kadar s\u00fcre ile ve ka\u00e7 d\u00f6nem g\u00f6rev yapabilecekleri hususu \u00f6nem ta\u015f\u0131r. Bu konu literat\u00fcrde yayg\u0131n olarak \u201cd\u00f6nem s\u0131n\u0131rlamas\u0131\u201d olarak bilinir. Daha geni\u015f bir perspektiften bak\u0131ld\u0131\u011f\u0131nda g\u00f6rev s\u00fcresi s\u0131n\u0131rlamas\u0131 siyasi parti ba\u015fkanlar\u0131n\u0131n, milletvekillerinin, belediye ba\u015fkanlar\u0131n\u0131n, y\u00fcksek mahkemelerin ba\u015fkan ve \u00fcyelerinin vs. g\u00f6rev s\u00fcrelerinin anayasal kurallar ile d\u00fczenlenmesini kapsar. G\u00fcn\u00fcm\u00fczde g\u00f6rev s\u00fcresinin s\u0131n\u0131rland\u0131r\u0131lmas\u0131 uygulamas\u0131 demokrasinin temel unsurlar\u0131ndan biri olan \u201cs\u0131n\u0131rl\u0131 devlet&#8221; anlay\u0131\u015f\u0131n\u0131n gere\u011fi olarak giderek artan bir \u015fekilde kabul g\u00f6rmekte, sivil toplum ve kamuoyu deste\u011fi artmakta ve d\u00fcnya genelinde yayg\u0131nla\u015fmaktad\u0131r. \u00d6zellikle 1990\u2019l\u0131 y\u0131llar\u0131n ba\u015flar\u0131ndan itibaren d\u00fcnyada demokratikle\u015fme trendinde geriye do\u011fru bir e\u011filim olmas\u0131 bu talebi art\u0131rm\u0131\u015ft\u0131r. D\u00fcnyada siyasi rejimler haritas\u0131nda renkler de\u011fi\u015fmi\u015ftir. Liberal demokrasilerin anayasal hukuk devleti ilkelerinden (kuvvetler ayr\u0131l\u0131\u011f\u0131, ba\u011f\u0131ms\u0131zl\u0131k, \u015feffafl\u0131k, hesap verme sorumlulu\u011fu vs.) uzakla\u015fmas\u0131 neticesinde d\u00fcnyan\u0131n bir \u00e7ok b\u00f6lgesinde se\u00e7ime dayal\u0131 patolojik demokrasi e\u011filimleri h\u0131z kazanm\u0131\u015ft\u0131r. Demokrasilerin ilk a\u015famada \u201canokrasi\u201dye (\u0131l\u0131ml\u0131 otokrasi) ve daha sonra da se\u00e7ime dayal\u0131 kat\u0131 bir otoriterle\u015fme (otokratik demokrasi) s\u00fcrecine do\u011fru evrilmesi g\u00f6rev s\u00fcresi s\u0131n\u0131rlamas\u0131n\u0131 demokrasinin ana g\u00fcndem maddelerinden biri haline getirmi\u015ftir.<\/p>\n","protected":false},"excerpt":{"rendered":"<p>Bu kitap i\u00e7erisinde kamusal makamlarda se\u00e7ilmi\u015flerin ve atanm\u0131\u015flar\u0131n ne kadar s\u00fcre ile g\u00f6revde kalmalar\u0131 ve tekrar se\u00e7ilebilme \/ atanabilme hakk\u0131na sahip olup olmamalar\u0131 konusu incelenmektedir. En<span class=\"excerpt-hellip\"> [\u2026]<\/span><\/p>\n","protected":false},"featured_media":0,"template":"","meta":{"_monsterinsights_skip_tracking":false,"_monsterinsights_sitenote_active":false,"_monsterinsights_sitenote_note":"","_monsterinsights_sitenote_category":0},"product_brand":[],"product_cat":[13059,12337],"product_tag":[],"class_list":{"0":"post-764050","1":"product","2":"type-product","3":"status-publish","5":"product_cat-diger-politika-siyaset","6":"product_cat-politika-siyaset","7":"pa_cilt-ciltsiz","8":"pa_tur-kitap","9":"pa_yayinevi-astana-yayinlari","10":"pa_yazar-coskun-can-aktan-ve-ahmet-ekinci","12":"first","13":"instock","14":"sale","15":"shipping-taxable","16":"purchasable","17":"product-type-simple"},"_links":{"self":[{"href":"https:\/\/roveyayinevi.com.tr\/index.php\/wp-json\/wp\/v2\/product\/764050","targetHints":{"allow":["GET"]}}],"collection":[{"href":"https:\/\/roveyayinevi.com.tr\/index.php\/wp-json\/wp\/v2\/product"}],"about":[{"href":"https:\/\/roveyayinevi.com.tr\/index.php\/wp-json\/wp\/v2\/types\/product"}],"wp:attachment":[{"href":"https:\/\/roveyayinevi.com.tr\/index.php\/wp-json\/wp\/v2\/media?parent=764050"}],"wp:term":[{"taxonomy":"product_brand","embeddable":true,"href":"https:\/\/roveyayinevi.com.tr\/index.php\/wp-json\/wp\/v2\/product_brand?post=764050"},{"taxonomy":"product_cat","embeddable":true,"href":"https:\/\/roveyayinevi.com.tr\/index.php\/wp-json\/wp\/v2\/product_cat?post=764050"},{"taxonomy":"product_tag","embeddable":true,"href":"https:\/\/roveyayinevi.com.tr\/index.php\/wp-json\/wp\/v2\/product_tag?post=764050"}],"curies":[{"name":"wp","href":"https:\/\/api.w.org\/{rel}","templated":true}]}}