{"id":764049,"date":"2025-08-28T10:59:23","date_gmt":"2025-08-28T07:59:23","guid":{"rendered":"https:\/\/roveyayinevi.com.tr\/index.php\/urun\/durmus-hocaoglu-ve-modernlesme\/"},"modified":"2026-04-15T03:29:50","modified_gmt":"2026-04-15T00:29:50","slug":"durmus-hocaoglu-ve-modernlesme","status":"publish","type":"product","link":"https:\/\/roveyayinevi.com.tr\/index.php\/urun\/durmus-hocaoglu-ve-modernlesme\/","title":{"rendered":"Durmu\u015f Hocao\u011flu ve Modernle\u015fme"},"content":{"rendered":"<p>Durmu\u015fHocao\u011flu m\u00fchendis bak\u0131\u015f a\u00e7\u0131s\u0131na ve felsef\u00ee birikime sahip \u00e7ok y\u00f6nl\u00fc bir ayd\u0131nd\u0131r.\u0130ki as\u0131rdan beri T\u00fcrk d\u00fc\u015f\u00fcnce hayat\u0131nda g\u00fcncelli\u011fini koruyan, b\u00fct\u00fcn sorunlar\u0131ngelip d\u00fc\u011f\u00fcmlendi\u011fi modernle\u015fmeye dair ayr\u0131nt\u0131l\u0131 tespit ve teklifleri vard\u0131r. Hocao\u011flumodernle\u015fmenin tarihsel seyrini ve bu alandaki zengin d\u00fc\u015f\u00fcnsel birikimide\u011ferlendirerek sistemli bir y\u00f6ntem sunar. Bat\u0131l\u0131la\u015fma, laiklik, d\u00fcnyevile\u015fmegibi kavramlara getirdi\u011fi a\u00e7\u0131klamalarda y\u00f6nteminin \u00e7arp\u0131c\u0131 \u00f6zg\u00fcnl\u00fc\u011f\u00fcn\u00fc de netbir \u015fekilde g\u00f6rmek m\u00fcmk\u00fcn. Bukitapta Durmu\u015f Hocao\u011flu\u2019nun modernle\u015fmeye dair g\u00f6r\u00fc\u015fleri yorumlan\u0131yor.Modernle\u015fmenin Bat\u0131\u2019daki anlam\u0131 nedir? T\u00fcrkiye\u2019de nas\u0131l bir bi\u00e7im alm\u0131\u015ft\u0131r?T\u00fcrkiye i\u00e7in hedeflerimiz ne y\u00f6nde olmal\u0131d\u0131r? Hocao\u011flu t\u00fcm bu sorulara cevapararken felsefeyle aram\u0131zdaki mesafeyi de sorgulat\u0131yor. Zihin a\u00e7\u0131c\u0131 ve yolg\u00f6sterici fikirleriyle modernle\u015fmenin \u00e7etrefilli do\u011fas\u0131na \u0131\u015f\u0131k tutan Durmu\u015fHocao\u011flu, ge\u00e7mi\u015fin muhasebesini yap\u0131p gelece\u011fi in\u015fa ediyor.<\/p>\n","protected":false},"excerpt":{"rendered":"<p>Durmu\u015fHocao\u011flu m\u00fchendis bak\u0131\u015f a\u00e7\u0131s\u0131na ve felsef\u00ee birikime sahip \u00e7ok y\u00f6nl\u00fc bir ayd\u0131nd\u0131r.\u0130ki as\u0131rdan beri T\u00fcrk d\u00fc\u015f\u00fcnce hayat\u0131nda g\u00fcncelli\u011fini koruyan, b\u00fct\u00fcn sorunlar\u0131ngelip d\u00fc\u011f\u00fcmlendi\u011fi modernle\u015fmeye dair ayr\u0131nt\u0131l\u0131 tespit<span class=\"excerpt-hellip\"> [\u2026]<\/span><\/p>\n","protected":false},"featured_media":0,"template":"","meta":{"_monsterinsights_skip_tracking":false,"_monsterinsights_sitenote_active":false,"_monsterinsights_sitenote_note":"","_monsterinsights_sitenote_category":0},"product_brand":[],"product_cat":[12388],"product_tag":[],"class_list":{"0":"post-764049","1":"product","2":"type-product","3":"status-publish","5":"product_cat-felsefe","6":"pa_cilt-ciltsiz","7":"pa_tur-kitap","8":"pa_yayinevi-astana-yayinlari","9":"pa_yazar-rabia-macit","11":"first","12":"instock","13":"sale","14":"shipping-taxable","15":"purchasable","16":"product-type-simple"},"_links":{"self":[{"href":"https:\/\/roveyayinevi.com.tr\/index.php\/wp-json\/wp\/v2\/product\/764049","targetHints":{"allow":["GET"]}}],"collection":[{"href":"https:\/\/roveyayinevi.com.tr\/index.php\/wp-json\/wp\/v2\/product"}],"about":[{"href":"https:\/\/roveyayinevi.com.tr\/index.php\/wp-json\/wp\/v2\/types\/product"}],"wp:attachment":[{"href":"https:\/\/roveyayinevi.com.tr\/index.php\/wp-json\/wp\/v2\/media?parent=764049"}],"wp:term":[{"taxonomy":"product_brand","embeddable":true,"href":"https:\/\/roveyayinevi.com.tr\/index.php\/wp-json\/wp\/v2\/product_brand?post=764049"},{"taxonomy":"product_cat","embeddable":true,"href":"https:\/\/roveyayinevi.com.tr\/index.php\/wp-json\/wp\/v2\/product_cat?post=764049"},{"taxonomy":"product_tag","embeddable":true,"href":"https:\/\/roveyayinevi.com.tr\/index.php\/wp-json\/wp\/v2\/product_tag?post=764049"}],"curies":[{"name":"wp","href":"https:\/\/api.w.org\/{rel}","templated":true}]}}