{"id":764048,"date":"2025-08-28T10:59:22","date_gmt":"2025-08-28T07:59:22","guid":{"rendered":"https:\/\/roveyayinevi.com.tr\/index.php\/urun\/istibdat-otekilestirilenlerin-tarihi\/"},"modified":"2026-04-15T03:29:50","modified_gmt":"2026-04-15T00:29:50","slug":"istibdat-otekilestirilenlerin-tarihi","status":"publish","type":"product","link":"https:\/\/roveyayinevi.com.tr\/index.php\/urun\/istibdat-otekilestirilenlerin-tarihi\/","title":{"rendered":"\u0130stibdat &#8211; \u00d6tekile\u015ftirilenlerin Tarihi"},"content":{"rendered":"<p>\u0130slam akl\u0131 olan varl\u0131klar\u0131 muhatap al\u0131r, iradelerine sayg\u0131 duyar ve onlara se\u00e7me h\u00fcrriyeti tan\u0131r. Yine dinimiz \u0130slam\u2019a g\u00f6re, en \u00fcst de\u011fer dindir. \u00d6yle olmakla birlikte Allah en \u00fcst de\u011fer olan dini tercih konusunda insanlar\u0131 \u00f6zg\u00fcr b\u0131rakarak onlar\u0131n iradelerine zincir vurmam\u0131\u015ft\u0131r. Bu ba\u011flamda insan h\u00fcr iradesi ile inan\u0131r ya da inanmaz. En \u00fcst de\u011fer olan dini tercih konusunda \u00f6zg\u00fcr b\u0131rak\u0131lan insan\u0131n, d\u00fcnyev\u00ee siyasi tercihlerinde bask\u0131ya maruz kalmas\u0131 ve se\u00e7me h\u00fcrriyetinin elinden al\u0131nmas\u0131n\u0131 dini bir temele dayand\u0131r\u0131lmamaz. N\u00fcb\u00fcvvet sonras\u0131 sahabe, ilk siyasi deneyiminde halk\u0131n iradesini dikkate alm\u0131\u015ft\u0131r. \u00d6zellikle ilk d\u00f6rt halife kendi d\u00f6nemlerinin imkanlar\u0131 i\u00e7erisinde siyasi sorumluluk y\u00fcklenmek i\u00e7in halk\u0131n onay\u0131n\u0131 \u015fart ko\u015fmu\u015flard\u0131r. Bununla da yetinmeyip halife olmalar\u0131 sebebiyle hatas\u0131z, kusursuz insanlar olduklar\u0131n\u0131 asla iddia etmemi\u015fler, hataya a\u00e7\u0131k varl\u0131klar olduklar\u0131n\u0131 izhar ederek y\u00f6netimde halktan yard\u0131m istemi\u015flerdir. Hz. Ebu Bekir halk\u0131n onay\u0131n\u0131 ald\u0131ktan sonra te\u015fekk\u00fcr konu\u015fmas\u0131 yapmak i\u00e7in k\u00fcrs\u00fcye \u00e7\u0131kt\u0131\u011f\u0131nda hata yaparsam beni uyar\u0131n ve bana nasihat edin diyerek halktan yard\u0131m talep etmi\u015ftir. Ancak daha sonra \u00fcmmetin liderli\u011fini k\u0131l\u0131\u00e7la ele ge\u00e7irenler halktan onay almak bir yana \u201cAllah\u2019tan kork\u201d diyenlerin bile kafalar\u0131n\u0131n omuzlarda kalmas\u0131na izin vermemi\u015flerdir. \u00dcmmetin hayat\u0131nda g\u00f6r\u00fclen bu geriye gidi\u015fe kar\u015f\u0131 \u00e7akanlar, akla hayale gelmeyen bask\u0131lara maruz kalm\u0131\u015flard\u0131r. Yazar, \u00f6tekile\u015ftirilen bir toplulu\u011fun hazin hikayesini anlat\u0131rken; onlar\u0131n penceresinden alternatif bir tarih alg\u0131s\u0131n\u0131 da ortaya koymaktad\u0131r. Okuyucu bu eseri bitirdi\u011finde, ad\u0131m ad\u0131m \u00fcmmetin siyasi bilincinin nas\u0131l yok edildi\u011fini m\u00fc\u015fahede etmi\u015f olacakt\u0131r.<\/p>\n","protected":false},"excerpt":{"rendered":"<p>\u0130slam akl\u0131 olan varl\u0131klar\u0131 muhatap al\u0131r, iradelerine sayg\u0131 duyar ve onlara se\u00e7me h\u00fcrriyeti tan\u0131r. Yine dinimiz \u0130slam\u2019a g\u00f6re, en \u00fcst de\u011fer dindir. \u00d6yle olmakla birlikte Allah<span class=\"excerpt-hellip\"> [\u2026]<\/span><\/p>\n","protected":false},"featured_media":0,"template":"","meta":{"_monsterinsights_skip_tracking":false,"_monsterinsights_sitenote_active":false,"_monsterinsights_sitenote_note":"","_monsterinsights_sitenote_category":0},"product_brand":[],"product_cat":[13036,12718,12719],"product_tag":[],"class_list":{"0":"post-764048","1":"product","2":"type-product","3":"status-publish","5":"product_cat-arastirma-inceleme-islam","6":"product_cat-din","7":"product_cat-islam","8":"pa_cilt-ciltsiz","9":"pa_tur-kitap","10":"pa_yayinevi-astana-yayinlari","11":"pa_yazar-ahmed-b-hamed-el-halili","13":"first","14":"instock","15":"sale","16":"shipping-taxable","17":"purchasable","18":"product-type-simple"},"_links":{"self":[{"href":"https:\/\/roveyayinevi.com.tr\/index.php\/wp-json\/wp\/v2\/product\/764048","targetHints":{"allow":["GET"]}}],"collection":[{"href":"https:\/\/roveyayinevi.com.tr\/index.php\/wp-json\/wp\/v2\/product"}],"about":[{"href":"https:\/\/roveyayinevi.com.tr\/index.php\/wp-json\/wp\/v2\/types\/product"}],"wp:attachment":[{"href":"https:\/\/roveyayinevi.com.tr\/index.php\/wp-json\/wp\/v2\/media?parent=764048"}],"wp:term":[{"taxonomy":"product_brand","embeddable":true,"href":"https:\/\/roveyayinevi.com.tr\/index.php\/wp-json\/wp\/v2\/product_brand?post=764048"},{"taxonomy":"product_cat","embeddable":true,"href":"https:\/\/roveyayinevi.com.tr\/index.php\/wp-json\/wp\/v2\/product_cat?post=764048"},{"taxonomy":"product_tag","embeddable":true,"href":"https:\/\/roveyayinevi.com.tr\/index.php\/wp-json\/wp\/v2\/product_tag?post=764048"}],"curies":[{"name":"wp","href":"https:\/\/api.w.org\/{rel}","templated":true}]}}