{"id":764047,"date":"2025-08-28T10:59:21","date_gmt":"2025-08-28T07:59:21","guid":{"rendered":"https:\/\/roveyayinevi.com.tr\/index.php\/urun\/kendi-kaynaklarindan-ibaziyye\/"},"modified":"2026-04-15T03:29:50","modified_gmt":"2026-04-15T00:29:50","slug":"kendi-kaynaklarindan-ibaziyye","status":"publish","type":"product","link":"https:\/\/roveyayinevi.com.tr\/index.php\/urun\/kendi-kaynaklarindan-ibaziyye\/","title":{"rendered":"Kendi Kaynaklar\u0131ndan \u0130baziyye"},"content":{"rendered":"<p>\u0130b\u00e2ziyye \u0130slam tarihinin erken d\u00f6neminde cereyan eden siyasi olaylarda \u00f6nemli rol \u00fcstlenmesine ra\u011fmen gerek \u00fclkemizde gerekse di\u011fer \u0130slam \u00fclkelerinde gerekli akademik ilgiye mazhar olamam\u0131\u015ft\u0131r. \u00dclkemizde yap\u0131lan \u0130b\u00e2zilik \u00e7al\u0131\u015fmalar\u0131na bak\u0131ld\u0131\u011f\u0131nda onun klasik mezhepler tarihi kaynaklar\u0131nda oldu\u011fu gibi Hav\u00e2ric\u2019in bir alt f\u0131rkas\u0131 ba\u011flam\u0131nda ele al\u0131nd\u0131\u011f\u0131 g\u00f6r\u00fclecektir. Temelde Haric\u00eeli\u011fi merkeze alan bu \u00e7al\u0131\u015fmalarda \u0130bazilik k\u00fc\u00e7\u00fck bir ayr\u0131nt\u0131 olarak ele al\u0131nd\u0131\u011f\u0131ndan f\u0131rkan\u0131n \u00f6zg\u00fcn dini-siyasi g\u00f6r\u00fc\u015fleri ve \u0130slam tarihinde oyna\u011f\u0131 tarihi rol yeterince a\u00e7\u0131kl\u0131\u011fa kavu\u015fturulamam\u0131\u015ft\u0131r. \u0130bazilik ad\u0131na s\u00f6ylenebilecek bir di\u011fer olumsuz yakla\u015f\u0131m da f\u0131rkan\u0131n kendi kaynaklar\u0131 yerine daha \u00e7ok muhalif kaynaklar \u00fczerinden anlat\u0131lmas\u0131d\u0131r. Muhalif kaynaklar\u0131n \u0130b\u00e2ziyye f\u0131rkas\u0131n\u0131 Hav\u00e2ric ile \u00f6zde\u015f k\u0131lan yakla\u015f\u0131mlar\u0131n\u0131n f\u0131rka hakk\u0131nda son derece olumsuz d\u00fc\u015f\u00fcncelerin geli\u015fmesine neden oldu\u011fu s\u00f6ylenebilir. Bu \u00e7al\u0131\u015fma \u0130bazi kaynaklar temel al\u0131narak haz\u0131rlanm\u0131\u015ft\u0131r. Okuyucu \u0130b\u00e2zili\u011fi kendi \u00f6zg\u00fcn kaynaklar\u0131nda okuma imkan\u0131 bulacakt\u0131r.<\/p>\n","protected":false},"excerpt":{"rendered":"<p>\u0130b\u00e2ziyye \u0130slam tarihinin erken d\u00f6neminde cereyan eden siyasi olaylarda \u00f6nemli rol \u00fcstlenmesine ra\u011fmen gerek \u00fclkemizde gerekse di\u011fer \u0130slam \u00fclkelerinde gerekli akademik ilgiye mazhar olamam\u0131\u015ft\u0131r. \u00dclkemizde yap\u0131lan<span class=\"excerpt-hellip\"> [\u2026]<\/span><\/p>\n","protected":false},"featured_media":0,"template":"","meta":{"_monsterinsights_skip_tracking":false,"_monsterinsights_sitenote_active":false,"_monsterinsights_sitenote_note":"","_monsterinsights_sitenote_category":0},"product_brand":[],"product_cat":[12718,12719],"product_tag":[],"class_list":{"0":"post-764047","1":"product","2":"type-product","3":"status-publish","5":"product_cat-din","6":"product_cat-islam","7":"pa_cilt-ciltsiz","8":"pa_tur-kitap","9":"pa_yayinevi-astana-yayinlari","10":"pa_yazar-doc-dr-orhan-ates","12":"first","13":"instock","14":"sale","15":"shipping-taxable","16":"purchasable","17":"product-type-simple"},"_links":{"self":[{"href":"https:\/\/roveyayinevi.com.tr\/index.php\/wp-json\/wp\/v2\/product\/764047","targetHints":{"allow":["GET"]}}],"collection":[{"href":"https:\/\/roveyayinevi.com.tr\/index.php\/wp-json\/wp\/v2\/product"}],"about":[{"href":"https:\/\/roveyayinevi.com.tr\/index.php\/wp-json\/wp\/v2\/types\/product"}],"wp:attachment":[{"href":"https:\/\/roveyayinevi.com.tr\/index.php\/wp-json\/wp\/v2\/media?parent=764047"}],"wp:term":[{"taxonomy":"product_brand","embeddable":true,"href":"https:\/\/roveyayinevi.com.tr\/index.php\/wp-json\/wp\/v2\/product_brand?post=764047"},{"taxonomy":"product_cat","embeddable":true,"href":"https:\/\/roveyayinevi.com.tr\/index.php\/wp-json\/wp\/v2\/product_cat?post=764047"},{"taxonomy":"product_tag","embeddable":true,"href":"https:\/\/roveyayinevi.com.tr\/index.php\/wp-json\/wp\/v2\/product_tag?post=764047"}],"curies":[{"name":"wp","href":"https:\/\/api.w.org\/{rel}","templated":true}]}}