{"id":764046,"date":"2025-08-28T10:59:20","date_gmt":"2025-08-28T07:59:20","guid":{"rendered":"https:\/\/roveyayinevi.com.tr\/index.php\/urun\/ibazilik-arastirmalari\/"},"modified":"2026-04-15T03:29:50","modified_gmt":"2026-04-15T00:29:50","slug":"ibazilik-arastirmalari","status":"publish","type":"product","link":"https:\/\/roveyayinevi.com.tr\/index.php\/urun\/ibazilik-arastirmalari\/","title":{"rendered":"\u0130bazilik Ara\u015ft\u0131rmalar\u0131"},"content":{"rendered":"<p>Mezhepler, en \u00f6z anlamda \u201cdin anlay\u0131\u015f\u0131ndaki farkl\u0131l\u0131klar\u0131n kurumsalla\u015fmas\u0131 sonucu ortaya \u00e7\u0131kan be\u015feri yap\u0131lar\u201d olarak tarif edildi\u011finde mezheplerin din ile \u00f6zde\u015f yap\u0131lar olmad\u0131\u011f\u0131, be\u015fer\u00ee oldu\u011fu, olu\u015fumunu tamamlad\u0131\u011f\u0131 s\u00fcre\u00e7le ve sosyal yap\u0131 ile yo\u011fun bir etkile\u015fim i\u00e7erisinde oldu\u011fu anla\u015f\u0131lacakt\u0131r. \u0130slam tarihi tetkik edildi\u011finde mezhepleri, herhangi bir dinin anla\u015f\u0131lma bi\u00e7imleri olarak ele almak yerine onu din ile \u00f6zde\u015f k\u0131lan yakla\u015f\u0131mlar\u0131n ilgili din mensuplar\u0131 aras\u0131ndaki sosyal bar\u0131\u015f\u0131 bozmaktan ve ayn\u0131 din \u00e7at\u0131s\u0131 alt\u0131nda birle\u015fen insanlar aras\u0131nda tefrika ve tenaf\u00fcr olu\u015fturmaktan \u00f6te ba\u015fka bir etki yapmad\u0131klar\u0131n\u0131 s\u00f6yleyebiliriz. Mezhep, insanl\u0131k tarihinin bir ger\u00e7e\u011fidir ve sadece \u0130slam dinine has bir olgu de\u011fildir. Gerek ilah\u00ee gerekse be\u015fer\u00ee her d\u00fc\u015f\u00fcncenin, ikinci ve \u00fc\u00e7\u00fcnc\u00fc \u015fah\u0131slara ula\u015ft\u0131\u011f\u0131 andan itibaren yeni bir yoruma ve yeni bir tan\u0131mlamaya maruz kalmas\u0131 ka\u00e7\u0131n\u0131lmazd\u0131r. Din ile ilgili yap\u0131lan ve benimsenen yeni yorumlar ayn\u0131 zamanda o dinin ula\u015ft\u0131\u011f\u0131 topluluk i\u00e7erisinde tutunmas\u0131na vesile olur. \u0130b\u00e2zilik \u0130slam d\u00fc\u015f\u00fcnce tarihinde kurumsalla\u015fan ilk f\u0131rkalardan birisidir. Ancak \u00dclkemizde \u0130b\u00e2zilik hakk\u0131nda yap\u0131lan ara\u015ft\u0131rmalar hen\u00fcz istenilen seviyeye gelmemi\u015ftir. \u00d6zellikle \u0130b\u00e2ziyye\u2019nin Kuzey Afrika boyutuyla ilgili yeni ara\u015ft\u0131rmalara ihtiya\u00e7 vard\u0131r. \u00c7evirisini yapt\u0131\u011f\u0131m\u0131z Dr. Hal\u00eefe en N\u00e2m\u00ee taraf\u0131ndan haz\u0131rlanan \u0130b\u00e2zilik ile ilgili doktora tezinin bu alana ciddi katk\u0131lar yapaca\u011f\u0131 kanaatindeyiz.<\/p>\n","protected":false},"excerpt":{"rendered":"<p>Mezhepler, en \u00f6z anlamda \u201cdin anlay\u0131\u015f\u0131ndaki farkl\u0131l\u0131klar\u0131n kurumsalla\u015fmas\u0131 sonucu ortaya \u00e7\u0131kan be\u015feri yap\u0131lar\u201d olarak tarif edildi\u011finde mezheplerin din ile \u00f6zde\u015f yap\u0131lar olmad\u0131\u011f\u0131, be\u015fer\u00ee oldu\u011fu, olu\u015fumunu tamamlad\u0131\u011f\u0131<span class=\"excerpt-hellip\"> [\u2026]<\/span><\/p>\n","protected":false},"featured_media":0,"template":"","meta":{"_monsterinsights_skip_tracking":false,"_monsterinsights_sitenote_active":false,"_monsterinsights_sitenote_note":"","_monsterinsights_sitenote_category":0},"product_brand":[],"product_cat":[12718,12719,15238],"product_tag":[],"class_list":{"0":"post-764046","1":"product","2":"type-product","3":"status-publish","5":"product_cat-din","6":"product_cat-islam","7":"product_cat-tasavvuf","8":"pa_cilt-ciltsiz","9":"pa_tur-kitap","10":"pa_yayinevi-astana-yayinlari","11":"pa_yazar-amr-halife-en-nami","13":"first","14":"instock","15":"sale","16":"shipping-taxable","17":"purchasable","18":"product-type-simple"},"_links":{"self":[{"href":"https:\/\/roveyayinevi.com.tr\/index.php\/wp-json\/wp\/v2\/product\/764046","targetHints":{"allow":["GET"]}}],"collection":[{"href":"https:\/\/roveyayinevi.com.tr\/index.php\/wp-json\/wp\/v2\/product"}],"about":[{"href":"https:\/\/roveyayinevi.com.tr\/index.php\/wp-json\/wp\/v2\/types\/product"}],"wp:attachment":[{"href":"https:\/\/roveyayinevi.com.tr\/index.php\/wp-json\/wp\/v2\/media?parent=764046"}],"wp:term":[{"taxonomy":"product_brand","embeddable":true,"href":"https:\/\/roveyayinevi.com.tr\/index.php\/wp-json\/wp\/v2\/product_brand?post=764046"},{"taxonomy":"product_cat","embeddable":true,"href":"https:\/\/roveyayinevi.com.tr\/index.php\/wp-json\/wp\/v2\/product_cat?post=764046"},{"taxonomy":"product_tag","embeddable":true,"href":"https:\/\/roveyayinevi.com.tr\/index.php\/wp-json\/wp\/v2\/product_tag?post=764046"}],"curies":[{"name":"wp","href":"https:\/\/api.w.org\/{rel}","templated":true}]}}