{"id":764045,"date":"2025-08-28T10:59:18","date_gmt":"2025-08-28T07:59:18","guid":{"rendered":"https:\/\/roveyayinevi.com.tr\/index.php\/urun\/ibazi-mezhebinde-iletisimsel-dusunce\/"},"modified":"2026-04-15T03:29:50","modified_gmt":"2026-04-15T00:29:50","slug":"ibazi-mezhebinde-iletisimsel-dusunce","status":"publish","type":"product","link":"https:\/\/roveyayinevi.com.tr\/index.php\/urun\/ibazi-mezhebinde-iletisimsel-dusunce\/","title":{"rendered":"\u0130bazi Mezhebinde \u0130leti\u015fimsel D\u00fc\u015f\u00fcnce"},"content":{"rendered":"<p>Mezhebin kurucusu Cabir b. Zeyd\u2019in karakteri, \u0130b\u00e2z\u00ee mezhebi ile di\u011fer s\u00fcnn\u00ee mezhepler (Hanef\u00ee, Malik\u00ee, \u015eafi\u00ee, Hanbel\u00ee) aras\u0131nda bir ba\u011flant\u0131 ve benzerlik noktas\u0131n\u0131 temsil etti. Bunun iki \u00f6nemli nedeni vard\u0131r. Bunlardan birincisi \u015fudur: \u0130b\u00e2z\u00ee mezhebi, Kur&#8217;\u00e2n ile S\u00fcnnet esaslar\u0131na ve ho\u015fg\u00f6r\u00fcye dayal\u0131 olarak kurulmu\u015ftur. \u00d6te yandan us\u00fbl (temel ve k\u00fcll\u00ee meseleler) ve fur\u00fb\u2019 (temelin uzant\u0131s\u0131\/dal\u0131 olan c\u00fcz\u00ee meseleler) gibi meselelerin \u00e7o\u011funda di\u011fer ehl-i s\u00fcnnet mezhepleriyle uyum halindedir.<\/p>\n","protected":false},"excerpt":{"rendered":"<p>Mezhebin kurucusu Cabir b. Zeyd\u2019in karakteri, \u0130b\u00e2z\u00ee mezhebi ile di\u011fer s\u00fcnn\u00ee mezhepler (Hanef\u00ee, Malik\u00ee, \u015eafi\u00ee, Hanbel\u00ee) aras\u0131nda bir ba\u011flant\u0131 ve benzerlik noktas\u0131n\u0131 temsil etti. Bunun iki<span class=\"excerpt-hellip\"> [\u2026]<\/span><\/p>\n","protected":false},"featured_media":0,"template":"","meta":{"_monsterinsights_skip_tracking":false,"_monsterinsights_sitenote_active":false,"_monsterinsights_sitenote_note":"","_monsterinsights_sitenote_category":0},"product_brand":[],"product_cat":[12718,12719,15238],"product_tag":[],"class_list":{"0":"post-764045","1":"product","2":"type-product","3":"status-publish","5":"product_cat-din","6":"product_cat-islam","7":"product_cat-tasavvuf","8":"pa_cilt-ciltsiz","9":"pa_tur-kitap","10":"pa_yayinevi-astana-yayinlari","11":"pa_yazar-dr-nasir-b-ali-b-salim-en-neddabi","13":"first","14":"instock","15":"sale","16":"shipping-taxable","17":"purchasable","18":"product-type-simple"},"_links":{"self":[{"href":"https:\/\/roveyayinevi.com.tr\/index.php\/wp-json\/wp\/v2\/product\/764045","targetHints":{"allow":["GET"]}}],"collection":[{"href":"https:\/\/roveyayinevi.com.tr\/index.php\/wp-json\/wp\/v2\/product"}],"about":[{"href":"https:\/\/roveyayinevi.com.tr\/index.php\/wp-json\/wp\/v2\/types\/product"}],"wp:attachment":[{"href":"https:\/\/roveyayinevi.com.tr\/index.php\/wp-json\/wp\/v2\/media?parent=764045"}],"wp:term":[{"taxonomy":"product_brand","embeddable":true,"href":"https:\/\/roveyayinevi.com.tr\/index.php\/wp-json\/wp\/v2\/product_brand?post=764045"},{"taxonomy":"product_cat","embeddable":true,"href":"https:\/\/roveyayinevi.com.tr\/index.php\/wp-json\/wp\/v2\/product_cat?post=764045"},{"taxonomy":"product_tag","embeddable":true,"href":"https:\/\/roveyayinevi.com.tr\/index.php\/wp-json\/wp\/v2\/product_tag?post=764045"}],"curies":[{"name":"wp","href":"https:\/\/api.w.org\/{rel}","templated":true}]}}