{"id":764044,"date":"2025-08-28T10:59:17","date_gmt":"2025-08-28T07:59:17","guid":{"rendered":"https:\/\/roveyayinevi.com.tr\/index.php\/urun\/ibazi-fikhi-kitabul-vadmuhtasar-fil-usul-vel-fikih\/"},"modified":"2026-04-15T03:29:50","modified_gmt":"2026-04-15T00:29:50","slug":"ibazi-fikhi-kitabul-vadmuhtasar-fil-usul-vel-fikih","status":"publish","type":"product","link":"https:\/\/roveyayinevi.com.tr\/index.php\/urun\/ibazi-fikhi-kitabul-vadmuhtasar-fil-usul-vel-fikih\/","title":{"rendered":"\u0130bazi F\u0131khi (Kitabu&#8217;l-Vad&#8217;Muhtasar Fi&#8217;l-Us\u00fcl Ve&#8217;l-F\u0131k\u0131h)"},"content":{"rendered":"<p>Cen\u00e2v\u00fcn\u00ee\u2019nin hemen b\u00fct\u00fcn eserlerinde g\u00f6r\u00fclen, d\u00f6neminin insan\u0131n\u0131n ihtiya\u00e7lar\u0131n\u0131 kar\u015f\u0131lama gayesine y\u00f6nelik bir ihtisar ve \u00eec\u00e2z \u00f6zelli\u011fi bu eserinde de s\u00f6z konusudur. Esasen, eserin ilk k\u0131sm\u0131n\u0131n akaide ili\u015fkin olmas\u0131n\u0131n yan\u0131 s\u0131ra, her b\u00f6l\u00fcm\u00fcn ba\u015f\u0131na ter\u011fib ve terhib hadisleri koymas\u0131, eserin bir fetva kitab\u0131 olman\u0131n \u00f6tesinde evleviyetli olarak iyi kurgulanm\u0131\u015f, itikat, ibadet ve \u2013k\u0131smen de olsa- ahl\u00e2k\u0131 ihtiva eden bir ilmih\u00e2l h\u00fcviyetinde oldu\u011funun g\u00f6stergesidir. Daha \u00f6nce ba\u015flang\u0131\u00e7 seviyesinde \u201cel kitaplar\u0131\u201d ortaya koyma amac\u0131yla telifine ba\u015flanan, ancak sonu\u00e7ta hacimli ve teknik eserlere d\u00f6n\u00fc\u015fen mecmualar\u0131n hedefini bu anlamda Cen\u00e2v\u00fcn\u00ee\u2019nin ger\u00e7ekle\u015ftirdi\u011fi s\u00f6ylenebilecektir. Cen\u00e2v\u00fcn\u00ee\u2019nin Kit\u00e2b\u00fc\u2019l-Vaz\u2018\u2019\u0131, s\u00f6z konusu eserler gibi sadece f\u0131kh\u00ee meselelere hasredilmeyip, \u00f6nemli ve etkili bir itikat b\u00f6l\u00fcm\u00fc ihtiva etmesiyle yine onlardan ayr\u0131\u015f\u0131r. Bir di\u011fer m\u00fcmeyyiz vasf\u0131 da mezk\u00fbr eserler farkl\u0131 \u00e2limlerin kolektif bir \u00fcr\u00fcn\u00fc iken, Kit\u00e2b\u00fc\u2019l-Vaz\u2018\u2019\u0131n tek m\u00fcellifin elinden \u00e7\u0131km\u0131\u015f olmas\u0131d\u0131r.<\/p>\n","protected":false},"excerpt":{"rendered":"<p>Cen\u00e2v\u00fcn\u00ee\u2019nin hemen b\u00fct\u00fcn eserlerinde g\u00f6r\u00fclen, d\u00f6neminin insan\u0131n\u0131n ihtiya\u00e7lar\u0131n\u0131 kar\u015f\u0131lama gayesine y\u00f6nelik bir ihtisar ve \u00eec\u00e2z \u00f6zelli\u011fi bu eserinde de s\u00f6z konusudur. Esasen, eserin ilk k\u0131sm\u0131n\u0131n akaide<span class=\"excerpt-hellip\"> [\u2026]<\/span><\/p>\n","protected":false},"featured_media":0,"template":"","meta":{"_monsterinsights_skip_tracking":false,"_monsterinsights_sitenote_active":false,"_monsterinsights_sitenote_note":"","_monsterinsights_sitenote_category":0},"product_brand":[],"product_cat":[12718,12719],"product_tag":[],"class_list":{"0":"post-764044","1":"product","2":"type-product","3":"status-publish","5":"product_cat-din","6":"product_cat-islam","7":"pa_cilt-ciltsiz","8":"pa_tur-kitap","9":"pa_yayinevi-astana-yayinlari","10":"pa_yazar-ebu-zekeriyya-yahya-b-el-hayr-b-ebil-hayr-el-cennavuni","12":"first","13":"instock","14":"sale","15":"shipping-taxable","16":"purchasable","17":"product-type-simple"},"_links":{"self":[{"href":"https:\/\/roveyayinevi.com.tr\/index.php\/wp-json\/wp\/v2\/product\/764044","targetHints":{"allow":["GET"]}}],"collection":[{"href":"https:\/\/roveyayinevi.com.tr\/index.php\/wp-json\/wp\/v2\/product"}],"about":[{"href":"https:\/\/roveyayinevi.com.tr\/index.php\/wp-json\/wp\/v2\/types\/product"}],"wp:attachment":[{"href":"https:\/\/roveyayinevi.com.tr\/index.php\/wp-json\/wp\/v2\/media?parent=764044"}],"wp:term":[{"taxonomy":"product_brand","embeddable":true,"href":"https:\/\/roveyayinevi.com.tr\/index.php\/wp-json\/wp\/v2\/product_brand?post=764044"},{"taxonomy":"product_cat","embeddable":true,"href":"https:\/\/roveyayinevi.com.tr\/index.php\/wp-json\/wp\/v2\/product_cat?post=764044"},{"taxonomy":"product_tag","embeddable":true,"href":"https:\/\/roveyayinevi.com.tr\/index.php\/wp-json\/wp\/v2\/product_tag?post=764044"}],"curies":[{"name":"wp","href":"https:\/\/api.w.org\/{rel}","templated":true}]}}