{"id":764043,"date":"2025-08-28T10:59:16","date_gmt":"2025-08-28T07:59:16","guid":{"rendered":"https:\/\/roveyayinevi.com.tr\/index.php\/urun\/ibaza-tarihi\/"},"modified":"2026-04-15T03:29:50","modified_gmt":"2026-04-15T00:29:50","slug":"ibaza-tarihi","status":"publish","type":"product","link":"https:\/\/roveyayinevi.com.tr\/index.php\/urun\/ibaza-tarihi\/","title":{"rendered":"\u0130baza Tarihi"},"content":{"rendered":"<p>Se\u00e7ilmi\u015f M\u00fccevherler anlam\u0131na gelen bu eserin orijinal ismi el-Cev\u00e2hiru\u2019ll-M\u00fcnteka\u2019d\u0131r. Cev\u00e2hir, hicri V. As\u0131r \u0130b\u00e2zi alimlerinden Berrad\u00ee\u2019ye aittir. Berradi, \u0130slam tarihinin erken d\u00f6neminde meydana gelen hadiseler hakk\u0131nda \u0130b\u00e2zi g\u00f6r\u00fc\u015fleri olduk\u00e7a berrak bir \u015fekilde aktarmaktad\u0131r. F\u0131rkalar\u0131n g\u00f6r\u00fc\u015flerini kendi kaynaklar\u0131ndan \u00f6\u011frenmek hakikate ula\u015fmak a\u00e7\u0131s\u0131ndan olduk\u00e7a \u00f6nemlidir. \u0130slam f\u0131rkalar\u0131 aras\u0131nda yersiz d\u00fc\u015fmanl\u0131klar\u0131n bir nedeni de f\u0131rkalar\u0131n birbirlerini kendi kaynaklar\u0131ndan tan\u0131mak yerine d\u00fc\u015fmanlar\u0131 taraf\u0131ndan yaz\u0131lan kaynaklardan tan\u0131m\u0131\u015f olmalar\u0131d\u0131r. F\u0131rka mensuplar\u0131 taraf\u0131ndan yaz\u0131lan kaynaklar\u0131n tarafgir olmas\u0131 nas\u0131l m\u00fcmk\u00fcnse muhalifler taraf\u0131ndan verilen bilgilerin de her zaman do\u011fru olmayaca\u011f\u0131 bir ger\u00e7ektir. Bu durumda ger\u00e7e\u011fin pe\u015finde olan okuyuculara ve ara\u015ft\u0131rmac\u0131lara d\u00fc\u015fen sorumluluk mukayeseli okumalar yapmakt\u0131r. Okuyucu \u0130b\u00e2zilik hakk\u0131nda verilen bilgileri ilk defa bu eserle test etme imkan\u0131 bulacakt\u0131r. \u00d6zellikle \u0130b\u00e2zilerin d\u00f6rt halife hakk\u0131ndaki g\u00f6r\u00fc\u015fleri, sahabeye bak\u0131\u015flar\u0131 ve i\u00e7 sava\u015flardaki konumlar\u0131n\u0131 birinci el kaynaktan okuyacakt\u0131r. Berr\u00e2di, Hz. Peygamber (as) d\u00f6nemini muhtasar bir \u015fekilde \u00f6zetledikten sonra d\u00f6rt halife d\u00f6nemi ve o s\u00fcre\u00e7te meydana gelen dahili \u00e7at\u0131\u015fmalara de\u011finmekte sonras\u0131nda \u0130b\u00e2z\u00eeler\u2019in bu olaylardaki yerini ortaya koymaktad\u0131r. Akabinde biyografik bir se\u00e7ki ile eserini tamamlamaktad\u0131r.<\/p>\n","protected":false},"excerpt":{"rendered":"<p>Se\u00e7ilmi\u015f M\u00fccevherler anlam\u0131na gelen bu eserin orijinal ismi el-Cev\u00e2hiru\u2019ll-M\u00fcnteka\u2019d\u0131r. Cev\u00e2hir, hicri V. As\u0131r \u0130b\u00e2zi alimlerinden Berrad\u00ee\u2019ye aittir. Berradi, \u0130slam tarihinin erken d\u00f6neminde meydana gelen hadiseler hakk\u0131nda<span class=\"excerpt-hellip\"> [\u2026]<\/span><\/p>\n","protected":false},"featured_media":0,"template":"","meta":{"_monsterinsights_skip_tracking":false,"_monsterinsights_sitenote_active":false,"_monsterinsights_sitenote_note":"","_monsterinsights_sitenote_category":0},"product_brand":[],"product_cat":[12718,12719],"product_tag":[],"class_list":{"0":"post-764043","1":"product","2":"type-product","3":"status-publish","5":"product_cat-din","6":"product_cat-islam","7":"pa_cilt-ciltsiz","8":"pa_tur-kitap","9":"pa_yayinevi-astana-yayinlari","10":"pa_yazar-ebul-kasim-b-ibrahim-el-berradi","12":"first","13":"instock","14":"sale","15":"shipping-taxable","16":"purchasable","17":"product-type-simple"},"_links":{"self":[{"href":"https:\/\/roveyayinevi.com.tr\/index.php\/wp-json\/wp\/v2\/product\/764043","targetHints":{"allow":["GET"]}}],"collection":[{"href":"https:\/\/roveyayinevi.com.tr\/index.php\/wp-json\/wp\/v2\/product"}],"about":[{"href":"https:\/\/roveyayinevi.com.tr\/index.php\/wp-json\/wp\/v2\/types\/product"}],"wp:attachment":[{"href":"https:\/\/roveyayinevi.com.tr\/index.php\/wp-json\/wp\/v2\/media?parent=764043"}],"wp:term":[{"taxonomy":"product_brand","embeddable":true,"href":"https:\/\/roveyayinevi.com.tr\/index.php\/wp-json\/wp\/v2\/product_brand?post=764043"},{"taxonomy":"product_cat","embeddable":true,"href":"https:\/\/roveyayinevi.com.tr\/index.php\/wp-json\/wp\/v2\/product_cat?post=764043"},{"taxonomy":"product_tag","embeddable":true,"href":"https:\/\/roveyayinevi.com.tr\/index.php\/wp-json\/wp\/v2\/product_tag?post=764043"}],"curies":[{"name":"wp","href":"https:\/\/api.w.org\/{rel}","templated":true}]}}