{"id":764041,"date":"2025-08-28T10:59:13","date_gmt":"2025-08-28T07:59:13","guid":{"rendered":"https:\/\/roveyayinevi.com.tr\/index.php\/urun\/musned\/"},"modified":"2026-04-15T03:29:50","modified_gmt":"2026-04-15T00:29:50","slug":"musned","status":"publish","type":"product","link":"https:\/\/roveyayinevi.com.tr\/index.php\/urun\/musned\/","title":{"rendered":"M\u00fcsned"},"content":{"rendered":"<p>\u0130slam\u2019da Kur\u2019an-Ker\u00eem\u2019den sonra ikinci temel kaynak Hz. Peygamberin (as) hadisleridir. Hz. Peygamber\u2019in (as) s\u00f6zlerini ihtiva eden M\u00fcsned t\u00fcr\u00fc yeni bir kaynak daha ilk defa T\u00fcrk\u00e7e\u2019ye terc\u00fcme edildi. Rebi\u2019 b. Hab\u00eeb\u2019in el-Camiu\u2019s-Sah\u00eeh ad\u0131yla bilinen M\u00fcsned\u2019i, hicri ikinci as\u0131rdan g\u00fcn\u00fcm\u00fcze ula\u015fan en nadide kaynaklardan birisi olarak kabul edilmektedir. Rebi\u2019 b. Hab\u00eeb taraf\u0131ndan tedvin edilen M\u00fcsned adl\u0131 hadis mecmuas\u0131, baz\u0131 \u00f6zellikleri ile dikkat \u00e7ekmektedir: Hadislerin isnat zinciri s\u00fclasidir (\u00fc\u00e7 ravilidir). Hadislerin isnad\u0131nda kopukluk olmad\u0131\u011f\u0131ndan isnad\u0131 alt\u0131n zincire benzetilmi\u015ftir. Hadislerin ravileri g\u00fcvenilir, h\u0131fz, zabt, emanet, ve do\u011fruluk bak\u0131m\u0131ndan en g\u00fc\u00e7l\u00fc kimselerdir. Ayr\u0131ca eserde yer alan hadisler sahih isnatl\u0131 hadisler olarak de\u011ferlendirilmektedir.M\u00fcsned\u2019in T\u00fcrk\u00e7e\u2019ye terc\u00fcme edilmesini \u00f6nemli bir kazan\u0131m olarak de\u011ferlendiren uzmanlar, eserin, akademik \u00e7al\u0131\u015fmalara zenginlik katmas\u0131 yan\u0131nda okuyuculara da Hz. Peygamber\u2019in (as) g\u00fczel s\u00f6zlerini ba\u015fka bir kaynaktan okuma imk\u00e2n\u0131 sunaca\u011f\u0131n\u0131 ileri s\u00fcrmektedirler.<\/p>\n","protected":false},"excerpt":{"rendered":"<p>\u0130slam\u2019da Kur\u2019an-Ker\u00eem\u2019den sonra ikinci temel kaynak Hz. Peygamberin (as) hadisleridir. Hz. Peygamber\u2019in (as) s\u00f6zlerini ihtiva eden M\u00fcsned t\u00fcr\u00fc yeni bir kaynak daha ilk defa T\u00fcrk\u00e7e\u2019ye terc\u00fcme<span class=\"excerpt-hellip\"> [\u2026]<\/span><\/p>\n","protected":false},"featured_media":0,"template":"","meta":{"_monsterinsights_skip_tracking":false,"_monsterinsights_sitenote_active":false,"_monsterinsights_sitenote_note":"","_monsterinsights_sitenote_category":0},"product_brand":[],"product_cat":[12718,12719,45552],"product_tag":[],"class_list":{"0":"post-764041","1":"product","2":"type-product","3":"status-publish","5":"product_cat-din","6":"product_cat-islam","7":"product_cat-meal-tefsir-hadis","8":"pa_cilt-ciltsiz","9":"pa_tur-kitap","10":"pa_yayinevi-astana-yayinlari","11":"pa_yazar-doc-dr-orhan-ates","13":"first","14":"instock","15":"sale","16":"shipping-taxable","17":"purchasable","18":"product-type-simple"},"_links":{"self":[{"href":"https:\/\/roveyayinevi.com.tr\/index.php\/wp-json\/wp\/v2\/product\/764041","targetHints":{"allow":["GET"]}}],"collection":[{"href":"https:\/\/roveyayinevi.com.tr\/index.php\/wp-json\/wp\/v2\/product"}],"about":[{"href":"https:\/\/roveyayinevi.com.tr\/index.php\/wp-json\/wp\/v2\/types\/product"}],"wp:attachment":[{"href":"https:\/\/roveyayinevi.com.tr\/index.php\/wp-json\/wp\/v2\/media?parent=764041"}],"wp:term":[{"taxonomy":"product_brand","embeddable":true,"href":"https:\/\/roveyayinevi.com.tr\/index.php\/wp-json\/wp\/v2\/product_brand?post=764041"},{"taxonomy":"product_cat","embeddable":true,"href":"https:\/\/roveyayinevi.com.tr\/index.php\/wp-json\/wp\/v2\/product_cat?post=764041"},{"taxonomy":"product_tag","embeddable":true,"href":"https:\/\/roveyayinevi.com.tr\/index.php\/wp-json\/wp\/v2\/product_tag?post=764041"}],"curies":[{"name":"wp","href":"https:\/\/api.w.org\/{rel}","templated":true}]}}