{"id":764040,"date":"2025-08-28T10:59:12","date_gmt":"2025-08-28T07:59:12","guid":{"rendered":"https:\/\/roveyayinevi.com.tr\/index.php\/urun\/turkiye-ve-ortadogu\/"},"modified":"2026-04-15T03:29:50","modified_gmt":"2026-04-15T00:29:50","slug":"turkiye-ve-ortadogu","status":"publish","type":"product","link":"https:\/\/roveyayinevi.com.tr\/index.php\/urun\/turkiye-ve-ortadogu\/","title":{"rendered":"T\u00fcrkiye ve Ortado\u011fu"},"content":{"rendered":"<p>Devletleri, \u00fclkeleri, toplumlar\u0131 ve hukuka dayanan kamu d\u00fczenlerini inceleyen bir bilim dal\u0131 olarak kamu hukuku alan\u0131nda \u00e7al\u0131\u015fan bir bilimadam\u0131n\u0131n uzmanl\u0131k yakla\u015f\u0131mlar\u0131 do\u011frultusunda haz\u0131rlanan bu kitap, i\u00e7inde bulundu\u011fumuz d\u00f6nemin ana sorunu olan hegemonya kavga ve \u00e7eki\u015fmelerinin perde arkas\u0131nda yatan siyasal manevra ve komplolar\u0131n a\u00e7\u0131kl\u0131\u011fa kavu\u015fturulmas\u0131 a\u00e7\u0131s\u0131ndan yararl\u0131 bir a\u00e7\u0131l\u0131m getirmekte, bir \u00fclke olarak T\u00fcrkiye ile bir b\u00f6lge olarak Ortado\u011fu\u2019nun ayn\u0131 b\u00f6lgede bulunmaktan ileri gelen konumlar\u0131, i\u00e7inden \u00e7\u0131k\u0131lamayacak derecede kar\u0131\u015f\u0131k bir durum yarat\u0131rken, merkezi alanda ortaya \u00e7\u0131kan k\u00f6rd\u00fc\u011f\u00fcm\u00fcn \u00e7\u00f6z\u00fclmesi i\u00e7in, bu kitapta oldu\u011fu gibi yeni bak\u0131\u015f a\u00e7\u0131lar\u0131n\u0131n ve egemen g\u00fc\u00e7ler taraf\u0131ndan engellenen farkl\u0131 y\u00f6nlerdeki ayk\u0131r\u0131 g\u00f6r\u00fc\u015flerin sa\u011fl\u0131kl\u0131 bir bi\u00e7imde b\u00f6lge halklar\u0131na anlat\u0131lmas\u0131 gerekmektedir.T\u00fcrkiye ve Ortado\u011fu ismini ta\u015f\u0131yan bu kitap, halk kitlelerinden saklanmak istenen ger\u00e7ek durumlar\u0131 dile getirerek, d\u00fcnyan\u0131n ortas\u0131nda haz\u0131rlanan cihan sava\u015f\u0131 senaryolar\u0131n\u0131n \u00f6nlenmesi i\u00e7in evrensel bar\u0131\u015fa gidebilecek bir b\u00f6lge bar\u0131\u015f\u0131n\u0131n tesisi hedefi do\u011frultusunda haz\u0131rlanm\u0131\u015ft\u0131r. Bu a\u015famada T\u00fcrkiye varl\u0131\u011f\u0131n\u0131 koruyabilmek i\u00e7in \u201cyurtta\u201d ve \u201cd\u00fcnyada\u201d bar\u0131\u015f ilkesinin yan\u0131na kesinlikle \u201cb\u00f6lgede\u201d ibaresini de eklemek zorundad\u0131r. Ancak o zaman T\u00fcrkiye ve Ortado\u011fu i\u00e7in yeni bir gelecek sa\u011flanabilecektir. T\u00fcrkiye Cumhuriyeti\u2019nin ilelebet payidar kalabilmesi i\u00e7in T\u00fcrk halk\u0131 Ortado\u011fu halklar\u0131 ile yak\u0131nla\u015farak ve bir dayan\u0131\u015fma d\u00fczeni olu\u015fturarak her t\u00fcrl\u00fc ter\u00f6r ve sava\u015f senaryolar\u0131na kar\u015f\u0131 \u00e7\u0131kmak zorundad\u0131r. Gelinen noktada bar\u0131\u015f sa\u011flan\u0131rsa yeni bir d\u00fczen kurulabilir, ter\u00f6r ve sava\u015f devam ederse \u015fu an var olan devletler d\u00fcnya sahnesinden silinecek ve haritalar sava\u015f sonras\u0131ndaki g\u00fc\u00e7 dengelerine g\u00f6re yeniden \u00e7izilecektir.<\/p>\n","protected":false},"excerpt":{"rendered":"<p>Devletleri, \u00fclkeleri, toplumlar\u0131 ve hukuka dayanan kamu d\u00fczenlerini inceleyen bir bilim dal\u0131 olarak kamu hukuku alan\u0131nda \u00e7al\u0131\u015fan bir bilimadam\u0131n\u0131n uzmanl\u0131k yakla\u015f\u0131mlar\u0131 do\u011frultusunda haz\u0131rlanan bu kitap, i\u00e7inde<span class=\"excerpt-hellip\"> [\u2026]<\/span><\/p>\n","protected":false},"featured_media":0,"template":"","meta":{"_monsterinsights_skip_tracking":false,"_monsterinsights_sitenote_active":false,"_monsterinsights_sitenote_note":"","_monsterinsights_sitenote_category":0},"product_brand":[],"product_cat":[12338,12337],"product_tag":[],"class_list":{"0":"post-764040","1":"product","2":"type-product","3":"status-publish","5":"product_cat-dunya-siyaseti-ve-politikasi","6":"product_cat-politika-siyaset","7":"pa_cilt-ciltsiz","8":"pa_tur-kitap","9":"pa_yayinevi-astana-yayinlari","10":"pa_yazar-anil-cecen","12":"first","13":"instock","14":"sale","15":"shipping-taxable","16":"purchasable","17":"product-type-simple"},"_links":{"self":[{"href":"https:\/\/roveyayinevi.com.tr\/index.php\/wp-json\/wp\/v2\/product\/764040","targetHints":{"allow":["GET"]}}],"collection":[{"href":"https:\/\/roveyayinevi.com.tr\/index.php\/wp-json\/wp\/v2\/product"}],"about":[{"href":"https:\/\/roveyayinevi.com.tr\/index.php\/wp-json\/wp\/v2\/types\/product"}],"wp:attachment":[{"href":"https:\/\/roveyayinevi.com.tr\/index.php\/wp-json\/wp\/v2\/media?parent=764040"}],"wp:term":[{"taxonomy":"product_brand","embeddable":true,"href":"https:\/\/roveyayinevi.com.tr\/index.php\/wp-json\/wp\/v2\/product_brand?post=764040"},{"taxonomy":"product_cat","embeddable":true,"href":"https:\/\/roveyayinevi.com.tr\/index.php\/wp-json\/wp\/v2\/product_cat?post=764040"},{"taxonomy":"product_tag","embeddable":true,"href":"https:\/\/roveyayinevi.com.tr\/index.php\/wp-json\/wp\/v2\/product_tag?post=764040"}],"curies":[{"name":"wp","href":"https:\/\/api.w.org\/{rel}","templated":true}]}}