{"id":764038,"date":"2025-08-28T10:59:10","date_gmt":"2025-08-28T07:59:10","guid":{"rendered":"https:\/\/roveyayinevi.com.tr\/index.php\/urun\/tanzimat-surecinde-osmanli-devletinin-hukuk-degisimi-namik-kemalin-hukuk-anlayisi\/"},"modified":"2026-04-15T03:29:50","modified_gmt":"2026-04-15T00:29:50","slug":"tanzimat-surecinde-osmanli-devletinin-hukuk-degisimi-namik-kemalin-hukuk-anlayisi","status":"publish","type":"product","link":"https:\/\/roveyayinevi.com.tr\/index.php\/urun\/tanzimat-surecinde-osmanli-devletinin-hukuk-degisimi-namik-kemalin-hukuk-anlayisi\/","title":{"rendered":"Tanzimat S\u00fcrecinde Osmanl\u0131 Devleti&#8217;nin hukuk De\u011fi\u015fimi Nam\u0131k Kemal&#8217;in Hukuk Anlay\u0131\u015f\u0131"},"content":{"rendered":"<p>Tanzimat D\u00f6nemi, Osmanl\u0131 Devleti\u2019nin klasik devrinden itibaren s\u00fcrd\u00fcrd\u00fc\u011f\u00fc devlet ve hukuk yap\u0131s\u0131n\u0131n k\u00f6kl\u00fc de\u011fi\u015fiklere u\u011framas\u0131n\u0131n ba\u015flang\u0131c\u0131 olarak kabul edilebilir. T\u00fcrk sosyal bilimler literat\u00fcr\u00fc, modernle\u015fme ile birlikte \u00fclkenin kar\u015f\u0131 kar\u015f\u0131ya kald\u0131\u011f\u0131 sorunlar\u0131 \u00e7\u00f6z\u00fcmlemek i\u00e7in bu d\u00f6nemde meydana gelen de\u011fi\u015fimleri inceleme gere\u011fi duymu\u015ftur. Tarih, iktisat, sosyoloji, edebiyat, sanat tarihi alanlar\u0131n\u0131n b\u00fcy\u00fck isimleri, toplum ve devlete dair de\u011fi\u015fimleri Tanzimat d\u00f6nemini dikkate alarak \u00e7\u00f6z\u00fcmlemektedir. T\u00fcrkiye Cumhuriyeti Devleti, kurulmas\u0131n\u0131n akabinde hukuk alan\u0131nda b\u00fcy\u00fck resepsiyonlar yapm\u0131\u015ft\u0131r. Ancak, hukukta de\u011fi\u015fim, Cumhuriyet idaresinden \u00e7ok \u00f6nce, Tanzimat d\u00f6nemi ile ba\u015flamaktad\u0131r. O halde, T\u00fcrkiye\u2019nin hukuka dair sorunlar\u0131, Tanzimat d\u00f6neminde yap\u0131lan tart\u0131\u015fmalardan ba\u015flanarak anla\u015f\u0131labilir. D\u00fc\u015f\u00fcnce tarihi bir m\u00fccadele sahas\u0131 olmaktan ziyade bug\u00fcn\u00fc anlamland\u0131rmada yapaca\u011f\u0131 katk\u0131 nispetiyle de\u011ferlidir. Adalet, idare, mahkemelerin yarg\u0131lama ve \u00e7al\u0131\u015fma usulleri, anayasac\u0131l\u0131k, hukuk \u2013 ahlak etkile\u015fimi, kanun iktibas\u0131 gibi bug\u00fcn de etraf\u0131nda geni\u015f tart\u0131\u015fmalar s\u00fcren meseleler, Tanzimat\u2019tan itibaren T\u00fcrk fikir hayat\u0131n\u0131n merkezinde yer almaktad\u0131r. \u00c7al\u0131\u015fmam\u0131zda b\u00fcy\u00fck de\u011fi\u015fim s\u00fcrecinin bir b\u00f6l\u00fcm\u00fc,  T\u00fcrk tarihinin b\u00fcy\u00fck m\u00fctefekkiri, vatan \u015fairi, roman yazar\u0131, muharrir, devlet ve sanat adam\u0131 Nam\u0131k Kemal\u2019in hukuka dair d\u00fc\u015f\u00fcnceleri \u00e7er\u00e7evesinde incelenecektir.<\/p>\n","protected":false},"excerpt":{"rendered":"<p>Tanzimat D\u00f6nemi, Osmanl\u0131 Devleti\u2019nin klasik devrinden itibaren s\u00fcrd\u00fcrd\u00fc\u011f\u00fc devlet ve hukuk yap\u0131s\u0131n\u0131n k\u00f6kl\u00fc de\u011fi\u015fiklere u\u011framas\u0131n\u0131n ba\u015flang\u0131c\u0131 olarak kabul edilebilir. T\u00fcrk sosyal bilimler literat\u00fcr\u00fc, modernle\u015fme ile birlikte<span class=\"excerpt-hellip\"> [\u2026]<\/span><\/p>\n","protected":false},"featured_media":0,"template":"","meta":{"_monsterinsights_skip_tracking":false,"_monsterinsights_sitenote_active":false,"_monsterinsights_sitenote_note":"","_monsterinsights_sitenote_category":0},"product_brand":[],"product_cat":[13517,12304],"product_tag":[],"class_list":{"0":"post-764038","1":"product","2":"type-product","3":"status-publish","5":"product_cat-osmanli-tarihi","6":"product_cat-tarih","7":"pa_cilt-ciltsiz","8":"pa_tur-kitap","9":"pa_yayinevi-astana-yayinlari","10":"pa_yazar-ridvan-degirmenci","12":"first","13":"instock","14":"sale","15":"shipping-taxable","16":"purchasable","17":"product-type-simple"},"_links":{"self":[{"href":"https:\/\/roveyayinevi.com.tr\/index.php\/wp-json\/wp\/v2\/product\/764038","targetHints":{"allow":["GET"]}}],"collection":[{"href":"https:\/\/roveyayinevi.com.tr\/index.php\/wp-json\/wp\/v2\/product"}],"about":[{"href":"https:\/\/roveyayinevi.com.tr\/index.php\/wp-json\/wp\/v2\/types\/product"}],"wp:attachment":[{"href":"https:\/\/roveyayinevi.com.tr\/index.php\/wp-json\/wp\/v2\/media?parent=764038"}],"wp:term":[{"taxonomy":"product_brand","embeddable":true,"href":"https:\/\/roveyayinevi.com.tr\/index.php\/wp-json\/wp\/v2\/product_brand?post=764038"},{"taxonomy":"product_cat","embeddable":true,"href":"https:\/\/roveyayinevi.com.tr\/index.php\/wp-json\/wp\/v2\/product_cat?post=764038"},{"taxonomy":"product_tag","embeddable":true,"href":"https:\/\/roveyayinevi.com.tr\/index.php\/wp-json\/wp\/v2\/product_tag?post=764038"}],"curies":[{"name":"wp","href":"https:\/\/api.w.org\/{rel}","templated":true}]}}