{"id":764036,"date":"2025-08-28T10:59:07","date_gmt":"2025-08-28T07:59:07","guid":{"rendered":"https:\/\/roveyayinevi.com.tr\/index.php\/urun\/anarsizm-2\/"},"modified":"2026-04-11T14:32:08","modified_gmt":"2026-04-11T11:32:08","slug":"anarsizm-2","status":"publish","type":"product","link":"https:\/\/roveyayinevi.com.tr\/index.php\/urun\/anarsizm-2\/","title":{"rendered":"Anar\u015fizm"},"content":{"rendered":"<p>Anar\u015fizm, \u201cefendisiz\u201d ve \u201cotoritesiz\u201d bir ya\u015fam\u0131 savunmaktad\u0131r. Bu y\u00fczden b\u00fct\u00fcn otorite bi\u00e7imlerini ve \u00f6zellikle de devletin varl\u0131\u011f\u0131n\u0131 reddetmektedir. Ancak devletin yerine getirdi\u011fi bir\u00e7ok i\u015flemi kimin yapaca\u011f\u0131 ve sorumlulu\u011fu kimin y\u00fcklenece\u011fi sorusu g\u00fcndeme gelmektedir. Bu soruya anar\u015fist d\u00fc\u015f\u00fcncenin verdi\u011fi cevap \u201cg\u00f6n\u00fcll\u00fc toplum\u201ddur. G\u00f6n\u00fcll\u00fc toplum siyasal bir hiyerar\u015fiye yer vermemektedir. Haliyle anar\u015fizmin ileri s\u00fcrd\u00fc\u011f\u00fc g\u00f6n\u00fcll\u00fc toplumun devletten daha bask\u0131c\u0131, despot ve zorba olmayaca\u011f\u0131n\u0131n bir garantisi yoktur. Nitekim anar\u015fizmin bir fraksiyonu olan toplumcu anar\u015fizm, \u00f6zg\u00fcrl\u00fc\u011f\u00fcn en temel g\u00f6stergelerinden biri olan \u00f6zel m\u00fclkiyeti kabul etmeyerek kolektif ya\u015fam prati\u011fine yakla\u015fmaktad\u0131r. Kolektif bir ya\u015fam prati\u011fi ise \u00f6zg\u00fcrl\u00fc\u011f\u00fcn t\u00fcm boyutlar\u0131yla reddini gerekli g\u00f6rmektedir. Anar\u015fizm, bireyin \u00f6zg\u00fcrl\u00fc\u011f\u00fcn\u00fc devletin yoklu\u011funa ba\u011flayarak a\u00e7\u0131klama te\u015febb\u00fcs\u00fcnde bulunmaktad\u0131r. Bu sebeple kendini k\u0131s\u0131r bir \u00e7er\u00e7eveye hapsederek kat\u0131 tutumunu muhafaza etmekte ve yenilik boyutundan uzakla\u015fmaktad\u0131r. Dolay\u0131s\u0131yla anar\u015fizmin sosyolojik bir kabul g\u00f6rmesi i\u00e7in bu kat\u0131 halinden s\u0131yr\u0131larak esnek yorumlara kap\u0131 aralamas\u0131 gerekir. Ancak b\u00f6ylesi bir yorumla g\u00fcncelin konusu olmaya hak kazanabilir. Aksi takdirde ge\u00e7mi\u015fte ortaya \u00e7\u0131km\u0131\u015f fakat g\u00fcn\u00fcm\u00fczde etkisini yitirmi\u015f bir fikir olmaktan \u00f6teye ge\u00e7emeyecektir.<\/p>\n","protected":false},"excerpt":{"rendered":"<p>Anar\u015fizm, \u201cefendisiz\u201d ve \u201cotoritesiz\u201d bir ya\u015fam\u0131 savunmaktad\u0131r. Bu y\u00fczden b\u00fct\u00fcn otorite bi\u00e7imlerini ve \u00f6zellikle de devletin varl\u0131\u011f\u0131n\u0131 reddetmektedir. Ancak devletin yerine getirdi\u011fi bir\u00e7ok i\u015flemi kimin yapaca\u011f\u0131<span class=\"excerpt-hellip\"> [\u2026]<\/span><\/p>\n","protected":false},"featured_media":0,"template":"","meta":{"_monsterinsights_skip_tracking":false,"_monsterinsights_sitenote_active":false,"_monsterinsights_sitenote_note":"","_monsterinsights_sitenote_category":0},"product_brand":[],"product_cat":[12337],"product_tag":[],"class_list":{"0":"post-764036","1":"product","2":"type-product","3":"status-publish","5":"product_cat-politika-siyaset","6":"pa_cilt-ciltsiz","7":"pa_tur-kitap","8":"pa_yayinevi-astana-yayinlari","9":"pa_yazar-omer-taylan","11":"first","12":"instock","13":"sale","14":"shipping-taxable","15":"purchasable","16":"product-type-simple"},"_links":{"self":[{"href":"https:\/\/roveyayinevi.com.tr\/index.php\/wp-json\/wp\/v2\/product\/764036","targetHints":{"allow":["GET"]}}],"collection":[{"href":"https:\/\/roveyayinevi.com.tr\/index.php\/wp-json\/wp\/v2\/product"}],"about":[{"href":"https:\/\/roveyayinevi.com.tr\/index.php\/wp-json\/wp\/v2\/types\/product"}],"wp:attachment":[{"href":"https:\/\/roveyayinevi.com.tr\/index.php\/wp-json\/wp\/v2\/media?parent=764036"}],"wp:term":[{"taxonomy":"product_brand","embeddable":true,"href":"https:\/\/roveyayinevi.com.tr\/index.php\/wp-json\/wp\/v2\/product_brand?post=764036"},{"taxonomy":"product_cat","embeddable":true,"href":"https:\/\/roveyayinevi.com.tr\/index.php\/wp-json\/wp\/v2\/product_cat?post=764036"},{"taxonomy":"product_tag","embeddable":true,"href":"https:\/\/roveyayinevi.com.tr\/index.php\/wp-json\/wp\/v2\/product_tag?post=764036"}],"curies":[{"name":"wp","href":"https:\/\/api.w.org\/{rel}","templated":true}]}}