{"id":764035,"date":"2025-08-28T10:59:06","date_gmt":"2025-08-28T07:59:06","guid":{"rendered":"https:\/\/roveyayinevi.com.tr\/index.php\/urun\/iliskisel-baglamda-gastronomi-ve-diger-disiplinler\/"},"modified":"2026-04-15T03:29:50","modified_gmt":"2026-04-15T00:29:50","slug":"iliskisel-baglamda-gastronomi-ve-diger-disiplinler","status":"publish","type":"product","link":"https:\/\/roveyayinevi.com.tr\/index.php\/urun\/iliskisel-baglamda-gastronomi-ve-diger-disiplinler\/","title":{"rendered":"\u0130li\u015fkisel Ba\u011flamda Gastronomi ve Di\u011fer Disiplinler"},"content":{"rendered":"<p>Gastronomi, son y\u0131llar\u0131n en pop\u00fcler disiplinlerinden birisidir. Disiplinler aras\u0131 olu\u015fu nedeniyle \u00e7ok farkl\u0131 disiplinlerden ara\u015ft\u0131rmac\u0131lar kendi penceresinden gastronomiye ilgi g\u00f6stermi\u015ftir. Ancak mevcut literat\u00fcr de\u011ferlendirildi\u011finde gastronominin di\u011fer disiplinlerle ili\u015fkisi genel kabul g\u00f6rmekle beraber, bu ili\u015fkinin derinlemesine de\u011ferlendirilmedi\u011fi g\u00f6z\u00fckmektedir. \u0130\u015fte bu noktada elinizde yer alan kitab\u0131n de\u011feri ortaya \u00e7\u0131kmaktad\u0131r. Bu kitap gastronomi ve en yak\u0131n d\u00fczeyde ili\u015fkisinin bulundu\u011fu disiplinlerle etkile\u015fimine derinlemesine ve b\u00fct\u00fcnc\u00fcl bir \u015fekilde yakla\u015fmay\u0131 ama\u00e7layarak haz\u0131rlanm\u0131\u015ft\u0131r. Bu ama\u00e7 \u00e7er\u00e7evesinde kitab\u0131n, gastronomi disiplinine ilgi duyanlara, gastronomi profesyonellerine, her ge\u00e7en g\u00fcn say\u0131lar\u0131 artan gastronomi akademisyenlerine ve en \u00f6nemlisi gastronomi e\u011fitimi alan idealist \u00f6\u011frencilere de\u011ferli bilgiler sa\u011flayaca\u011f\u0131 ba\u015fta edit\u00f6r olmak \u00fczere t\u00fcm yazarlar\u0131n ortak temennisidir.<\/p>\n","protected":false},"excerpt":{"rendered":"<p>Gastronomi, son y\u0131llar\u0131n en pop\u00fcler disiplinlerinden birisidir. Disiplinler aras\u0131 olu\u015fu nedeniyle \u00e7ok farkl\u0131 disiplinlerden ara\u015ft\u0131rmac\u0131lar kendi penceresinden gastronomiye ilgi g\u00f6stermi\u015ftir. Ancak mevcut literat\u00fcr de\u011ferlendirildi\u011finde gastronominin di\u011fer<span class=\"excerpt-hellip\"> [\u2026]<\/span><\/p>\n","protected":false},"featured_media":0,"template":"","meta":{"_monsterinsights_skip_tracking":false,"_monsterinsights_sitenote_active":false,"_monsterinsights_sitenote_note":"","_monsterinsights_sitenote_category":0},"product_brand":[],"product_cat":[12457],"product_tag":[],"class_list":{"0":"post-764035","1":"product","2":"type-product","3":"status-publish","5":"product_cat-yemek-kitaplari","6":"pa_cilt-ciltsiz","7":"pa_tur-kitap","8":"pa_yayinevi-astana-yayinlari","9":"pa_yazar-dr-ogr-uyesi-merve-iskin-ed","11":"first","12":"instock","13":"sale","14":"shipping-taxable","15":"purchasable","16":"product-type-simple"},"_links":{"self":[{"href":"https:\/\/roveyayinevi.com.tr\/index.php\/wp-json\/wp\/v2\/product\/764035","targetHints":{"allow":["GET"]}}],"collection":[{"href":"https:\/\/roveyayinevi.com.tr\/index.php\/wp-json\/wp\/v2\/product"}],"about":[{"href":"https:\/\/roveyayinevi.com.tr\/index.php\/wp-json\/wp\/v2\/types\/product"}],"wp:attachment":[{"href":"https:\/\/roveyayinevi.com.tr\/index.php\/wp-json\/wp\/v2\/media?parent=764035"}],"wp:term":[{"taxonomy":"product_brand","embeddable":true,"href":"https:\/\/roveyayinevi.com.tr\/index.php\/wp-json\/wp\/v2\/product_brand?post=764035"},{"taxonomy":"product_cat","embeddable":true,"href":"https:\/\/roveyayinevi.com.tr\/index.php\/wp-json\/wp\/v2\/product_cat?post=764035"},{"taxonomy":"product_tag","embeddable":true,"href":"https:\/\/roveyayinevi.com.tr\/index.php\/wp-json\/wp\/v2\/product_tag?post=764035"}],"curies":[{"name":"wp","href":"https:\/\/api.w.org\/{rel}","templated":true}]}}