{"id":764034,"date":"2025-08-28T10:59:04","date_gmt":"2025-08-28T07:59:04","guid":{"rendered":"https:\/\/roveyayinevi.com.tr\/index.php\/urun\/ebu-hanifeden-maturidiye-hanefi-itikadinin-gelisim-sureci\/"},"modified":"2026-04-15T03:29:50","modified_gmt":"2026-04-15T00:29:50","slug":"ebu-hanifeden-maturidiye-hanefi-itikadinin-gelisim-sureci","status":"publish","type":"product","link":"https:\/\/roveyayinevi.com.tr\/index.php\/urun\/ebu-hanifeden-maturidiye-hanefi-itikadinin-gelisim-sureci\/","title":{"rendered":"Ebu Hanife\u2019den Mat\u00fcridi\u2019ye Hanefi \u0130tikad\u0131n\u0131n Geli\u015fim S\u00fcreci"},"content":{"rendered":"<p>\u0130mam Ebu Hanife derin ilmi muvazeneleriyle \u0130slam \u00fcmmetini en fazla etkileyen \u00e2limlerden birisidir. \u0130slam Mezheplerinin daha yeni te\u015fekk\u00fcle ba\u015flad\u0131\u011f\u0131 h. 1. y\u00fczy\u0131lda Ehl-i s\u00fcnnet itikad\u0131n\u0131 savunmu\u015ftur. O \u201cakait ilminin kelama d\u00f6n\u00fc\u015fme s\u00fcrecinin ba\u015f\u0131\u201d diyebilece\u011fimiz bu d\u00f6nemde akaide dair baz\u0131 eserler te\u2019lif ederek S\u00fcnn\u00ee itikad\u0131n\u0131n \u015fekil bulmas\u0131nda \u00e7ok \u00f6nemli ad\u0131mlar atm\u0131\u015ft\u0131r. Fakat onun eserleri, b\u00fct\u00fcn ilk d\u00f6nem eserlerinde oldu\u011fu gibi, konulara g\u00f6re tasnif edilmemi\u015f ve k\u0131sa risaleler \u015feklinde olmu\u015ftur. Genelde o d\u00f6nemde tart\u0131\u015f\u0131lan tevhit, iman tarifi ve m\u00fcrtekib-i kebirenin durumu gibi konulara daha fazla yer vermi\u015ftir. Dolay\u0131s\u0131yla daha sonra sistemle\u015fen kelam sistemi metoduyla telif edilmi\u015f eserlerden de farkl\u0131 olmu\u015flard\u0131r. Ancak ondan yakla\u015f\u0131k 2 as\u0131r sonra Maveraunnehir b\u00f6lgesinde faaliyet g\u00f6steren \u0130mam Mat\u00fcrid\u00ee onun itikad\u00ee g\u00f6r\u00fc\u015flerini sistematik bir kelam ekol\u00fcne \u00e7evirmi\u015ftir. \u0130\u015fte elinizdeki bu eserde \u0130mam Ebu Hanife\u2019nin itikad\u00ee g\u00f6r\u00fc\u015flerinin Mat\u00fcrid\u00ee\u2019ye kadar uzanan s\u00fcreci ve Mat\u00fcrid\u00ee\u2019nin d\u00fc\u015f\u00fcnceleriyle sitemli bir kelam ekol\u00fcne nas\u0131l d\u00f6n\u00fc\u015ft\u00fc\u011f\u00fc ele al\u0131nm\u0131\u015ft\u0131r. <\/p>\n","protected":false},"excerpt":{"rendered":"<p>\u0130mam Ebu Hanife derin ilmi muvazeneleriyle \u0130slam \u00fcmmetini en fazla etkileyen \u00e2limlerden birisidir. \u0130slam Mezheplerinin daha yeni te\u015fekk\u00fcle ba\u015flad\u0131\u011f\u0131 h. 1. y\u00fczy\u0131lda Ehl-i s\u00fcnnet itikad\u0131n\u0131 savunmu\u015ftur.<span class=\"excerpt-hellip\"> [\u2026]<\/span><\/p>\n","protected":false},"featured_media":0,"template":"","meta":{"_monsterinsights_skip_tracking":false,"_monsterinsights_sitenote_active":false,"_monsterinsights_sitenote_note":"","_monsterinsights_sitenote_category":0},"product_brand":[],"product_cat":[12718,12719],"product_tag":[],"class_list":{"0":"post-764034","1":"product","2":"type-product","3":"status-publish","5":"product_cat-din","6":"product_cat-islam","7":"pa_cilt-ciltsiz","8":"pa_tur-kitap","9":"pa_yayinevi-astana-yayinlari","10":"pa_yazar-zekerya-saribulak","12":"first","13":"instock","14":"sale","15":"shipping-taxable","16":"purchasable","17":"product-type-simple"},"_links":{"self":[{"href":"https:\/\/roveyayinevi.com.tr\/index.php\/wp-json\/wp\/v2\/product\/764034","targetHints":{"allow":["GET"]}}],"collection":[{"href":"https:\/\/roveyayinevi.com.tr\/index.php\/wp-json\/wp\/v2\/product"}],"about":[{"href":"https:\/\/roveyayinevi.com.tr\/index.php\/wp-json\/wp\/v2\/types\/product"}],"wp:attachment":[{"href":"https:\/\/roveyayinevi.com.tr\/index.php\/wp-json\/wp\/v2\/media?parent=764034"}],"wp:term":[{"taxonomy":"product_brand","embeddable":true,"href":"https:\/\/roveyayinevi.com.tr\/index.php\/wp-json\/wp\/v2\/product_brand?post=764034"},{"taxonomy":"product_cat","embeddable":true,"href":"https:\/\/roveyayinevi.com.tr\/index.php\/wp-json\/wp\/v2\/product_cat?post=764034"},{"taxonomy":"product_tag","embeddable":true,"href":"https:\/\/roveyayinevi.com.tr\/index.php\/wp-json\/wp\/v2\/product_tag?post=764034"}],"curies":[{"name":"wp","href":"https:\/\/api.w.org\/{rel}","templated":true}]}}