{"id":764033,"date":"2025-08-28T10:59:03","date_gmt":"2025-08-28T07:59:03","guid":{"rendered":"https:\/\/roveyayinevi.com.tr\/index.php\/urun\/borclar-hukuku-adli-ve-idari-hakimlik-sinavi-soru-bankasi\/"},"modified":"2026-04-15T03:29:50","modified_gmt":"2026-04-15T00:29:50","slug":"borclar-hukuku-adli-ve-idari-hakimlik-sinavi-soru-bankasi","status":"publish","type":"product","link":"https:\/\/roveyayinevi.com.tr\/index.php\/urun\/borclar-hukuku-adli-ve-idari-hakimlik-sinavi-soru-bankasi\/","title":{"rendered":"Bor\u00e7lar Hukuku Adli ve \u0130dari Hakimlik S\u0131nav\u0131 Soru Bankas\u0131"},"content":{"rendered":"<p>Adli ve idari h\u00e2kimlik s\u0131nav\u0131na y\u00f6nelik olarak haz\u0131rlanan bu kitap \u00f6zg\u00fcn haz\u0131rlanm\u0131\u015f 454 sorudan olu\u015fmaktad\u0131r. Bor\u00e7lar Genel Hukukundan 327 adet ve Bor\u00e7lar \u00d6zel Hukukundan 127 adet soru bulunmaktad\u0131r. Sorular\u0131n tamam\u0131 a\u00e7\u0131klamal\u0131, \u00e7\u00f6z\u00fcml\u00fc ve konular\u0131na g\u00f6re ayr\u0131lm\u0131\u015f olup alt konu ba\u015fl\u0131klar\u0131n\u0131 da i\u00e7ermektedir. Ayn\u0131 zamanda \u00d6SYM format\u0131na (do\u011frudan kanun metninden soru, \u00e7oktan se\u00e7meli klasik soru ve pratik \u00e7al\u0131\u015fma sorusu) ve Bor\u00e7lar Kanundaki s\u0131ralan\u0131\u015f\u0131na da uygundur. Soru \u00e7\u0131kma ihtimali olan b\u00fct\u00fcn konulara de\u011finilmeye \u00e7al\u0131\u015f\u0131lm\u0131\u015ft\u0131r. Buradaki sorular\u0131 \u00f6zenle inceleyip birka\u00e7 kez \u00e7\u00f6zd\u00fc\u011f\u00fcn\u00fcz takdirde adli ve idari h\u00e2kimlik s\u0131nav\u0131nda Bor\u00e7lar Hukukundan soru ka\u00e7\u0131rmayaca\u011f\u0131n\u0131za inan\u0131yoruz. Umar\u0131z ki bu zorlu s\u00fcrecin sonunda emeklerinizin kar\u015f\u0131l\u0131\u011f\u0131n\u0131 al\u0131rs\u0131n\u0131z. Girece\u011finiz s\u0131navlarda ba\u015far\u0131lar diler, bu kitab\u0131n ba\u015far\u0131n\u0131za katk\u0131 sa\u011flamas\u0131n\u0131 temenni ederiz.<\/p>\n","protected":false},"excerpt":{"rendered":"<p>Adli ve idari h\u00e2kimlik s\u0131nav\u0131na y\u00f6nelik olarak haz\u0131rlanan bu kitap \u00f6zg\u00fcn haz\u0131rlanm\u0131\u015f 454 sorudan olu\u015fmaktad\u0131r. Bor\u00e7lar Genel Hukukundan 327 adet ve Bor\u00e7lar \u00d6zel Hukukundan 127 adet<span class=\"excerpt-hellip\"> [\u2026]<\/span><\/p>\n","protected":false},"featured_media":0,"template":"","meta":{"_monsterinsights_skip_tracking":false,"_monsterinsights_sitenote_active":false,"_monsterinsights_sitenote_note":"","_monsterinsights_sitenote_category":0},"product_brand":[],"product_cat":[12566,13473],"product_tag":[],"class_list":{"0":"post-764033","1":"product","2":"type-product","3":"status-publish","5":"product_cat-egitim","6":"product_cat-sinavlara-hazirlik-okula-yardimci-kaynaklar","7":"pa_cilt-ciltsiz","8":"pa_tur-kitap","9":"pa_yayinevi-astana-yayinlari","10":"pa_yazar-ismail-hakki-eroz","12":"first","13":"instock","14":"sale","15":"shipping-taxable","16":"purchasable","17":"product-type-simple"},"_links":{"self":[{"href":"https:\/\/roveyayinevi.com.tr\/index.php\/wp-json\/wp\/v2\/product\/764033","targetHints":{"allow":["GET"]}}],"collection":[{"href":"https:\/\/roveyayinevi.com.tr\/index.php\/wp-json\/wp\/v2\/product"}],"about":[{"href":"https:\/\/roveyayinevi.com.tr\/index.php\/wp-json\/wp\/v2\/types\/product"}],"wp:attachment":[{"href":"https:\/\/roveyayinevi.com.tr\/index.php\/wp-json\/wp\/v2\/media?parent=764033"}],"wp:term":[{"taxonomy":"product_brand","embeddable":true,"href":"https:\/\/roveyayinevi.com.tr\/index.php\/wp-json\/wp\/v2\/product_brand?post=764033"},{"taxonomy":"product_cat","embeddable":true,"href":"https:\/\/roveyayinevi.com.tr\/index.php\/wp-json\/wp\/v2\/product_cat?post=764033"},{"taxonomy":"product_tag","embeddable":true,"href":"https:\/\/roveyayinevi.com.tr\/index.php\/wp-json\/wp\/v2\/product_tag?post=764033"}],"curies":[{"name":"wp","href":"https:\/\/api.w.org\/{rel}","templated":true}]}}