{"id":764030,"date":"2025-08-28T10:58:59","date_gmt":"2025-08-28T07:58:59","guid":{"rendered":"https:\/\/roveyayinevi.com.tr\/index.php\/urun\/farscada-mastar-kokleri-fiil-olusturma-yollari-orta-seviye\/"},"modified":"2026-04-15T03:29:50","modified_gmt":"2026-04-15T00:29:50","slug":"farscada-mastar-kokleri-fiil-olusturma-yollari-orta-seviye","status":"publish","type":"product","link":"https:\/\/roveyayinevi.com.tr\/index.php\/urun\/farscada-mastar-kokleri-fiil-olusturma-yollari-orta-seviye\/","title":{"rendered":"Fars\u00e7a&#8217;da Mastar K\u00f6kleri Fiil Olu\u015fturma Yollar\u0131 &#8211; Orta Seviye"},"content":{"rendered":"<p>Fars\u00e7ada Mastar K\u00f6kleri Fiil Olu\u015fturma Yollar\u0131 Al\u0131\u015ft\u0131rma- Cevap Anahtar\u0131 \u015eimdiki zaman\u0131n hikayesi, Duyulan ge\u00e7mi\u015f zaman, Uzak ge\u00e7mi\u015f zaman, S\u00fcrmekte olan \u015fimdiki zaman, S\u00fcrmekte olan ge\u00e7mi\u015f zaman<\/p>\n","protected":false},"excerpt":{"rendered":"<p>Fars\u00e7ada Mastar K\u00f6kleri Fiil Olu\u015fturma Yollar\u0131 Al\u0131\u015ft\u0131rma- Cevap Anahtar\u0131 \u015eimdiki zaman\u0131n hikayesi, Duyulan ge\u00e7mi\u015f zaman, Uzak ge\u00e7mi\u015f zaman, S\u00fcrmekte olan \u015fimdiki zaman, S\u00fcrmekte olan ge\u00e7mi\u015f zaman<\/p>\n","protected":false},"featured_media":0,"template":"","meta":{"_monsterinsights_skip_tracking":false,"_monsterinsights_sitenote_active":false,"_monsterinsights_sitenote_note":"","_monsterinsights_sitenote_category":0},"product_brand":[],"product_cat":[14597,12566],"product_tag":[],"class_list":{"0":"post-764030","1":"product","2":"type-product","3":"status-publish","5":"product_cat-dil-ogrenimi","6":"product_cat-egitim","7":"pa_cilt-ciltsiz","8":"pa_tur-kitap","9":"pa_yayinevi-astana-yayinlari","10":"pa_yazar-ahmad-jabbari","12":"first","13":"instock","14":"sale","15":"shipping-taxable","16":"purchasable","17":"product-type-simple"},"_links":{"self":[{"href":"https:\/\/roveyayinevi.com.tr\/index.php\/wp-json\/wp\/v2\/product\/764030","targetHints":{"allow":["GET"]}}],"collection":[{"href":"https:\/\/roveyayinevi.com.tr\/index.php\/wp-json\/wp\/v2\/product"}],"about":[{"href":"https:\/\/roveyayinevi.com.tr\/index.php\/wp-json\/wp\/v2\/types\/product"}],"wp:attachment":[{"href":"https:\/\/roveyayinevi.com.tr\/index.php\/wp-json\/wp\/v2\/media?parent=764030"}],"wp:term":[{"taxonomy":"product_brand","embeddable":true,"href":"https:\/\/roveyayinevi.com.tr\/index.php\/wp-json\/wp\/v2\/product_brand?post=764030"},{"taxonomy":"product_cat","embeddable":true,"href":"https:\/\/roveyayinevi.com.tr\/index.php\/wp-json\/wp\/v2\/product_cat?post=764030"},{"taxonomy":"product_tag","embeddable":true,"href":"https:\/\/roveyayinevi.com.tr\/index.php\/wp-json\/wp\/v2\/product_tag?post=764030"}],"curies":[{"name":"wp","href":"https:\/\/api.w.org\/{rel}","templated":true}]}}