{"id":764029,"date":"2025-08-28T10:58:47","date_gmt":"2025-08-28T07:58:47","guid":{"rendered":"https:\/\/roveyayinevi.com.tr\/index.php\/urun\/farscada-fiil-olusturma-yollari-temel-seviye\/"},"modified":"2026-04-15T03:29:50","modified_gmt":"2026-04-15T00:29:50","slug":"farscada-fiil-olusturma-yollari-temel-seviye","status":"publish","type":"product","link":"https:\/\/roveyayinevi.com.tr\/index.php\/urun\/farscada-fiil-olusturma-yollari-temel-seviye\/","title":{"rendered":"Fars\u00e7ada Fiil Olu\u015fturma Yollar\u0131, Temel Seviye"},"content":{"rendered":"<p>Fars\u00e7ada Mastar K\u00f6kleri Fiil Olu\u015fturma Yollar\u0131 Ge\u00e7mi\u015f zaman k\u00f6kleri-Geni\u015f zaman\/\u015eimdiki zaman k\u00f6kleri G\u00f6r\u00fclen ge\u00e7mi\u015f zaman \u2013 \u015eimdiki zaman Gelecek zaman \u2013 Emir kipi<\/p>\n","protected":false},"excerpt":{"rendered":"<p>Fars\u00e7ada Mastar K\u00f6kleri Fiil Olu\u015fturma Yollar\u0131 Ge\u00e7mi\u015f zaman k\u00f6kleri-Geni\u015f zaman\/\u015eimdiki zaman k\u00f6kleri G\u00f6r\u00fclen ge\u00e7mi\u015f zaman \u2013 \u015eimdiki zaman Gelecek zaman \u2013 Emir kipi<\/p>\n","protected":false},"featured_media":0,"template":"","meta":{"_monsterinsights_skip_tracking":false,"_monsterinsights_sitenote_active":false,"_monsterinsights_sitenote_note":"","_monsterinsights_sitenote_category":0},"product_brand":[],"product_cat":[14597,12566],"product_tag":[],"class_list":{"0":"post-764029","1":"product","2":"type-product","3":"status-publish","5":"product_cat-dil-ogrenimi","6":"product_cat-egitim","7":"pa_cilt-ciltsiz","8":"pa_tur-kitap","9":"pa_yayinevi-astana-yayinlari","10":"pa_yazar-ahmad-jabbari","12":"first","13":"instock","14":"sale","15":"shipping-taxable","16":"purchasable","17":"product-type-simple"},"_links":{"self":[{"href":"https:\/\/roveyayinevi.com.tr\/index.php\/wp-json\/wp\/v2\/product\/764029","targetHints":{"allow":["GET"]}}],"collection":[{"href":"https:\/\/roveyayinevi.com.tr\/index.php\/wp-json\/wp\/v2\/product"}],"about":[{"href":"https:\/\/roveyayinevi.com.tr\/index.php\/wp-json\/wp\/v2\/types\/product"}],"wp:attachment":[{"href":"https:\/\/roveyayinevi.com.tr\/index.php\/wp-json\/wp\/v2\/media?parent=764029"}],"wp:term":[{"taxonomy":"product_brand","embeddable":true,"href":"https:\/\/roveyayinevi.com.tr\/index.php\/wp-json\/wp\/v2\/product_brand?post=764029"},{"taxonomy":"product_cat","embeddable":true,"href":"https:\/\/roveyayinevi.com.tr\/index.php\/wp-json\/wp\/v2\/product_cat?post=764029"},{"taxonomy":"product_tag","embeddable":true,"href":"https:\/\/roveyayinevi.com.tr\/index.php\/wp-json\/wp\/v2\/product_tag?post=764029"}],"curies":[{"name":"wp","href":"https:\/\/api.w.org\/{rel}","templated":true}]}}