{"id":764028,"date":"2025-08-28T10:58:46","date_gmt":"2025-08-28T07:58:46","guid":{"rendered":"https:\/\/roveyayinevi.com.tr\/index.php\/urun\/ceza-muhakemesi-sisteminde-seri-muhakeme-usulu-uzerine-bir-inceleme\/"},"modified":"2026-04-15T03:29:50","modified_gmt":"2026-04-15T00:29:50","slug":"ceza-muhakemesi-sisteminde-seri-muhakeme-usulu-uzerine-bir-inceleme","status":"publish","type":"product","link":"https:\/\/roveyayinevi.com.tr\/index.php\/urun\/ceza-muhakemesi-sisteminde-seri-muhakeme-usulu-uzerine-bir-inceleme\/","title":{"rendered":"Ceza Muhakemesi Sisteminde Seri Muhakeme Usul\u00fc \u00dczerine Bir \u0130nceleme"},"content":{"rendered":"<p>Son y\u0131llarda, alternatif uyu\u015fmazl\u0131k \u00e7\u00f6z\u00fcm y\u00f6ntemlerine ve muhakeme s\u00fcre\u00e7lerinin h\u0131zland\u0131r\u0131ld\u0131\u011f\u0131 \u00f6zel usullere olan ilgi gittik\u00e7e artmakta ve bu usuller \u00fclkelerin pozitif d\u00fczenlemelerine yans\u0131maktad\u0131r. \u00dclkemizde de seri muhakeme usul\u00fc, ceza muhakemesi sistemimize yeni dahil olmu\u015f bir muhakeme usul\u00fcd\u00fcr. Muhakemenin basitle\u015ftirilmesi, h\u0131zland\u0131r\u0131lmas\u0131, makul s\u00fcrelerde ceza uyu\u015fmazl\u0131klar\u0131n\u0131n \u00e7\u00f6z\u00fcm\u00fcn\u00fcn yan\u0131 s\u0131ra, yarg\u0131n\u0131n i\u015f y\u00fck\u00fcn\u00fcn hafifletilmesi ve usul ekonomisine hizmet edilmesi noktas\u0131nda \u00f6nemli faydalar sa\u011flamaktad\u0131r. Bununla birlikte, bu \u00f6zel usuller, geleneksel ceza muhakemesinin temel kaideleri y\u00f6n\u00fcnden baz\u0131 sak\u0131ncalar\u0131 beraberinde getirmekte ve bilhassa adil yarg\u0131lama ilkeleri a\u00e7\u0131s\u0131ndan problemli \u00f6zellikler bar\u0131nd\u0131rabilmektedir. Bu \u00e7al\u0131\u015fmada, tarihsel s\u00fcre\u00e7te seri muhakeme usul\u00fc, seri muhakeme s\u00fcrecinde s\u00fcjelerin rolleri, kar\u015f\u0131la\u015ft\u0131rmal\u0131 hukukta seri muhakeme benzeri usuller \u00fczerine bir inceleme yap\u0131lm\u0131\u015f, ayr\u0131ca seri muhakeme usul\u00fcn\u00fcn, ceza muhakemesi sistemimizde yer alan uzla\u015ft\u0131rma, \u00f6n\u00f6deme ve basit yarg\u0131lama usulleriyle benzer ve farkl\u0131 y\u00f6nleri ortaya konulmaya \u00e7al\u0131\u015f\u0131lm\u0131\u015ft\u0131r.<\/p>\n","protected":false},"excerpt":{"rendered":"<p>Son y\u0131llarda, alternatif uyu\u015fmazl\u0131k \u00e7\u00f6z\u00fcm y\u00f6ntemlerine ve muhakeme s\u00fcre\u00e7lerinin h\u0131zland\u0131r\u0131ld\u0131\u011f\u0131 \u00f6zel usullere olan ilgi gittik\u00e7e artmakta ve bu usuller \u00fclkelerin pozitif d\u00fczenlemelerine yans\u0131maktad\u0131r. \u00dclkemizde de seri<span class=\"excerpt-hellip\"> [\u2026]<\/span><\/p>\n","protected":false},"featured_media":0,"template":"","meta":{"_monsterinsights_skip_tracking":false,"_monsterinsights_sitenote_active":false,"_monsterinsights_sitenote_note":"","_monsterinsights_sitenote_category":0},"product_brand":[],"product_cat":[15350,17602],"product_tag":[],"class_list":{"0":"post-764028","1":"product","2":"type-product","3":"status-publish","5":"product_cat-hukuk","6":"product_cat-hukuk-uzerine","7":"pa_cilt-ciltsiz","8":"pa_tur-kitap","9":"pa_yayinevi-astana-yayinlari","10":"pa_yazar-doc-dr-yusuf-yasar","12":"first","13":"instock","14":"sale","15":"shipping-taxable","16":"purchasable","17":"product-type-simple"},"_links":{"self":[{"href":"https:\/\/roveyayinevi.com.tr\/index.php\/wp-json\/wp\/v2\/product\/764028","targetHints":{"allow":["GET"]}}],"collection":[{"href":"https:\/\/roveyayinevi.com.tr\/index.php\/wp-json\/wp\/v2\/product"}],"about":[{"href":"https:\/\/roveyayinevi.com.tr\/index.php\/wp-json\/wp\/v2\/types\/product"}],"wp:attachment":[{"href":"https:\/\/roveyayinevi.com.tr\/index.php\/wp-json\/wp\/v2\/media?parent=764028"}],"wp:term":[{"taxonomy":"product_brand","embeddable":true,"href":"https:\/\/roveyayinevi.com.tr\/index.php\/wp-json\/wp\/v2\/product_brand?post=764028"},{"taxonomy":"product_cat","embeddable":true,"href":"https:\/\/roveyayinevi.com.tr\/index.php\/wp-json\/wp\/v2\/product_cat?post=764028"},{"taxonomy":"product_tag","embeddable":true,"href":"https:\/\/roveyayinevi.com.tr\/index.php\/wp-json\/wp\/v2\/product_tag?post=764028"}],"curies":[{"name":"wp","href":"https:\/\/api.w.org\/{rel}","templated":true}]}}