{"id":764026,"date":"2025-08-28T10:58:43","date_gmt":"2025-08-28T07:58:43","guid":{"rendered":"https:\/\/roveyayinevi.com.tr\/index.php\/urun\/insan-sanati\/"},"modified":"2026-04-15T03:29:50","modified_gmt":"2026-04-15T00:29:50","slug":"insan-sanati","status":"publish","type":"product","link":"https:\/\/roveyayinevi.com.tr\/index.php\/urun\/insan-sanati\/","title":{"rendered":"\u0130nsan Sanat\u0131"},"content":{"rendered":"<p>\u0130NSAN SANATI Nitelikli ve Etkili \u0130yi \u0130nsan Olmak \u0130nsan olmak, insan bedeni ta\u015f\u0131mak de\u011fildir. \u0130nsan olmak; ki\u015filik, karakter ve vicdan sahibi; d\u00fcr\u00fcst, g\u00fcvenilir, olgun ve erdemli; nitelikli ve etkili iyi bir insan olmakt\u0131r. Bu y\u00fczden \u201cinsan olmak\u201d bir sanatt\u0131r. Hayatta nitelikli ve etkili iyi bir insan olman\u0131n yol ve y\u00f6ntemleri a\u015fa\u011f\u0131daki b\u00f6l\u00fcmlerde \u00f6rneklerle a\u00e7\u0131klanm\u0131\u015ft\u0131r. \u0130nsan Olmak \u0130nsan Olman\u0131n \u0130lke ve \u00d6zellikleri Davran\u0131\u015f Sanat\u0131 Davran\u0131\u015flar\u0131 Olu\u015fturan \u00d6geler ve Etmenler \u0130nsan Davran\u0131\u015flar\u0131nda \u0130lke ve Kurallar \u0130nsanlar\u0131n Psikososyal Ortak \u00d6zellikleri \u0130nsan \u0130li\u015fkilerinde Etkili Davran\u0131\u015f Bi\u00e7imleri Kad\u0131n ve Erkek \u0130li\u015fkilerinde Davran\u0131\u015f Bi\u00e7imleri T\u00fcrk \u0130nsan\u0131n\u0131n Sosyok\u00fclt\u00fcrel Davran\u0131\u015f \u00d6zellikleri \u0130nsanlar\u0131 Tan\u0131ma ve Uygun Davranma Yol ve Y\u00f6ntemleri Konu\u015fma Sanat\u0131 G\u00fczel ve Etkili Konu\u015fma Takdir ve \u0130ltifat Etme Ele\u015ftirme, Tart\u0131\u015fma ve Anla\u015fma \u0130nsanlar\u0131 Etkileme ve \u0130kna Etme Topluluk \u00d6n\u00fcnde Etkili Konu\u015fma Etkin ve Etkili Dinleme \u0130maj ve \u0130leti\u015fim Sanat\u0131 Etkili \u0130maj ve \u0130zlenim Etkili \u0130leti\u015fim ve Beden Dili Evlilik Sanat\u0131 Mutlu Bir Evlilik Anne Baba \u00c7ocuk \u0130li\u015fkileri ve Davran\u0131\u015f Bi\u00e7imleri<\/p>\n","protected":false},"excerpt":{"rendered":"<p>\u0130NSAN SANATI Nitelikli ve Etkili \u0130yi \u0130nsan Olmak \u0130nsan olmak, insan bedeni ta\u015f\u0131mak de\u011fildir. \u0130nsan olmak; ki\u015filik, karakter ve vicdan sahibi; d\u00fcr\u00fcst, g\u00fcvenilir, olgun ve erdemli;<span class=\"excerpt-hellip\"> [\u2026]<\/span><\/p>\n","protected":false},"featured_media":0,"template":"","meta":{"_monsterinsights_skip_tracking":false,"_monsterinsights_sitenote_active":false,"_monsterinsights_sitenote_note":"","_monsterinsights_sitenote_category":0},"product_brand":[],"product_cat":[26663],"product_tag":[],"class_list":{"0":"post-764026","1":"product","2":"type-product","3":"status-publish","5":"product_cat-undefined","6":"pa_cilt-ciltsiz","7":"pa_tur-kitap","8":"pa_yayinevi-astana-yayinlari","9":"pa_yazar-nihat-ayturk","11":"first","12":"instock","13":"sale","14":"shipping-taxable","15":"purchasable","16":"product-type-simple"},"_links":{"self":[{"href":"https:\/\/roveyayinevi.com.tr\/index.php\/wp-json\/wp\/v2\/product\/764026","targetHints":{"allow":["GET"]}}],"collection":[{"href":"https:\/\/roveyayinevi.com.tr\/index.php\/wp-json\/wp\/v2\/product"}],"about":[{"href":"https:\/\/roveyayinevi.com.tr\/index.php\/wp-json\/wp\/v2\/types\/product"}],"wp:attachment":[{"href":"https:\/\/roveyayinevi.com.tr\/index.php\/wp-json\/wp\/v2\/media?parent=764026"}],"wp:term":[{"taxonomy":"product_brand","embeddable":true,"href":"https:\/\/roveyayinevi.com.tr\/index.php\/wp-json\/wp\/v2\/product_brand?post=764026"},{"taxonomy":"product_cat","embeddable":true,"href":"https:\/\/roveyayinevi.com.tr\/index.php\/wp-json\/wp\/v2\/product_cat?post=764026"},{"taxonomy":"product_tag","embeddable":true,"href":"https:\/\/roveyayinevi.com.tr\/index.php\/wp-json\/wp\/v2\/product_tag?post=764026"}],"curies":[{"name":"wp","href":"https:\/\/api.w.org\/{rel}","templated":true}]}}