{"id":764025,"date":"2025-08-28T10:58:42","date_gmt":"2025-08-28T07:58:42","guid":{"rendered":"https:\/\/roveyayinevi.com.tr\/index.php\/urun\/goc-ve-din\/"},"modified":"2026-04-15T03:29:50","modified_gmt":"2026-04-15T00:29:50","slug":"goc-ve-din","status":"publish","type":"product","link":"https:\/\/roveyayinevi.com.tr\/index.php\/urun\/goc-ve-din\/","title":{"rendered":"G\u00f6\u00e7 ve Din"},"content":{"rendered":"<p>\u0130nsanl\u0131k tarihi kadar kadim bir mesele olmakla birlikte son y\u0131llarda uluslararas\u0131 bir boyut kazanm\u0131\u015f olan g\u00f6\u00e7 olgusunu anlamak ve a\u00e7\u0131klamak \u00fczere yap\u0131lan ara\u015ft\u0131rmalar gerek d\u00fcnya genelinde gerekse T\u00fcrkiye \u00f6zelinde her ge\u00e7en g\u00fcn artm\u0131\u015ft\u0131r. Ancak son y\u0131llarda g\u00f6\u00e7 \u00e7al\u0131\u015fmalar\u0131n\u0131n art\u0131\u015f\u0131 ve akademik disiplinlerin \u00e7e\u015fitlili\u011fi g\u00f6z \u00f6n\u00fcne al\u0131nd\u0131\u011f\u0131nda, din fakt\u00f6r\u00fcn\u00fcn g\u00f6z ard\u0131 edildi\u011fi, bir di\u011fer ifadeyle g\u00f6\u00e7 olgusunun din fakt\u00f6r\u00fcnden ba\u011f\u0131ms\u0131z ele al\u0131nd\u0131\u011f\u0131 g\u00f6zlenmektedir. Do\u011fas\u0131 gere\u011fi bir\u00e7ok disiplin ile ili\u015fkisi olan, dolay\u0131s\u0131yla disiplinleraras\u0131 \u00e7al\u0131\u015fmalar\u0131 gerektiren g\u00f6\u00e7 olgusunun karma\u015f\u0131kl\u0131\u011f\u0131 kar\u015f\u0131s\u0131nda yeni ve b\u00fct\u00fcnc\u00fcl (holistik) yakla\u015f\u0131mlar aray\u0131\u015f\u0131n\u0131n h\u0131zland\u0131\u011f\u0131 bir s\u00fcre\u00e7te toplumsal bir olgu olarak dini, din fakt\u00f6r\u00fcn\u00fc dikkate almak, g\u00f6\u00e7\u00fcn sebepleri aras\u0131na din fakt\u00f6r\u00fcn\u00fc de eklemek, ara\u015ft\u0131rmac\u0131lar\u0131n nesnellik \u00e7izgisinde kalmas\u0131na, ideolojik y\u00f6nelim riskinden uzakla\u015fmas\u0131na ve bak\u0131\u015f a\u00e7\u0131lar\u0131n\u0131n geni\u015flemesine katk\u0131 yapt\u0131\u011f\u0131 gibi ara\u015ft\u0131rmalar\u0131n konu ve metodoloji a\u00e7\u0131s\u0131ndan \u00e7e\u015fitlenmesi ve zenginle\u015fmesine, sonu\u00e7lar\u0131n\u0131n da daha kapsaml\u0131 ve daha g\u00fcvenilir ve ge\u00e7erli olmas\u0131na yol a\u00e7acakt\u0131r.<\/p>\n","protected":false},"excerpt":{"rendered":"<p>\u0130nsanl\u0131k tarihi kadar kadim bir mesele olmakla birlikte son y\u0131llarda uluslararas\u0131 bir boyut kazanm\u0131\u015f olan g\u00f6\u00e7 olgusunu anlamak ve a\u00e7\u0131klamak \u00fczere yap\u0131lan ara\u015ft\u0131rmalar gerek d\u00fcnya genelinde<span class=\"excerpt-hellip\"> [\u2026]<\/span><\/p>\n","protected":false},"featured_media":0,"template":"","meta":{"_monsterinsights_skip_tracking":false,"_monsterinsights_sitenote_active":false,"_monsterinsights_sitenote_note":"","_monsterinsights_sitenote_category":0},"product_brand":[],"product_cat":[26663],"product_tag":[],"class_list":{"0":"post-764025","1":"product","2":"type-product","3":"status-publish","5":"product_cat-undefined","6":"pa_cilt-ciltsiz","7":"pa_tur-kitap","8":"pa_yayinevi-astana-yayinlari","9":"pa_yazar-mehmet-ali-kirman-ed-ilbey-dolek-ed","11":"first","12":"instock","13":"sale","14":"shipping-taxable","15":"purchasable","16":"product-type-simple"},"_links":{"self":[{"href":"https:\/\/roveyayinevi.com.tr\/index.php\/wp-json\/wp\/v2\/product\/764025","targetHints":{"allow":["GET"]}}],"collection":[{"href":"https:\/\/roveyayinevi.com.tr\/index.php\/wp-json\/wp\/v2\/product"}],"about":[{"href":"https:\/\/roveyayinevi.com.tr\/index.php\/wp-json\/wp\/v2\/types\/product"}],"wp:attachment":[{"href":"https:\/\/roveyayinevi.com.tr\/index.php\/wp-json\/wp\/v2\/media?parent=764025"}],"wp:term":[{"taxonomy":"product_brand","embeddable":true,"href":"https:\/\/roveyayinevi.com.tr\/index.php\/wp-json\/wp\/v2\/product_brand?post=764025"},{"taxonomy":"product_cat","embeddable":true,"href":"https:\/\/roveyayinevi.com.tr\/index.php\/wp-json\/wp\/v2\/product_cat?post=764025"},{"taxonomy":"product_tag","embeddable":true,"href":"https:\/\/roveyayinevi.com.tr\/index.php\/wp-json\/wp\/v2\/product_tag?post=764025"}],"curies":[{"name":"wp","href":"https:\/\/api.w.org\/{rel}","templated":true}]}}