{"id":764024,"date":"2025-08-28T10:58:41","date_gmt":"2025-08-28T07:58:41","guid":{"rendered":"https:\/\/roveyayinevi.com.tr\/index.php\/urun\/mesruiyet-ve-hukukilik-cercevesinde-saf-hukuk-kurami\/"},"modified":"2026-04-15T03:29:50","modified_gmt":"2026-04-15T00:29:50","slug":"mesruiyet-ve-hukukilik-cercevesinde-saf-hukuk-kurami","status":"publish","type":"product","link":"https:\/\/roveyayinevi.com.tr\/index.php\/urun\/mesruiyet-ve-hukukilik-cercevesinde-saf-hukuk-kurami\/","title":{"rendered":"Me\u015fruiyet ve Hukukilik \u00c7er\u00e7evesinde Saf Hukuk Kuram\u0131"},"content":{"rendered":"<p>Hans Kelsen &#8216;Saf Hukuk Kuram\u0131&#8217; ad\u0131n\u0131 verdi\u011fi teorisiyle hukuk\u00ee pozitivizmi farkl\u0131 bir ve\u00e7heden temellendirerek pek \u00e7ok tart\u0131\u015fman\u0131n \u00f6n\u00fcn\u00fc a\u00e7m\u0131\u015ft\u0131r. Saf bir hukuktan s\u00f6z edebilir miyiz? De\u011ferlere nispetle a\u00e7\u0131klanamayan bir norm hukuk\u00ee addedilebilir mi? Bu sorular\u0131n cevaplanabilmesi hukuk felsefesinin aray\u0131\u015f i\u00e7erisinde olmakta oldu\u011fu meselelerin \u00f6z\u00fcne dair bir d\u00fc\u015f\u00fcnme \u00e7abas\u0131 gerektirmektedir. Hukukun me\u015fruiyet krizinin zirvelerde oldu\u011fu Birinci ve \u0130kinci D\u00fcnya Sava\u015f\u0131 aras\u0131nda olu\u015fturdu\u011fu teorisiyle Kelsen, modern hukukun teorik tart\u0131\u015fmalar\u0131n\u0131n \u00f6z\u00fcne dair \u00e7\u0131kar\u0131mlar\u0131 ile t\u00fcm hukuk d\u00fcnyas\u0131n\u0131n teorisini ilgiyle izlemesini sa\u011flam\u0131\u015ft\u0131r. Uzun \u00f6mr\u00fcnde, teorisine gelen ele\u015ftirileri g\u00f6\u011f\u00fcslemeye \u00e7al\u0131\u015fsa da bir be\u015fer olarak bunda ne kadar muvaffak olabildi\u011fi, hatta teorisinde yapt\u0131\u011f\u0131 de\u011fi\u015fikliklerle ne kadar tutarl\u0131 oldu\u011fu bug\u00fcn dahi tart\u0131\u015fmal\u0131d\u0131r. Teorik a\u00e7\u0131klamalar\u0131n\u0131n yan\u0131nda anayasa yarg\u0131s\u0131 ve uluslararas\u0131 hukuka dair getirdi\u011fi perspektiflerle &#8216;yeni d\u00fcnyan\u0131n&#8217; hukuk d\u00fczenine yapt\u0131\u011f\u0131 kurumsal katk\u0131lar onu tekrar tekrar okunup anla\u015f\u0131lmaya gayret edilmesi gereken d\u00fc\u015f\u00fcn\u00fcrler kat\u0131na \u00e7\u0131karmaktad\u0131r. Bu eserin yay\u0131nlanmas\u0131 ile yap\u0131lmak istenen s\u00f6z konusu gayretlerden birinin okuyucu ile payla\u015f\u0131lmas\u0131d\u0131r.<\/p>\n","protected":false},"excerpt":{"rendered":"<p>Hans Kelsen &#8216;Saf Hukuk Kuram\u0131&#8217; ad\u0131n\u0131 verdi\u011fi teorisiyle hukuk\u00ee pozitivizmi farkl\u0131 bir ve\u00e7heden temellendirerek pek \u00e7ok tart\u0131\u015fman\u0131n \u00f6n\u00fcn\u00fc a\u00e7m\u0131\u015ft\u0131r. Saf bir hukuktan s\u00f6z edebilir miyiz? De\u011ferlere<span class=\"excerpt-hellip\"> [\u2026]<\/span><\/p>\n","protected":false},"featured_media":0,"template":"","meta":{"_monsterinsights_skip_tracking":false,"_monsterinsights_sitenote_active":false,"_monsterinsights_sitenote_note":"","_monsterinsights_sitenote_category":0},"product_brand":[],"product_cat":[15350,17602],"product_tag":[],"class_list":{"0":"post-764024","1":"product","2":"type-product","3":"status-publish","5":"product_cat-hukuk","6":"product_cat-hukuk-uzerine","7":"pa_cilt-ciltsiz","8":"pa_tur-kitap","9":"pa_yayinevi-astana-yayinlari","10":"pa_yazar-dr-ridvan-degirmenci","12":"first","13":"instock","14":"sale","15":"shipping-taxable","16":"purchasable","17":"product-type-simple"},"_links":{"self":[{"href":"https:\/\/roveyayinevi.com.tr\/index.php\/wp-json\/wp\/v2\/product\/764024","targetHints":{"allow":["GET"]}}],"collection":[{"href":"https:\/\/roveyayinevi.com.tr\/index.php\/wp-json\/wp\/v2\/product"}],"about":[{"href":"https:\/\/roveyayinevi.com.tr\/index.php\/wp-json\/wp\/v2\/types\/product"}],"wp:attachment":[{"href":"https:\/\/roveyayinevi.com.tr\/index.php\/wp-json\/wp\/v2\/media?parent=764024"}],"wp:term":[{"taxonomy":"product_brand","embeddable":true,"href":"https:\/\/roveyayinevi.com.tr\/index.php\/wp-json\/wp\/v2\/product_brand?post=764024"},{"taxonomy":"product_cat","embeddable":true,"href":"https:\/\/roveyayinevi.com.tr\/index.php\/wp-json\/wp\/v2\/product_cat?post=764024"},{"taxonomy":"product_tag","embeddable":true,"href":"https:\/\/roveyayinevi.com.tr\/index.php\/wp-json\/wp\/v2\/product_tag?post=764024"}],"curies":[{"name":"wp","href":"https:\/\/api.w.org\/{rel}","templated":true}]}}