{"id":764023,"date":"2025-08-28T10:58:39","date_gmt":"2025-08-28T07:58:39","guid":{"rendered":"https:\/\/roveyayinevi.com.tr\/index.php\/urun\/turkmenistan-ceza-kanunu\/"},"modified":"2026-04-15T03:29:50","modified_gmt":"2026-04-15T00:29:50","slug":"turkmenistan-ceza-kanunu","status":"publish","type":"product","link":"https:\/\/roveyayinevi.com.tr\/index.php\/urun\/turkmenistan-ceza-kanunu\/","title":{"rendered":"T\u00fcrkmenistan Ceza Kanunu"},"content":{"rendered":"<p>T\u00fcrkmenistan Ceza Kanunu &#8211; T\u00fcrkmenistanyn Jenayat Kanuny<\/p>\n","protected":false},"excerpt":{"rendered":"<p>T\u00fcrkmenistan Ceza Kanunu &#8211; T\u00fcrkmenistanyn Jenayat Kanuny<\/p>\n","protected":false},"featured_media":0,"template":"","meta":{"_monsterinsights_skip_tracking":false,"_monsterinsights_sitenote_active":false,"_monsterinsights_sitenote_note":"","_monsterinsights_sitenote_category":0},"product_brand":[],"product_cat":[15350],"product_tag":[],"class_list":{"0":"post-764023","1":"product","2":"type-product","3":"status-publish","5":"product_cat-hukuk","6":"pa_cilt-ciltsiz","7":"pa_tur-kitap","8":"pa_yayinevi-astana-yayinlari","9":"pa_yazar-gulnara-durmus-yusuf-yasar","11":"first","12":"instock","13":"sale","14":"shipping-taxable","15":"purchasable","16":"product-type-simple"},"_links":{"self":[{"href":"https:\/\/roveyayinevi.com.tr\/index.php\/wp-json\/wp\/v2\/product\/764023","targetHints":{"allow":["GET"]}}],"collection":[{"href":"https:\/\/roveyayinevi.com.tr\/index.php\/wp-json\/wp\/v2\/product"}],"about":[{"href":"https:\/\/roveyayinevi.com.tr\/index.php\/wp-json\/wp\/v2\/types\/product"}],"wp:attachment":[{"href":"https:\/\/roveyayinevi.com.tr\/index.php\/wp-json\/wp\/v2\/media?parent=764023"}],"wp:term":[{"taxonomy":"product_brand","embeddable":true,"href":"https:\/\/roveyayinevi.com.tr\/index.php\/wp-json\/wp\/v2\/product_brand?post=764023"},{"taxonomy":"product_cat","embeddable":true,"href":"https:\/\/roveyayinevi.com.tr\/index.php\/wp-json\/wp\/v2\/product_cat?post=764023"},{"taxonomy":"product_tag","embeddable":true,"href":"https:\/\/roveyayinevi.com.tr\/index.php\/wp-json\/wp\/v2\/product_tag?post=764023"}],"curies":[{"name":"wp","href":"https:\/\/api.w.org\/{rel}","templated":true}]}}