{"id":764019,"date":"2025-08-28T10:58:35","date_gmt":"2025-08-28T07:58:35","guid":{"rendered":"https:\/\/roveyayinevi.com.tr\/index.php\/urun\/nobelite\/"},"modified":"2026-04-15T03:29:50","modified_gmt":"2026-04-15T00:29:50","slug":"nobelite","status":"publish","type":"product","link":"https:\/\/roveyayinevi.com.tr\/index.php\/urun\/nobelite\/","title":{"rendered":"Nobelite"},"content":{"rendered":"<p>Hukuk ve \u0130ktisat Yakla\u015f\u0131m\u0131 genel olarak iktisat bilimindeki temel ara\u00e7lar\u0131, varsay\u0131mlar\u0131 ve metodolojiyi kullanarak formel ve informel kurumlar\u0131 inceleyen bir inter-disipliner ara\u015ft\u0131rma alan\u0131d\u0131r. Kurumsal \u0130ktisat, Anayasal Politik \u0130ktisat, Reg\u00fclasyon \u0130ktisad\u0131, M\u00fclkiyet Haklar\u0131 \u0130ktisad\u0131, \u0130\u015flem Maliyetleri \u0130ktisad\u0131, Su\u00e7 ve Ceza \u0130ktisad\u0131 gibi disiplinler Hukuk ve \u0130ktisat Yakla\u015f\u0131m\u0131 i\u00e7erisinde yer alan ba\u015fl\u0131ca ara\u015ft\u0131rma programlard\u0131r. Bug\u00fcne de\u011fin Hukuk ve \u0130ktisat Yakla\u015f\u0131m\u0131 \u015femsiyesi alt\u0131nda bu sayd\u0131\u011f\u0131m\u0131z disiplinlerin bir ya da birka\u00e7\u0131na do\u011frudan ve\/veya dolayl\u0131 olarak yapt\u0131klar\u0131 katk\u0131lar dolay\u0131s\u0131yla 10\u2019un \u00fczerinde bilim insan\u0131 Nobel Ekonomi \u00d6d\u00fcl\u00fc ile onurland\u0131r\u0131lm\u0131\u015flard\u0131r. NOBEL\u0130TE ad\u0131n\u0131 verdi\u011fimiz bu kitap i\u00e7erisinde F.A. von Hayek, George J. Stigler, James M. Buchanan, Ronald H. Coase, Gary S. Becker, Douglass C. North, Vernon L. Smith, Elinor Ostrom ve Oliver Williamson\u2019un Nobel sahiplerinin katk\u0131lar\u0131 sunulmaktad\u0131r.<\/p>\n","protected":false},"excerpt":{"rendered":"<p>Hukuk ve \u0130ktisat Yakla\u015f\u0131m\u0131 genel olarak iktisat bilimindeki temel ara\u00e7lar\u0131, varsay\u0131mlar\u0131 ve metodolojiyi kullanarak formel ve informel kurumlar\u0131 inceleyen bir inter-disipliner ara\u015ft\u0131rma alan\u0131d\u0131r. Kurumsal \u0130ktisat, Anayasal<span class=\"excerpt-hellip\"> [\u2026]<\/span><\/p>\n","protected":false},"featured_media":0,"template":"","meta":{"_monsterinsights_skip_tracking":false,"_monsterinsights_sitenote_active":false,"_monsterinsights_sitenote_note":"","_monsterinsights_sitenote_category":0},"product_brand":[],"product_cat":[13043],"product_tag":[],"class_list":{"0":"post-764019","1":"product","2":"type-product","3":"status-publish","5":"product_cat-ekonomi","6":"pa_cilt-ciltsiz","7":"pa_tur-kitap","8":"pa_yayinevi-astana-yayinlari","9":"pa_yazar-prof-dr-coskun-can-aktan-ed","11":"first","12":"instock","13":"sale","14":"shipping-taxable","15":"purchasable","16":"product-type-simple"},"_links":{"self":[{"href":"https:\/\/roveyayinevi.com.tr\/index.php\/wp-json\/wp\/v2\/product\/764019","targetHints":{"allow":["GET"]}}],"collection":[{"href":"https:\/\/roveyayinevi.com.tr\/index.php\/wp-json\/wp\/v2\/product"}],"about":[{"href":"https:\/\/roveyayinevi.com.tr\/index.php\/wp-json\/wp\/v2\/types\/product"}],"wp:attachment":[{"href":"https:\/\/roveyayinevi.com.tr\/index.php\/wp-json\/wp\/v2\/media?parent=764019"}],"wp:term":[{"taxonomy":"product_brand","embeddable":true,"href":"https:\/\/roveyayinevi.com.tr\/index.php\/wp-json\/wp\/v2\/product_brand?post=764019"},{"taxonomy":"product_cat","embeddable":true,"href":"https:\/\/roveyayinevi.com.tr\/index.php\/wp-json\/wp\/v2\/product_cat?post=764019"},{"taxonomy":"product_tag","embeddable":true,"href":"https:\/\/roveyayinevi.com.tr\/index.php\/wp-json\/wp\/v2\/product_tag?post=764019"}],"curies":[{"name":"wp","href":"https:\/\/api.w.org\/{rel}","templated":true}]}}