{"id":764018,"date":"2025-08-28T10:58:33","date_gmt":"2025-08-28T07:58:33","guid":{"rendered":"https:\/\/roveyayinevi.com.tr\/index.php\/urun\/kurumsal-iktisat\/"},"modified":"2026-04-15T03:29:49","modified_gmt":"2026-04-15T00:29:49","slug":"kurumsal-iktisat","status":"publish","type":"product","link":"https:\/\/roveyayinevi.com.tr\/index.php\/urun\/kurumsal-iktisat\/","title":{"rendered":"Kurumsal \u0130ktisat"},"content":{"rendered":"<p>\u0130yi hukuk olmadan iyi ekonomi olmaz. \u0130deal hukuk kurallar\u0131n\u0131n mevcut olmad\u0131\u011f\u0131 bir ekonomik d\u00fczenden istenen sonu\u00e7lar elde edilemez. Hukukun \u00fcst\u00fcnl\u00fc\u011f\u00fc ve geni\u015f anlamda anayasal hukuk devleti iktisadi d\u00fczenin ve iktisadi sistemin ba\u015far\u0131s\u0131n\u0131n anahtar\u0131d\u0131r. \u0130ktisadi refah\u0131n art\u0131r\u0131lmas\u0131 i\u00e7in formel kurallar\u0131n ve kurumlar\u0131n \u00f6nemi b\u00fcy\u00fckt\u00fcr. Bu bak\u0131mdan iktisat\u00e7\u0131lar\u0131n hukukun \u00f6nemi \u00fczerine daha fazla e\u011filmeleri gerekir. Ahlak, etik, erdem, de\u011ferler, sosyal sermaye, sosyal normlar, k\u00fclt\u00fcr gibi muhtelif kavramlarla izah edilen informel kurallar ve kurumlar da en az hukuk kadar \u00f6nemlidir ve k\u0131ymetlidir. Hatta denilebilir ki, ahlak (etik) i\u015flem maliyetleri dikkate al\u0131nd\u0131\u011f\u0131nda hukuktan \u00e7ok daha \u00f6nemlidir. \u00d6zetle, kurallar ve kurumlar; medeniyetin, iktisadi refah\u0131n, sosyal huzur ve bar\u0131\u015f\u0131n temelini olu\u015ftururlar.<\/p>\n","protected":false},"excerpt":{"rendered":"<p>\u0130yi hukuk olmadan iyi ekonomi olmaz. \u0130deal hukuk kurallar\u0131n\u0131n mevcut olmad\u0131\u011f\u0131 bir ekonomik d\u00fczenden istenen sonu\u00e7lar elde edilemez. Hukukun \u00fcst\u00fcnl\u00fc\u011f\u00fc ve geni\u015f anlamda anayasal hukuk devleti<span class=\"excerpt-hellip\"> [\u2026]<\/span><\/p>\n","protected":false},"featured_media":0,"template":"","meta":{"_monsterinsights_skip_tracking":false,"_monsterinsights_sitenote_active":false,"_monsterinsights_sitenote_note":"","_monsterinsights_sitenote_category":0},"product_brand":[],"product_cat":[13043,14381],"product_tag":[],"class_list":{"0":"post-764018","1":"product","2":"type-product","3":"status-publish","5":"product_cat-ekonomi","6":"product_cat-isletme-muhasebe-maliye","7":"pa_cilt-ciltsiz","8":"pa_tur-kitap","9":"pa_yayinevi-astana-yayinlari","10":"pa_yazar-prof-dr-coskun-can-aktan-ed","12":"first","13":"instock","14":"sale","15":"shipping-taxable","16":"purchasable","17":"product-type-simple"},"_links":{"self":[{"href":"https:\/\/roveyayinevi.com.tr\/index.php\/wp-json\/wp\/v2\/product\/764018","targetHints":{"allow":["GET"]}}],"collection":[{"href":"https:\/\/roveyayinevi.com.tr\/index.php\/wp-json\/wp\/v2\/product"}],"about":[{"href":"https:\/\/roveyayinevi.com.tr\/index.php\/wp-json\/wp\/v2\/types\/product"}],"wp:attachment":[{"href":"https:\/\/roveyayinevi.com.tr\/index.php\/wp-json\/wp\/v2\/media?parent=764018"}],"wp:term":[{"taxonomy":"product_brand","embeddable":true,"href":"https:\/\/roveyayinevi.com.tr\/index.php\/wp-json\/wp\/v2\/product_brand?post=764018"},{"taxonomy":"product_cat","embeddable":true,"href":"https:\/\/roveyayinevi.com.tr\/index.php\/wp-json\/wp\/v2\/product_cat?post=764018"},{"taxonomy":"product_tag","embeddable":true,"href":"https:\/\/roveyayinevi.com.tr\/index.php\/wp-json\/wp\/v2\/product_tag?post=764018"}],"curies":[{"name":"wp","href":"https:\/\/api.w.org\/{rel}","templated":true}]}}