{"id":764017,"date":"2025-08-28T10:58:32","date_gmt":"2025-08-28T07:58:32","guid":{"rendered":"https:\/\/roveyayinevi.com.tr\/index.php\/urun\/organizasyon-nasil-yonetili\/"},"modified":"2026-04-15T03:29:49","modified_gmt":"2026-04-15T00:29:49","slug":"organizasyon-nasil-yonetili","status":"publish","type":"product","link":"https:\/\/roveyayinevi.com.tr\/index.php\/urun\/organizasyon-nasil-yonetili\/","title":{"rendered":"Organizasyon Nas\u0131l Y\u00f6netili?"},"content":{"rendered":"<p>Olumlu bir kurumsal imaj olu\u015fturma kayg\u0131s\u0131 sebebiyle, her ne kadar organizasyonun i\u00e7erisinde, \u00e7evrimi\u00e7i platformlar\u0131nda veya tan\u0131t\u0131c\u0131 faaliyetlerinde misyon, vizyon veya \u00e7e\u015fitli politikalar gibi bilgilendirmeler i\u00e7 ve d\u0131\u015f payda\u015flar\u0131n g\u00f6rebilece\u011fi \u015fekilde yans\u0131t\u0131lsa da asl\u0131nda bu kavramlar g\u00f6r\u00fcnenden \u00e7ok daha \u00f6tesini temsil eder. Bu durum ise genellikle bir yan\u0131ltmacadan ba\u015fka bir anlam ifade etmemektedir. \u00c7\u00fcnk\u00fc bu kavramlar \u00e7o\u011fu zaman organizasyonel seviyede i\u00e7selle\u015ftirme d\u00fczeyine gelememektedir. Tam da bu noktada, organizasyonun varl\u0131\u011f\u0131n\u0131 s\u00fcrd\u00fcrmesini sa\u011flayacak \u201cy\u00f6netim\u201d becerileri \u00f6n plana \u00e7\u0131kmaktad\u0131r. Peki organizasyonlar\u0131 nas\u0131l daha iyi y\u00f6netebiliriz? \u0130\u015fte bu sorudan hareketle alg\u0131, bilgi, \u00e7at\u0131\u015fma, ku\u015fak, \u00e7e\u015fitlilik, de\u011fi\u015fim, imaj, kriz ve stres gibi \u00f6nemli kavramlar\u0131n stratejik olarak y\u00f6netilmesinin organizasyonlar\u0131 s\u00fcrd\u00fcrebilir k\u0131lmada kilit noktalar oldu\u011funa dikkat \u00e7ekmek amac\u0131yla keyifle okuyaca\u011f\u0131n\u0131z\u0131 d\u00fc\u015f\u00fcnd\u00fc\u011f\u00fcm\u00fcz bu eseri kaleme ald\u0131k.<\/p>\n","protected":false},"excerpt":{"rendered":"<p>Olumlu bir kurumsal imaj olu\u015fturma kayg\u0131s\u0131 sebebiyle, her ne kadar organizasyonun i\u00e7erisinde, \u00e7evrimi\u00e7i platformlar\u0131nda veya tan\u0131t\u0131c\u0131 faaliyetlerinde misyon, vizyon veya \u00e7e\u015fitli politikalar gibi bilgilendirmeler i\u00e7 ve<span class=\"excerpt-hellip\"> [\u2026]<\/span><\/p>\n","protected":false},"featured_media":0,"template":"","meta":{"_monsterinsights_skip_tracking":false,"_monsterinsights_sitenote_active":false,"_monsterinsights_sitenote_note":"","_monsterinsights_sitenote_category":0},"product_brand":[],"product_cat":[13043,17647],"product_tag":[],"class_list":{"0":"post-764017","1":"product","2":"type-product","3":"status-publish","5":"product_cat-ekonomi","6":"product_cat-is-dunyasi","7":"pa_cilt-ciltsiz","8":"pa_tur-kitap","9":"pa_yayinevi-astana-yayinlari","10":"pa_yazar-doc-dr-onur-basar-ozbozkurt-fatma-yesilkus","12":"first","13":"instock","14":"sale","15":"shipping-taxable","16":"purchasable","17":"product-type-simple"},"_links":{"self":[{"href":"https:\/\/roveyayinevi.com.tr\/index.php\/wp-json\/wp\/v2\/product\/764017","targetHints":{"allow":["GET"]}}],"collection":[{"href":"https:\/\/roveyayinevi.com.tr\/index.php\/wp-json\/wp\/v2\/product"}],"about":[{"href":"https:\/\/roveyayinevi.com.tr\/index.php\/wp-json\/wp\/v2\/types\/product"}],"wp:attachment":[{"href":"https:\/\/roveyayinevi.com.tr\/index.php\/wp-json\/wp\/v2\/media?parent=764017"}],"wp:term":[{"taxonomy":"product_brand","embeddable":true,"href":"https:\/\/roveyayinevi.com.tr\/index.php\/wp-json\/wp\/v2\/product_brand?post=764017"},{"taxonomy":"product_cat","embeddable":true,"href":"https:\/\/roveyayinevi.com.tr\/index.php\/wp-json\/wp\/v2\/product_cat?post=764017"},{"taxonomy":"product_tag","embeddable":true,"href":"https:\/\/roveyayinevi.com.tr\/index.php\/wp-json\/wp\/v2\/product_tag?post=764017"}],"curies":[{"name":"wp","href":"https:\/\/api.w.org\/{rel}","templated":true}]}}