{"id":764016,"date":"2025-08-28T10:58:31","date_gmt":"2025-08-28T07:58:31","guid":{"rendered":"https:\/\/roveyayinevi.com.tr\/index.php\/urun\/sia-imamiyyenin-bidat-anlayisi\/"},"modified":"2026-04-15T03:29:49","modified_gmt":"2026-04-15T00:29:49","slug":"sia-imamiyyenin-bidat-anlayisi","status":"publish","type":"product","link":"https:\/\/roveyayinevi.com.tr\/index.php\/urun\/sia-imamiyyenin-bidat-anlayisi\/","title":{"rendered":"\u015eia-\u0130mamiyye\u2019nin Bid\u2018at Anlay\u0131\u015f\u0131"},"content":{"rendered":"<p>Bid\u2018at anlay\u0131\u015flar\u0131 genel hatlar\u0131yla benzer olan \u0130m\u00e2miyye ve Ehl-i s\u00fcnnet; ehl-i bid\u2018ata y\u00f6neltilen iman kar\u015f\u0131t\u0131 nitelemeler konusunda da benzer bir anlay\u0131\u015fa sahip olmakla birlikte, bunlardan ilki daha sert bir s\u00f6ylem geli\u015ftirmi\u015ftir. Kanaatimizce bunun nedeni, bid\u2018at\u0131 din\u00ee alanla s\u0131n\u0131rlayan anlay\u0131\u015f\u0131 tercih eden \u0130m\u00e2miyye\u2019nin, bu alana ili\u015fkin ihd\u00e2slarla Allah\u2019\u0131n kanun koyma yetkisine m\u00fcdahale aras\u0131ndaki ba\u011f\u0131 \u00f6ne \u00e7\u0131karmas\u0131 ve t\u00fcm bid\u2018atlar\u0131 tek k\u0131s\u0131m g\u00f6r\u00fcp iman kar\u015f\u0131t\u0131 olarak nitelemesidir. Her iki ekolden baz\u0131 gruplar\u0131n, birtak\u0131m gayr-\u0131 sahih rivayetlerden hareketle ehl-i bid\u2018at\u0131n ibadet ve tevbelerinin makbul olmad\u0131\u011f\u0131n\u0131 s\u00f6ylemelerinin Allah\u2019\u0131n rahmeti, merhameti ve affedicili\u011fiyle ba\u011fda\u015fmad\u0131\u011f\u0131, bu noktaya temas eden naslarla sabittir. Ayn\u0131 \u015fekilde her iki ekolde de ehl-i bid\u2018at i\u00e7in \u00f6ng\u00f6r\u00fclen \u015fiddet i\u00e7erikli \u00e7e\u015fitli fiziksel yapt\u0131r\u0131mlar\u0131n baz\u0131 zamanlarda uyguland\u0131\u011f\u0131na rastlanmaktad\u0131r. Fikr\u00ee boyutta ise bid\u2018at ve ehl-i bid\u2018at kavramlar\u0131n\u0131n bir \u201c\u00f6tekile\u015ftirme\u201d ve \u201cbask\u0131 arac\u0131\u201d \u015feklinde kullan\u0131lageldi\u011fi anla\u015f\u0131lmaktad\u0131r. Bid\u2018at literat\u00fcr\u00fcnde yer alan \u00f6nemli bir konu da \u0130ftir\u00e2k hadisi olarak da bilinen ve \u0130sl\u00e2m \u00fcmmetini 73 f\u0131rkaya b\u00f6l\u00fcp bunlardan sadece birini cennete, di\u011ferlerini ise cehenneme g\u00f6nderen rivayetlerdir. Bu rivayetlerin farkl\u0131 veya has\u0131m f\u0131rkalar\u0131 \u201c\u00f6tekile\u015ftirme\u201d ve onlar\u0131 bid\u2018at\u0131n kayna\u011f\u0131 olarak g\u00f6sterip taksim etmede bir \u015fablon gibi kullan\u0131lmas\u0131, ehl-i hadis\u2019in bid\u2018atlar doktrini\u2019nin kazan\u0131mlar\u0131ndan biridir. Zira onlar, ehl-i bid\u2018at f\u0131rkalar\u0131n\u0131 say\u0131 bak\u0131m\u0131ndan 72\u2019ye tamamlamak i\u00e7in tevhid prensibine ters d\u00fc\u015fse de kendi anlay\u0131\u015flar\u0131yla ba\u011fda\u015ft\u0131rmad\u0131klar\u0131 farkl\u0131 yorum ve anlay\u0131\u015f tarzlar\u0131yla birlikte \u201cyeni\u201d olan her \u015feyi bid\u2018at ve sap\u0131kl\u0131kla ith\u00e2m etmi\u015flerdir. Bu durum, f\u0131k\u0131h alan\u0131nda b\u00fcy\u00fck bir ho\u015fg\u00f6r\u00fc ve ictihat k\u00fclt\u00fcr\u00fc geli\u015ftiren \u0130sl\u00e2m \u00fcmmetinin, itik\u00e2d\u00ee alanda ise farkl\u0131 yorum ve anlay\u0131\u015f tarzlar\u0131na ayn\u0131 m\u00fcsamahay\u0131 g\u00f6stermeyi ba\u015faramad\u0131\u011f\u0131n\u0131 ortaya koymaktad\u0131r.<\/p>\n","protected":false},"excerpt":{"rendered":"<p>Bid\u2018at anlay\u0131\u015flar\u0131 genel hatlar\u0131yla benzer olan \u0130m\u00e2miyye ve Ehl-i s\u00fcnnet; ehl-i bid\u2018ata y\u00f6neltilen iman kar\u015f\u0131t\u0131 nitelemeler konusunda da benzer bir anlay\u0131\u015fa sahip olmakla birlikte, bunlardan ilki<span class=\"excerpt-hellip\"> [\u2026]<\/span><\/p>\n","protected":false},"featured_media":0,"template":"","meta":{"_monsterinsights_skip_tracking":false,"_monsterinsights_sitenote_active":false,"_monsterinsights_sitenote_note":"","_monsterinsights_sitenote_category":0},"product_brand":[],"product_cat":[12718,12719],"product_tag":[],"class_list":{"0":"post-764016","1":"product","2":"type-product","3":"status-publish","5":"product_cat-din","6":"product_cat-islam","7":"pa_cilt-ciltsiz","8":"pa_tur-kitap","9":"pa_yayinevi-astana-yayinlari","10":"pa_yazar-dr-nezir-mavis","12":"first","13":"instock","14":"sale","15":"shipping-taxable","16":"purchasable","17":"product-type-simple"},"_links":{"self":[{"href":"https:\/\/roveyayinevi.com.tr\/index.php\/wp-json\/wp\/v2\/product\/764016","targetHints":{"allow":["GET"]}}],"collection":[{"href":"https:\/\/roveyayinevi.com.tr\/index.php\/wp-json\/wp\/v2\/product"}],"about":[{"href":"https:\/\/roveyayinevi.com.tr\/index.php\/wp-json\/wp\/v2\/types\/product"}],"wp:attachment":[{"href":"https:\/\/roveyayinevi.com.tr\/index.php\/wp-json\/wp\/v2\/media?parent=764016"}],"wp:term":[{"taxonomy":"product_brand","embeddable":true,"href":"https:\/\/roveyayinevi.com.tr\/index.php\/wp-json\/wp\/v2\/product_brand?post=764016"},{"taxonomy":"product_cat","embeddable":true,"href":"https:\/\/roveyayinevi.com.tr\/index.php\/wp-json\/wp\/v2\/product_cat?post=764016"},{"taxonomy":"product_tag","embeddable":true,"href":"https:\/\/roveyayinevi.com.tr\/index.php\/wp-json\/wp\/v2\/product_tag?post=764016"}],"curies":[{"name":"wp","href":"https:\/\/api.w.org\/{rel}","templated":true}]}}