{"id":764014,"date":"2025-08-28T10:58:28","date_gmt":"2025-08-28T07:58:28","guid":{"rendered":"https:\/\/roveyayinevi.com.tr\/index.php\/urun\/avusturya-iktisat-okulu\/"},"modified":"2026-04-15T03:29:49","modified_gmt":"2026-04-15T00:29:49","slug":"avusturya-iktisat-okulu","status":"publish","type":"product","link":"https:\/\/roveyayinevi.com.tr\/index.php\/urun\/avusturya-iktisat-okulu\/","title":{"rendered":"Avusturya \u0130ktisat Okulu"},"content":{"rendered":"<p>Avusturya iktisat okulunu \u201ciktisadi d\u00fc\u015f\u00fcnceler tarihi\u201d kitaplar\u0131n\u0131n tozlar i\u00e7erisinde kalm\u0131\u015f ve eskimi\u015f bir b\u00f6l\u00fcm\u00fc olarak g\u00f6rmek ve okumak b\u00fcy\u00fck bir hata ve yan\u0131lg\u0131d\u0131r. Avusturya iktisat okulu i\u00e7erisinde felsefe, sosyoloji, psikoloji, politika gibi sosyal ve be\u015feri bilimlere kaynakl\u0131k etmi\u015f ve edecek olan bir b\u00fcy\u00fck maden yatmaktad\u0131r. \u00d6rne\u011fin, F.A. von Hayek tek ba\u015f\u0131na b\u00f6yle bir \u201ct\u00fckenmez maden\u201ddir ve bu okul gen\u00e7 ku\u015fak Avusturya iktisat okulunun \u201cyenilenebilir\u201d enerji kaynaklar\u0131 ile s\u00fcrekli desteklenmektedir. Bug\u00fcn Avusturya iktisat okulu \u00f6zellikle Amerika ve Avrupa\u2019da sayg\u0131n bir iktisat okulu olarak varl\u0131\u011f\u0131n\u0131 ve etkilerini s\u00fcrd\u00fcrmektedir. Yeni ku\u015fak Avusturya iktisat okulu mensuplar\u0131 piyasa ekonomisi, rekabet, giri\u015fimcilik, yenilik ve yarat\u0131c\u0131l\u0131k, reg\u00fclasyon, iktisadi analizlerde dengesizlik ve belirsizlik, kurallar ve kurumlar\u0131n evrimsel geli\u015fimi, rasyonalite ve irrasyonalite, k\u00fclt\u00fcrel iktisat, serbest bankac\u0131l\u0131k (\u00f6zel para sistemi) gibi konularda ara\u015ft\u0131rmalar\u0131n\u0131 s\u00fcrd\u00fcrmektedirler.<\/p>\n","protected":false},"excerpt":{"rendered":"<p>Avusturya iktisat okulunu \u201ciktisadi d\u00fc\u015f\u00fcnceler tarihi\u201d kitaplar\u0131n\u0131n tozlar i\u00e7erisinde kalm\u0131\u015f ve eskimi\u015f bir b\u00f6l\u00fcm\u00fc olarak g\u00f6rmek ve okumak b\u00fcy\u00fck bir hata ve yan\u0131lg\u0131d\u0131r. Avusturya iktisat okulu<span class=\"excerpt-hellip\"> [\u2026]<\/span><\/p>\n","protected":false},"featured_media":0,"template":"","meta":{"_monsterinsights_skip_tracking":false,"_monsterinsights_sitenote_active":false,"_monsterinsights_sitenote_note":"","_monsterinsights_sitenote_category":0},"product_brand":[],"product_cat":[12388],"product_tag":[],"class_list":{"0":"post-764014","1":"product","2":"type-product","3":"status-publish","5":"product_cat-felsefe","6":"pa_cilt-ciltsiz","7":"pa_tur-kitap","8":"pa_yayinevi-astana-yayinlari","9":"pa_yazar-coskun-can-aktan","10":"pa_yazar-turan-yay-amp","12":"first","13":"instock","14":"sale","15":"shipping-taxable","16":"purchasable","17":"product-type-simple"},"_links":{"self":[{"href":"https:\/\/roveyayinevi.com.tr\/index.php\/wp-json\/wp\/v2\/product\/764014","targetHints":{"allow":["GET"]}}],"collection":[{"href":"https:\/\/roveyayinevi.com.tr\/index.php\/wp-json\/wp\/v2\/product"}],"about":[{"href":"https:\/\/roveyayinevi.com.tr\/index.php\/wp-json\/wp\/v2\/types\/product"}],"wp:attachment":[{"href":"https:\/\/roveyayinevi.com.tr\/index.php\/wp-json\/wp\/v2\/media?parent=764014"}],"wp:term":[{"taxonomy":"product_brand","embeddable":true,"href":"https:\/\/roveyayinevi.com.tr\/index.php\/wp-json\/wp\/v2\/product_brand?post=764014"},{"taxonomy":"product_cat","embeddable":true,"href":"https:\/\/roveyayinevi.com.tr\/index.php\/wp-json\/wp\/v2\/product_cat?post=764014"},{"taxonomy":"product_tag","embeddable":true,"href":"https:\/\/roveyayinevi.com.tr\/index.php\/wp-json\/wp\/v2\/product_tag?post=764014"}],"curies":[{"name":"wp","href":"https:\/\/api.w.org\/{rel}","templated":true}]}}