{"id":764013,"date":"2025-08-28T10:58:27","date_gmt":"2025-08-28T07:58:27","guid":{"rendered":"https:\/\/roveyayinevi.com.tr\/index.php\/urun\/iyi-yonetisim-ve-insani-kalkinma\/"},"modified":"2026-04-15T03:29:49","modified_gmt":"2026-04-15T00:29:49","slug":"iyi-yonetisim-ve-insani-kalkinma","status":"publish","type":"product","link":"https:\/\/roveyayinevi.com.tr\/index.php\/urun\/iyi-yonetisim-ve-insani-kalkinma\/","title":{"rendered":"\u0130yi Y\u00f6neti\u015fim ve \u0130nsani Kalk\u0131nma"},"content":{"rendered":"<p>\u201c\u2026B\u00fct\u00fcn kara par\u00e7alar\u0131nda, Afrika dahil.\u201dCemal S\u00fcreyyaBu kitab\u0131n konusu, 1990 sonras\u0131 Afrika\u2019da insani kalk\u0131nmad\u0131r. \u00c7al\u0131\u015fmada genel olarak Afrika\u2019da az geli\u015fmi\u015flik ya da d\u00fc\u015f\u00fck insani kalk\u0131nma sorunu \u00fczerinde durulmu\u015ftur. Afrika, d\u00fcnya genelinde insani kalk\u0131nma a\u00e7\u0131s\u0131ndan \u00e7ok gerilerdedir. K\u0131ta \u00fclkelerinin neredeyse tamam\u0131n\u0131n a\u00e7l\u0131k s\u0131n\u0131r\u0131nda yer almaktad\u0131r. 2019 BM insani kalk\u0131nma raporu ve verileri incelendi\u011finde Afrika \u00fclkelerininin t\u00fcm kategorilerde listenin son s\u0131ras\u0131nda yer ald\u0131\u011f\u0131 g\u00f6r\u00fclmektedir. \u00d6rne\u011fin genel HDI s\u0131ralamas\u0131nda listenin en ba\u015f\u0131nda 0,954 puanla Norve\u00e7 bulunurken, listenin sonunda 0,377 puanla bir Afrika \u00fclkesi olan Nijer bulunmaktad\u0131r. HDI\u2019y\u0131 olu\u015fturan ki\u015fi ba\u015f\u0131na d\u00fc\u015fen milli gelir s\u0131ralamas\u0131nda ilk s\u0131rada 110,489 skor ile Katar bulunurken, son s\u0131rada 0,660 skor ile Burundi yer almaktad\u0131r.Bu kitapta, 1990 sonras\u0131 Afrika\u2019da d\u00fc\u015f\u00fck insani kalk\u0131nma sorununa \u00e7\u00f6z\u00fcm aray\u0131\u015f\u0131na, siyaset bilimi ve kamu y\u00f6netimi perspektifinden yakla\u015f\u0131lm\u0131\u015f ve iyi y\u00f6neti\u015fim ile s\u0131n\u0131rland\u0131r\u0131lm\u0131\u015ft\u0131r. Zira insani kalk\u0131nman\u0131n \u00f6n\u00fcndeki engellerin b\u00fcy\u00fck \u00f6l\u00e7\u00fcde siyasi ve idari nitelikte oldu\u011fu d\u00fc\u015f\u00fcn\u00fclmektedir. \u00d6rne\u011fin DB taraf\u0131ndan 1989 y\u0131l\u0131nda Afrika ile ilgili haz\u0131rlanan Sub Saharan Africa: From Crisis to Sustainable Development adl\u0131 rapora g\u00f6re; \u201cAfrika\u2019da ya\u015fanan d\u00fc\u015f\u00fck kalk\u0131nma krizinin ana nedeni y\u00f6neti\u015fim krizidir\u201d. Ba\u015fka bir deyi\u015fle Afrika\u2019da iyi y\u00f6netim olmad\u0131\u011f\u0131 i\u00e7in kalk\u0131nma krizi ya\u015fanmaktad\u0131r. So\u011fuk sava\u015f\u0131n bitmesi, liberalizmin y\u00fckseli\u015fe ge\u00e7mesi, Sovyet Bloku\u2019nun \u00e7\u00f6kmesiyle ba\u015flayan d\u00f6nemde Bat\u0131l\u0131 kurumlar\u0131n s\u0131k\u00e7a dillendirdi\u011fi bu iddia, akademik a\u00e7\u0131dan tart\u0131\u015fmaya de\u011ferdir. Bu nedenle kitapta; \u201c1990 sonras\u0131 Afrika\u2019da d\u00fc\u015f\u00fck insani kalk\u0131nma ile iyi y\u00f6neti\u015fim aras\u0131nda ne ili\u015fki vard\u0131r? Sorusuna cevap aranmaya \u00e7al\u0131\u015f\u0131lm\u0131\u015ft\u0131r. Bu sorunun cevaplanmas\u0131 hem pratik hem de akademik a\u00e7\u0131dan b\u00fcy\u00fck \u00f6nem ta\u015f\u0131maktad\u0131r. Pratik a\u00e7\u0131dan bu soruya cevap aramak, Afrika\u2019da insanlar\u0131n \u00e7o\u011funun muzdarip oldu\u011fu yoksulluk, a\u00e7l\u0131k, hastal\u0131k, cehalet gibi insani kalk\u0131nma sorunlar\u0131n\u0131n \u00e7\u00f6z\u00fcm\u00fcne y\u00f6nelik d\u00fc\u015f\u00fcnceler geli\u015ftirmek suretiyle insanl\u0131\u011f\u0131n refah\u0131na, mutlulu\u011funa ve bar\u0131\u015f\u0131na katk\u0131 sa\u011flayabilecek \u00f6neriler geli\u015ftirmeye olanak sa\u011flayabilir. Akademik a\u00e7\u0131dan T\u00fcrkiye\u2019de siyaset bilimi ve kamu y\u00f6netimi ara\u015ft\u0131rmalar\u0131nda Afrika\u2019da insani kalk\u0131nman\u0131n iyi y\u00f6neti\u015fim a\u00e7\u0131s\u0131ndan tart\u0131\u015f\u0131lmas\u0131 g\u00f6rece ihmal edilen yeni bir aland\u0131r.Kitapta iyi y\u00f6neti\u015fim ve insani kalk\u0131nma ili\u015fkisi Afrika \u00fclkeleri \u00f6rne\u011finde nitel ve nicel y\u00f6ntemlerle ara\u015ft\u0131r\u0131lm\u0131\u015ft\u0131r.<\/p>\n","protected":false},"excerpt":{"rendered":"<p>\u201c\u2026B\u00fct\u00fcn kara par\u00e7alar\u0131nda, Afrika dahil.\u201dCemal S\u00fcreyyaBu kitab\u0131n konusu, 1990 sonras\u0131 Afrika\u2019da insani kalk\u0131nmad\u0131r. \u00c7al\u0131\u015fmada genel olarak Afrika\u2019da az geli\u015fmi\u015flik ya da d\u00fc\u015f\u00fck insani kalk\u0131nma sorunu \u00fczerinde<span class=\"excerpt-hellip\"> [\u2026]<\/span><\/p>\n","protected":false},"featured_media":0,"template":"","meta":{"_monsterinsights_skip_tracking":false,"_monsterinsights_sitenote_active":false,"_monsterinsights_sitenote_note":"","_monsterinsights_sitenote_category":0},"product_brand":[],"product_cat":[12337],"product_tag":[],"class_list":{"0":"post-764013","1":"product","2":"type-product","3":"status-publish","5":"product_cat-politika-siyaset","6":"pa_cilt-ciltsiz","7":"pa_tur-kitap","8":"pa_yayinevi-astana-yayinlari","9":"pa_yazar-dr-hatun-korkmaz","11":"first","12":"instock","13":"sale","14":"shipping-taxable","15":"purchasable","16":"product-type-simple"},"_links":{"self":[{"href":"https:\/\/roveyayinevi.com.tr\/index.php\/wp-json\/wp\/v2\/product\/764013","targetHints":{"allow":["GET"]}}],"collection":[{"href":"https:\/\/roveyayinevi.com.tr\/index.php\/wp-json\/wp\/v2\/product"}],"about":[{"href":"https:\/\/roveyayinevi.com.tr\/index.php\/wp-json\/wp\/v2\/types\/product"}],"wp:attachment":[{"href":"https:\/\/roveyayinevi.com.tr\/index.php\/wp-json\/wp\/v2\/media?parent=764013"}],"wp:term":[{"taxonomy":"product_brand","embeddable":true,"href":"https:\/\/roveyayinevi.com.tr\/index.php\/wp-json\/wp\/v2\/product_brand?post=764013"},{"taxonomy":"product_cat","embeddable":true,"href":"https:\/\/roveyayinevi.com.tr\/index.php\/wp-json\/wp\/v2\/product_cat?post=764013"},{"taxonomy":"product_tag","embeddable":true,"href":"https:\/\/roveyayinevi.com.tr\/index.php\/wp-json\/wp\/v2\/product_tag?post=764013"}],"curies":[{"name":"wp","href":"https:\/\/api.w.org\/{rel}","templated":true}]}}