{"id":764012,"date":"2025-08-28T10:58:25","date_gmt":"2025-08-28T07:58:25","guid":{"rendered":"https:\/\/roveyayinevi.com.tr\/index.php\/urun\/bir-sorunsal-olarak-abdullah-cevdet-ziya-gokalp-ve-erol-gungorde-batililasma\/"},"modified":"2026-04-15T03:29:49","modified_gmt":"2026-04-15T00:29:49","slug":"bir-sorunsal-olarak-abdullah-cevdet-ziya-gokalp-ve-erol-gungorde-batililasma","status":"publish","type":"product","link":"https:\/\/roveyayinevi.com.tr\/index.php\/urun\/bir-sorunsal-olarak-abdullah-cevdet-ziya-gokalp-ve-erol-gungorde-batililasma\/","title":{"rendered":"Bir Sorunsal Olarak Abdullah Cevdet, Ziya G\u00f6kalp ve Erol G\u00fcng\u00f6r\u2019de Bat\u0131l\u0131la\u015fma"},"content":{"rendered":"<p>T\u00fcrkiye&#8217;nin \u00f6zellikle son birka\u00e7 y\u00fczy\u0131ll\u0131k d\u00f6nemi, Bat\u0131l\u0131la\u015fma hareketleri kapsam\u0131nda, daha \u00f6nce benzeri g\u00f6r\u00fclmemi\u015f bir h\u0131zda art\u0131\u015f g\u00f6stermi\u015f bir d\u00f6neme kar\u015f\u0131l\u0131k gelmektedir. Osmanl\u0131 Devleti&#8217;nin y\u0131k\u0131l\u0131\u015f d\u00f6neminde reform anlay\u0131\u015f\u0131yla ba\u015flayan s\u00fcre\u00e7, Cumhuriyet d\u00f6nemiyle ink\u0131lap d\u00fc\u015f\u00fcncesine evrilerek devam etmi\u015f olan Bat\u0131l\u0131la\u015fma arzusu, bug\u00fcn g\u00fcncelli\u011fini korumaya devam etmektedir. Ancak hen\u00fcz kesin bir ba\u015far\u0131 sa\u011fland\u0131\u011f\u0131 s\u00f6ylenemez. Bu \u00e7al\u0131\u015fma Osmanl\u0131&#8217;dan Cumhuriyet&#8217;e uzanan s\u00fcre\u00e7te T\u00fcrk sosyal bilimler alan\u0131nda \u00f6zg\u00fcn duru\u015flara sahip Abdullah Cevdet&#8217;in, Ziya G\u00f6kalp&#8217;in ve Erol G\u00fcng\u00f6r&#8217;\u00fcn Bat\u0131l\u0131la\u015fma sorunsal\u0131 kapsam\u0131ndaki fikirlerini ele alm\u0131\u015ft\u0131r. \u00c7al\u0131\u015fman\u0131n amac\u0131, bug\u00fcne kadar tart\u0131\u015f\u0131lma kabiliyetini koruyan Bat\u0131l\u0131la\u015fma anlay\u0131\u015f\u0131n\u0131n, \u00fc\u00e7 d\u00fc\u015f\u00fcn\u00fcr \u00e7er\u00e7evesinde incelenerek Bat\u0131l\u0131la\u015fma sorunsal\u0131na \u00e7\u00f6z\u00fcm bulunup bulunamayaca\u011f\u0131n\u0131 sorgulamakt\u0131r. D\u00fc\u015f\u00fcn\u00fcrler ve eserleri hakk\u0131nda literat\u00fcr taramas\u0131 yap\u0131larak ve Bat\u0131l\u0131la\u015fma kapsam\u0131nda kendi eserleri incelenerek ger\u00e7ekle\u015ftirilen bu \u00e7al\u0131\u015fmada, her biri farkl\u0131 d\u00f6nem ve \u00e7izgileri temsil eden \u00fc\u00e7 T\u00fcrk ayd\u0131n\u0131n\u0131n Bat\u0131l\u0131la\u015fma sorunsal\u0131na yakla\u015f\u0131m tarzlar\u0131 ve \u00f6nerdikleri \u00e7\u00f6z\u00fcmler incelenmi\u015ftir. \u00c7al\u0131\u015fmada bu \u00fc\u00e7 d\u00fc\u015f\u00fcn\u00fcr\u00fcn, fikirleriyle ya\u015fad\u0131klar\u0131 d\u00f6nemin sorunlar\u0131na \u00e7are olmaya \u00e7al\u0131\u015ft\u0131klar\u0131 g\u00f6r\u00fclm\u00fc\u015ft\u00fcr. Bu inceleme, d\u00fcnden bug\u00fcne de\u011fi\u015fen ve geli\u015fen tarihi s\u00fcre\u00e7 \u00fczerinden fikirleri g\u00f6rerek, bug\u00fcne cevap bulabilmek i\u00e7in bir yol g\u00f6sterici niteli\u011findedir. T\u00fcrkiye&#8217;nin Bat\u0131l\u0131la\u015fmaya dair i\u00e7inde bulundu\u011fu sorunlar\u0131n \u00e7\u00f6z\u00fcmleri b\u00fcy\u00fck \u00f6l\u00e7\u00fcde ge\u00e7mi\u015finde sakl\u0131d\u0131r. Dolay\u0131s\u0131yla, bu \u00fc\u00e7 d\u00fc\u015f\u00fcn\u00fcr\u00fcn de T\u00fcrkiye&#8217;nin Bat\u0131l\u0131la\u015fma s\u00fcrecini anlayabilmek ad\u0131na bize \u0131\u015f\u0131k tuttu\u011fu s\u00f6ylenebilir.<\/p>\n","protected":false},"excerpt":{"rendered":"<p>T\u00fcrkiye&#8217;nin \u00f6zellikle son birka\u00e7 y\u00fczy\u0131ll\u0131k d\u00f6nemi, Bat\u0131l\u0131la\u015fma hareketleri kapsam\u0131nda, daha \u00f6nce benzeri g\u00f6r\u00fclmemi\u015f bir h\u0131zda art\u0131\u015f g\u00f6stermi\u015f bir d\u00f6neme kar\u015f\u0131l\u0131k gelmektedir. Osmanl\u0131 Devleti&#8217;nin y\u0131k\u0131l\u0131\u015f d\u00f6neminde reform<span class=\"excerpt-hellip\"> [\u2026]<\/span><\/p>\n","protected":false},"featured_media":0,"template":"","meta":{"_monsterinsights_skip_tracking":false,"_monsterinsights_sitenote_active":false,"_monsterinsights_sitenote_note":"","_monsterinsights_sitenote_category":0},"product_brand":[],"product_cat":[12312,12304],"product_tag":[],"class_list":{"0":"post-764012","1":"product","2":"type-product","3":"status-publish","5":"product_cat-diger","6":"product_cat-tarih","7":"pa_cilt-ciltsiz","8":"pa_tur-kitap","9":"pa_yayinevi-astana-yayinlari","10":"pa_yazar-seyma-ozel","12":"first","13":"instock","14":"sale","15":"shipping-taxable","16":"purchasable","17":"product-type-simple"},"_links":{"self":[{"href":"https:\/\/roveyayinevi.com.tr\/index.php\/wp-json\/wp\/v2\/product\/764012","targetHints":{"allow":["GET"]}}],"collection":[{"href":"https:\/\/roveyayinevi.com.tr\/index.php\/wp-json\/wp\/v2\/product"}],"about":[{"href":"https:\/\/roveyayinevi.com.tr\/index.php\/wp-json\/wp\/v2\/types\/product"}],"wp:attachment":[{"href":"https:\/\/roveyayinevi.com.tr\/index.php\/wp-json\/wp\/v2\/media?parent=764012"}],"wp:term":[{"taxonomy":"product_brand","embeddable":true,"href":"https:\/\/roveyayinevi.com.tr\/index.php\/wp-json\/wp\/v2\/product_brand?post=764012"},{"taxonomy":"product_cat","embeddable":true,"href":"https:\/\/roveyayinevi.com.tr\/index.php\/wp-json\/wp\/v2\/product_cat?post=764012"},{"taxonomy":"product_tag","embeddable":true,"href":"https:\/\/roveyayinevi.com.tr\/index.php\/wp-json\/wp\/v2\/product_tag?post=764012"}],"curies":[{"name":"wp","href":"https:\/\/api.w.org\/{rel}","templated":true}]}}