{"id":764011,"date":"2025-08-28T10:58:24","date_gmt":"2025-08-28T07:58:24","guid":{"rendered":"https:\/\/roveyayinevi.com.tr\/index.php\/urun\/cozumlu-farsca-orta-seviye-metinler\/"},"modified":"2026-04-15T03:29:49","modified_gmt":"2026-04-15T00:29:49","slug":"cozumlu-farsca-orta-seviye-metinler","status":"publish","type":"product","link":"https:\/\/roveyayinevi.com.tr\/index.php\/urun\/cozumlu-farsca-orta-seviye-metinler\/","title":{"rendered":"\u00c7\u00f6z\u00fcml\u00fc Fars\u00e7a Orta Seviye Metinler"},"content":{"rendered":"<p>Al\u0131\u015ft\u0131rma S\u00f6zl\u00fck Cevap Anahtar\u0131 \u00c7\u00d6Z\u00dcML\u00dc FARS\u00c7A ORTA SEV\u0130YE MET\u0130NLER \u00c7eviri \u0130\u00e7eren Metinler<\/p>\n","protected":false},"excerpt":{"rendered":"<p>Al\u0131\u015ft\u0131rma S\u00f6zl\u00fck Cevap Anahtar\u0131 \u00c7\u00d6Z\u00dcML\u00dc FARS\u00c7A ORTA SEV\u0130YE MET\u0130NLER \u00c7eviri \u0130\u00e7eren Metinler<\/p>\n","protected":false},"featured_media":0,"template":"","meta":{"_monsterinsights_skip_tracking":false,"_monsterinsights_sitenote_active":false,"_monsterinsights_sitenote_note":"","_monsterinsights_sitenote_category":0},"product_brand":[],"product_cat":[12567,12566],"product_tag":[],"class_list":{"0":"post-764011","1":"product","2":"type-product","3":"status-publish","5":"product_cat-diger-egitim","6":"product_cat-egitim","7":"pa_cilt-ciltsiz","8":"pa_tur-kitap","9":"pa_yayinevi-astana-yayinlari","10":"pa_yazar-dr-ahmad-jabbari","12":"first","13":"instock","14":"sale","15":"shipping-taxable","16":"purchasable","17":"product-type-simple"},"_links":{"self":[{"href":"https:\/\/roveyayinevi.com.tr\/index.php\/wp-json\/wp\/v2\/product\/764011","targetHints":{"allow":["GET"]}}],"collection":[{"href":"https:\/\/roveyayinevi.com.tr\/index.php\/wp-json\/wp\/v2\/product"}],"about":[{"href":"https:\/\/roveyayinevi.com.tr\/index.php\/wp-json\/wp\/v2\/types\/product"}],"wp:attachment":[{"href":"https:\/\/roveyayinevi.com.tr\/index.php\/wp-json\/wp\/v2\/media?parent=764011"}],"wp:term":[{"taxonomy":"product_brand","embeddable":true,"href":"https:\/\/roveyayinevi.com.tr\/index.php\/wp-json\/wp\/v2\/product_brand?post=764011"},{"taxonomy":"product_cat","embeddable":true,"href":"https:\/\/roveyayinevi.com.tr\/index.php\/wp-json\/wp\/v2\/product_cat?post=764011"},{"taxonomy":"product_tag","embeddable":true,"href":"https:\/\/roveyayinevi.com.tr\/index.php\/wp-json\/wp\/v2\/product_tag?post=764011"}],"curies":[{"name":"wp","href":"https:\/\/api.w.org\/{rel}","templated":true}]}}