{"id":764010,"date":"2025-08-28T10:58:23","date_gmt":"2025-08-28T07:58:23","guid":{"rendered":"https:\/\/roveyayinevi.com.tr\/index.php\/urun\/lider-hukumdarlar-turklerde-yonetim-sanati\/"},"modified":"2026-04-15T03:29:49","modified_gmt":"2026-04-15T00:29:49","slug":"lider-hukumdarlar-turklerde-yonetim-sanati","status":"publish","type":"product","link":"https:\/\/roveyayinevi.com.tr\/index.php\/urun\/lider-hukumdarlar-turklerde-yonetim-sanati\/","title":{"rendered":"Lider H\u00fck\u00fcmdarlar &#8211; T\u00fcrklerde Y\u00f6netim Sanat\u0131"},"content":{"rendered":"<p>T\u00fcrkler, 2240 y\u0131ll\u0131k tarih i\u00e7inde 141 imparatorluk, devlet, hanl\u0131k, sultanl\u0131k, beylik kurmu\u015f; y\u00fczy\u0131llarca \u00fc\u00e7 k\u0131tada cihana h\u00e2kim olmu\u015f; y\u00f6netimleri, k\u00fclt\u00fcr ve medeniyetleriyle \u00f6rnek ve \u00f6nder olmu\u015f soylu ve y\u00fcce bir millettir. Bu y\u00fczdendir ki d\u00fcnya tarihinin her safhas\u0131nda, d\u00fcnya co\u011frafyas\u0131n\u0131n her par\u00e7as\u0131nda T\u00fcrkler vard\u0131r. D\u00fcnyada T\u00fcrklerin olmad\u0131\u011f\u0131, T\u00fcrk\u00e7enin konu\u015fulmad\u0131\u011f\u0131 yer yoktur. D\u00fcnya T\u00fcrklerin \u00fclkesidir. T\u00fcrkler d\u00fcnya milletidir. Bug\u00fcn d\u00fcnyada 171 \u00fclkede T\u00fcrk\u00e7e konu\u015fulmaktad\u0131r. T\u00fcrk\u00e7e d\u00fcnyada konu\u015fulan en yayg\u0131n 5. dildir.T\u00fcrkler devlet \u00f6rg\u00fctleme ve y\u00f6netme bilgi, birikim ve becerileriyle fethettikleri \u00fclkelerde her din ve etnik k\u00f6kenden milletleri tarih boyunca adalet, g\u00fcvenlik, \u00f6zg\u00fcrl\u00fck, huzur, refah ve ho\u015fg\u00f6r\u00fc i\u00e7inde ba\u015far\u0131yla y\u00f6netmi\u015flerdir. Devlet kurmak ve y\u00f6netmek T\u00fcrklerin ruhunda ve geninde olan bir meziyettir. Nitekim \u00fcnl\u00fc tarih\u00e7i Rene Grusset; \u201cT\u00fcrkler h\u00fck\u00fcmran olmak i\u00e7in yarat\u0131lm\u0131\u015f bir millettir\u201d diyerek bu ger\u00e7e\u011fi ifade etmi\u015ftir. Zira tarihte kurulan ve y\u00f6netilen b\u00fct\u00fcn T\u00fcrk devletleri deha sahibi, ola\u011fan\u00fcst\u00fc yetenekli lider-h\u00fck\u00fcmdarlar\u0131n eseridir.Bu kitapta; Mete Han\u2019dan itibaren b\u00fcy\u00fck T\u00fcrk devletlerinin y\u00f6netim yap\u0131lar\u0131 ile bu devletleri \u00fcst\u00fcn ba\u015far\u0131yla y\u00f6neten lider h\u00fck\u00fcmdarlar\u0131n \u00fcst\u00fcn ki\u015filikleri, ya\u015fam bi\u00e7imleri, liderlik yetenek ve nitelikleri, \u00fcst\u00fcn hizmetleri ve zaferleri kaynaklara dayal\u0131 olarak anlat\u0131lm\u0131\u015ft\u0131r.<\/p>\n","protected":false},"excerpt":{"rendered":"<p>T\u00fcrkler, 2240 y\u0131ll\u0131k tarih i\u00e7inde 141 imparatorluk, devlet, hanl\u0131k, sultanl\u0131k, beylik kurmu\u015f; y\u00fczy\u0131llarca \u00fc\u00e7 k\u0131tada cihana h\u00e2kim olmu\u015f; y\u00f6netimleri, k\u00fclt\u00fcr ve medeniyetleriyle \u00f6rnek ve \u00f6nder olmu\u015f<span class=\"excerpt-hellip\"> [\u2026]<\/span><\/p>\n","protected":false},"featured_media":0,"template":"","meta":{"_monsterinsights_skip_tracking":false,"_monsterinsights_sitenote_active":false,"_monsterinsights_sitenote_note":"","_monsterinsights_sitenote_category":0},"product_brand":[],"product_cat":[12337,14706],"product_tag":[],"class_list":{"0":"post-764010","1":"product","2":"type-product","3":"status-publish","5":"product_cat-politika-siyaset","6":"product_cat-siyaset-bilimi","7":"pa_cilt-ciltsiz","8":"pa_tur-kitap","9":"pa_yayinevi-astana-yayinlari","10":"pa_yazar-nihat-ayturk","12":"first","13":"instock","14":"sale","15":"shipping-taxable","16":"purchasable","17":"product-type-simple"},"_links":{"self":[{"href":"https:\/\/roveyayinevi.com.tr\/index.php\/wp-json\/wp\/v2\/product\/764010","targetHints":{"allow":["GET"]}}],"collection":[{"href":"https:\/\/roveyayinevi.com.tr\/index.php\/wp-json\/wp\/v2\/product"}],"about":[{"href":"https:\/\/roveyayinevi.com.tr\/index.php\/wp-json\/wp\/v2\/types\/product"}],"wp:attachment":[{"href":"https:\/\/roveyayinevi.com.tr\/index.php\/wp-json\/wp\/v2\/media?parent=764010"}],"wp:term":[{"taxonomy":"product_brand","embeddable":true,"href":"https:\/\/roveyayinevi.com.tr\/index.php\/wp-json\/wp\/v2\/product_brand?post=764010"},{"taxonomy":"product_cat","embeddable":true,"href":"https:\/\/roveyayinevi.com.tr\/index.php\/wp-json\/wp\/v2\/product_cat?post=764010"},{"taxonomy":"product_tag","embeddable":true,"href":"https:\/\/roveyayinevi.com.tr\/index.php\/wp-json\/wp\/v2\/product_tag?post=764010"}],"curies":[{"name":"wp","href":"https:\/\/api.w.org\/{rel}","templated":true}]}}