{"id":764008,"date":"2025-08-28T10:58:20","date_gmt":"2025-08-28T07:58:20","guid":{"rendered":"https:\/\/roveyayinevi.com.tr\/index.php\/urun\/turkiyenin-konumu\/"},"modified":"2026-04-15T03:29:49","modified_gmt":"2026-04-15T00:29:49","slug":"turkiyenin-konumu","status":"publish","type":"product","link":"https:\/\/roveyayinevi.com.tr\/index.php\/urun\/turkiyenin-konumu\/","title":{"rendered":"T\u00fcrkiye&#8217;nin Konumu"},"content":{"rendered":"<p>T\u00fcrkiye Cumhuriyeti, d\u00fcnyada ortaya \u00e7\u0131kan yeni b\u00fcy\u00fck de\u011fi\u015fim r\u00fczgarlar\u0131n\u0131n etkisiyle so\u011fuk sava\u015f sonras\u0131nda sars\u0131nt\u0131l\u0131 bir d\u00f6neme girmi\u015ftir. \u0130ki kutuplu d\u00fcnyadan \u00e7ok kutuplu yeni d\u00f6neme ge\u00e7ilirken, b\u00f6lge \u00fclkeleri ile birlikte yeni emperyal sald\u0131r\u0131lara maruz kalan T\u00fcrkiye Cumhuriyeti, de\u011fi\u015fimin dayatmalar\u0131na kar\u015f\u0131 direnerek ge\u00e7mi\u015ften gelen kazan\u0131lm\u0131\u015f haklar\u0131n\u0131 korumak ve bunun i\u00e7in de yeni d\u00fcnya d\u00fczeninde daha iyi ve g\u00fcvenli bir yere sahip olmak durumundad\u0131r. Bu nedenle jeopolitik konular\u0131n daha a\u00e7\u0131k tart\u0131\u015f\u0131lmas\u0131 ve T\u00fcrkiye\u2019nin de\u011fi\u015fen jeopolitik duruma en verimli bir \u00e7izgide uyum sa\u011flamas\u0131 gerekmektedir. Elinizde tuttu\u011funuz bu kitap T\u00fcrkiye\u2019nin jeopolitik konumunu ortaya koyarak, T\u00fcrk devletinin bu d\u00f6neme\u00e7ten hasara u\u011framadan \u00e7\u0131kabilmesi amac\u0131yla haz\u0131rlanm\u0131\u015ft\u0131r. T\u00fcrkiye Cumhuriyetinin harita \u00fczerindeki konumunu bilenler, T\u00fcrkiye\u2019nin gelece\u011finde daha fazla belirleyici olacaklard\u0131r.<\/p>\n","protected":false},"excerpt":{"rendered":"<p>T\u00fcrkiye Cumhuriyeti, d\u00fcnyada ortaya \u00e7\u0131kan yeni b\u00fcy\u00fck de\u011fi\u015fim r\u00fczgarlar\u0131n\u0131n etkisiyle so\u011fuk sava\u015f sonras\u0131nda sars\u0131nt\u0131l\u0131 bir d\u00f6neme girmi\u015ftir. \u0130ki kutuplu d\u00fcnyadan \u00e7ok kutuplu yeni d\u00f6neme ge\u00e7ilirken, b\u00f6lge<span class=\"excerpt-hellip\"> [\u2026]<\/span><\/p>\n","protected":false},"featured_media":0,"template":"","meta":{"_monsterinsights_skip_tracking":false,"_monsterinsights_sitenote_active":false,"_monsterinsights_sitenote_note":"","_monsterinsights_sitenote_category":0},"product_brand":[],"product_cat":[12337,14543],"product_tag":[],"class_list":{"0":"post-764008","1":"product","2":"type-product","3":"status-publish","5":"product_cat-politika-siyaset","6":"product_cat-turkiye-siyaseti-ve-politikasi","7":"pa_cilt-ciltsiz","8":"pa_tur-kitap","9":"pa_yayinevi-astana-yayinlari","10":"pa_yazar-anil-cecen","12":"first","13":"instock","14":"sale","15":"shipping-taxable","16":"purchasable","17":"product-type-simple"},"_links":{"self":[{"href":"https:\/\/roveyayinevi.com.tr\/index.php\/wp-json\/wp\/v2\/product\/764008","targetHints":{"allow":["GET"]}}],"collection":[{"href":"https:\/\/roveyayinevi.com.tr\/index.php\/wp-json\/wp\/v2\/product"}],"about":[{"href":"https:\/\/roveyayinevi.com.tr\/index.php\/wp-json\/wp\/v2\/types\/product"}],"wp:attachment":[{"href":"https:\/\/roveyayinevi.com.tr\/index.php\/wp-json\/wp\/v2\/media?parent=764008"}],"wp:term":[{"taxonomy":"product_brand","embeddable":true,"href":"https:\/\/roveyayinevi.com.tr\/index.php\/wp-json\/wp\/v2\/product_brand?post=764008"},{"taxonomy":"product_cat","embeddable":true,"href":"https:\/\/roveyayinevi.com.tr\/index.php\/wp-json\/wp\/v2\/product_cat?post=764008"},{"taxonomy":"product_tag","embeddable":true,"href":"https:\/\/roveyayinevi.com.tr\/index.php\/wp-json\/wp\/v2\/product_tag?post=764008"}],"curies":[{"name":"wp","href":"https:\/\/api.w.org\/{rel}","templated":true}]}}