{"id":764007,"date":"2025-08-28T10:58:19","date_gmt":"2025-08-28T07:58:19","guid":{"rendered":"https:\/\/roveyayinevi.com.tr\/index.php\/urun\/beyin-temelli-ogrenme-ve-turkce-egitimi\/"},"modified":"2026-04-15T03:29:49","modified_gmt":"2026-04-15T00:29:49","slug":"beyin-temelli-ogrenme-ve-turkce-egitimi","status":"publish","type":"product","link":"https:\/\/roveyayinevi.com.tr\/index.php\/urun\/beyin-temelli-ogrenme-ve-turkce-egitimi\/","title":{"rendered":"Beyin Temelli \u00d6\u011frenme ve T\u00fcrk\u00e7e E\u011fitimi"},"content":{"rendered":"<p>\u00d6\u011frencilerde kal\u0131c\u0131 \u00f6\u011frenmeyi sa\u011flayabilmek olduk\u00e7a \u00f6nemlidir. Ana dile ait \u00e7e\u015fitli kazan\u0131mlar\u0131n kal\u0131c\u0131 bir bi\u00e7imde edindirilmesi de T\u00fcrk\u00e7e e\u011fitiminin temel felsefesi olmal\u0131d\u0131r. Aksi halde ana dilinin temel ko\u015fullar\u0131n\u0131 i\u00e7selle\u015ftiremeyen bireyden nitelikli bir e\u011fitim \u00e7\u0131kt\u0131s\u0131 olarak bahsetmek pek m\u00fcmk\u00fcn olamaz. Gerek g\u00fcn\u00fcm\u00fczde gerekse gelecekte yeterli s\u00f6z varl\u0131\u011f\u0131na sahip olmak bir\u00e7ok kazan\u0131m\u0131n beceri haline d\u00f6n\u00fc\u015fmesinde temel prensip olarak ifade edilebilir. Yeterli s\u00f6z varl\u0131\u011f\u0131na sahip olmak, bireyin ileti\u015fim becerisi ve okudu\u011funu anlama d\u00fczeyinin y\u00fcksek olmas\u0131n\u0131 sa\u011flayabilece\u011fi gibi bir\u00e7ok kazan\u0131m\u0131n i\u00e7selle\u015ftirilmesinde de bireye yard\u0131mc\u0131 olacakt\u0131r. Bu noktada aslolan bu kazan\u0131mlar\u0131n kal\u0131c\u0131 bir bi\u00e7imde bireylerde v\u00fccut bulmas\u0131d\u0131r. Bu eser beyin temelli \u00f6\u011frenme zemininde bireylerde kal\u0131c\u0131 \u00f6\u011frenmenin sa\u011flanmas\u0131 noktas\u0131nda sizlere yard\u0131mc\u0131 olacakt\u0131r. S\u00f6z varl\u0131\u011f\u0131n\u0131 geli\u015ftirme ve bu \u00e7er\u00e7evede okudu\u011funu anlama temelinde karma desen bir ara\u015ft\u0131rman\u0131n sonucu olan bu kitap T\u00fcrk\u00e7e e\u011fitimine ait kazan\u0131mlar\u0131n kal\u0131c\u0131 bir bi\u00e7imde edindirilebilece\u011fini kan\u0131tlarken ba\u015fka \u00e7al\u0131\u015fmalara da ilham kayna\u011f\u0131 olacakt\u0131r.<\/p>\n","protected":false},"excerpt":{"rendered":"<p>\u00d6\u011frencilerde kal\u0131c\u0131 \u00f6\u011frenmeyi sa\u011flayabilmek olduk\u00e7a \u00f6nemlidir. Ana dile ait \u00e7e\u015fitli kazan\u0131mlar\u0131n kal\u0131c\u0131 bir bi\u00e7imde edindirilmesi de T\u00fcrk\u00e7e e\u011fitiminin temel felsefesi olmal\u0131d\u0131r. Aksi halde ana dilinin temel<span class=\"excerpt-hellip\"> [\u2026]<\/span><\/p>\n","protected":false},"featured_media":0,"template":"","meta":{"_monsterinsights_skip_tracking":false,"_monsterinsights_sitenote_active":false,"_monsterinsights_sitenote_note":"","_monsterinsights_sitenote_category":0},"product_brand":[],"product_cat":[12567,12566],"product_tag":[],"class_list":{"0":"post-764007","1":"product","2":"type-product","3":"status-publish","5":"product_cat-diger-egitim","6":"product_cat-egitim","7":"pa_cilt-ciltsiz","8":"pa_tur-kitap","9":"pa_yayinevi-astana-yayinlari","10":"pa_yazar-dr-umit-yegen","12":"first","13":"instock","14":"sale","15":"shipping-taxable","16":"purchasable","17":"product-type-simple"},"_links":{"self":[{"href":"https:\/\/roveyayinevi.com.tr\/index.php\/wp-json\/wp\/v2\/product\/764007","targetHints":{"allow":["GET"]}}],"collection":[{"href":"https:\/\/roveyayinevi.com.tr\/index.php\/wp-json\/wp\/v2\/product"}],"about":[{"href":"https:\/\/roveyayinevi.com.tr\/index.php\/wp-json\/wp\/v2\/types\/product"}],"wp:attachment":[{"href":"https:\/\/roveyayinevi.com.tr\/index.php\/wp-json\/wp\/v2\/media?parent=764007"}],"wp:term":[{"taxonomy":"product_brand","embeddable":true,"href":"https:\/\/roveyayinevi.com.tr\/index.php\/wp-json\/wp\/v2\/product_brand?post=764007"},{"taxonomy":"product_cat","embeddable":true,"href":"https:\/\/roveyayinevi.com.tr\/index.php\/wp-json\/wp\/v2\/product_cat?post=764007"},{"taxonomy":"product_tag","embeddable":true,"href":"https:\/\/roveyayinevi.com.tr\/index.php\/wp-json\/wp\/v2\/product_tag?post=764007"}],"curies":[{"name":"wp","href":"https:\/\/api.w.org\/{rel}","templated":true}]}}