{"id":764004,"date":"2025-08-28T10:58:14","date_gmt":"2025-08-28T07:58:14","guid":{"rendered":"https:\/\/roveyayinevi.com.tr\/index.php\/urun\/avrasya-denkleminde-rusya-cin-rekabeti\/"},"modified":"2026-04-15T03:29:49","modified_gmt":"2026-04-15T00:29:49","slug":"avrasya-denkleminde-rusya-cin-rekabeti","status":"publish","type":"product","link":"https:\/\/roveyayinevi.com.tr\/index.php\/urun\/avrasya-denkleminde-rusya-cin-rekabeti\/","title":{"rendered":"Avrasya Denkleminde Rusya-\u00c7in Rekabeti"},"content":{"rendered":"<p>Uluslararas\u0131 politikada ya\u015fanan son geli\u015fmeler, Amerika Birle\u015fik Devletleri, \u00c7in ve Rusya aras\u0131nda cereyan eden k\u00fcresel rekabeti giderek derinle\u015ftirmektedir. Avrasya b\u00f6lgesi ise her ge\u00e7en g\u00fcn bu k\u00fcresel m\u00fccadeledeki stratejik konumunu peki\u015ftirmektedir. B\u00f6lgenin iki \u00f6nemli g\u00fcc\u00fc olan Rusya ve \u00c7in aras\u0131ndaki i\u015fbirli\u011fine dayanan rekabeti konu alan bu \u00e7al\u0131\u015fma, okuyucusuna detayl\u0131 bilgiler veren, okuyucuda soru i\u015faretleri uyand\u0131ran, i\u015fbirli\u011fine dayal\u0131 bu rekabeti farkl\u0131 perspektiflerden inceleyen, iki \u00fclkenin ekonomik, siyasi ve jeopolitik \u00e7\u0131kar \u00e7at\u0131\u015fmalar\u0131na yer veren, i\u015fbirli\u011fi olmas\u0131na ra\u011fmen ikili ili\u015fkilerin \u00e7at\u0131\u015fma potansiyeli ta\u015f\u0131yabilece\u011fine de de\u011finen kapsaml\u0131 bir \u00e7al\u0131\u015fmad\u0131r. D\u00fcnyan\u0131n d\u00f6nmeye devam etti\u011fi ve dengelerin s\u00fcrekli olarak de\u011fi\u015fti\u011fi k\u00fcresel sistemde yeni ihtiya\u00e7lar\u0131n yeni ittifaklar do\u011furdu\u011funu g\u00f6r\u00fcyor, elinizdeki bu kitab\u0131n olu\u015fan ihtiya\u00e7lar ve kurulan ittifaklar konusunda yard\u0131mc\u0131 bir kaynak olaca\u011f\u0131na inan\u0131yoruz.<\/p>\n","protected":false},"excerpt":{"rendered":"<p>Uluslararas\u0131 politikada ya\u015fanan son geli\u015fmeler, Amerika Birle\u015fik Devletleri, \u00c7in ve Rusya aras\u0131nda cereyan eden k\u00fcresel rekabeti giderek derinle\u015ftirmektedir. Avrasya b\u00f6lgesi ise her ge\u00e7en g\u00fcn bu k\u00fcresel<span class=\"excerpt-hellip\"> [\u2026]<\/span><\/p>\n","protected":false},"featured_media":0,"template":"","meta":{"_monsterinsights_skip_tracking":false,"_monsterinsights_sitenote_active":false,"_monsterinsights_sitenote_note":"","_monsterinsights_sitenote_category":0},"product_brand":[],"product_cat":[12337,17225],"product_tag":[],"class_list":{"0":"post-764004","1":"product","2":"type-product","3":"status-publish","5":"product_cat-politika-siyaset","6":"product_cat-uluslararasi-iliskiler","7":"pa_cilt-ciltsiz","8":"pa_tur-kitap","9":"pa_yayinevi-astana-yayinlari","10":"pa_yazar-murat-yorulmaz-serdar-yilmaz","12":"first","13":"instock","14":"sale","15":"shipping-taxable","16":"purchasable","17":"product-type-simple"},"_links":{"self":[{"href":"https:\/\/roveyayinevi.com.tr\/index.php\/wp-json\/wp\/v2\/product\/764004","targetHints":{"allow":["GET"]}}],"collection":[{"href":"https:\/\/roveyayinevi.com.tr\/index.php\/wp-json\/wp\/v2\/product"}],"about":[{"href":"https:\/\/roveyayinevi.com.tr\/index.php\/wp-json\/wp\/v2\/types\/product"}],"wp:attachment":[{"href":"https:\/\/roveyayinevi.com.tr\/index.php\/wp-json\/wp\/v2\/media?parent=764004"}],"wp:term":[{"taxonomy":"product_brand","embeddable":true,"href":"https:\/\/roveyayinevi.com.tr\/index.php\/wp-json\/wp\/v2\/product_brand?post=764004"},{"taxonomy":"product_cat","embeddable":true,"href":"https:\/\/roveyayinevi.com.tr\/index.php\/wp-json\/wp\/v2\/product_cat?post=764004"},{"taxonomy":"product_tag","embeddable":true,"href":"https:\/\/roveyayinevi.com.tr\/index.php\/wp-json\/wp\/v2\/product_tag?post=764004"}],"curies":[{"name":"wp","href":"https:\/\/api.w.org\/{rel}","templated":true}]}}