{"id":764002,"date":"2025-08-28T10:58:12","date_gmt":"2025-08-28T07:58:12","guid":{"rendered":"https:\/\/roveyayinevi.com.tr\/index.php\/urun\/1990li-yillardan-gunumuze-kuresel-finansal-mimari\/"},"modified":"2026-04-15T03:29:49","modified_gmt":"2026-04-15T00:29:49","slug":"1990li-yillardan-gunumuze-kuresel-finansal-mimari","status":"publish","type":"product","link":"https:\/\/roveyayinevi.com.tr\/index.php\/urun\/1990li-yillardan-gunumuze-kuresel-finansal-mimari\/","title":{"rendered":"1990\u2019l\u0131 Y\u0131llardan G\u00fcn\u00fcm\u00fcze K\u00fcresel Finansal Mimari"},"content":{"rendered":"<p>Finansal k\u00fcreselle\u015fme ile birlikte d\u00fcnya ekonomisinde finansal krizlerin yo\u011funla\u015fmas\u0131, k\u00fcresel finansal sistemde bula\u015f\u0131c\u0131l\u0131\u011f\u0131n ve k\u0131r\u0131lganl\u0131\u011f\u0131n artmas\u0131na neden olmu\u015f ve bu durum uluslararas\u0131 kurulu\u015flar ba\u015fta olmak \u00fczere, \u00fclkeleri finansal sisteme y\u00f6nelik k\u00fcresel \u00e7apta yeni d\u00fczenleme aray\u0131\u015flar\u0131na y\u00f6neltmi\u015ftir. Bu y\u00f6nde s\u00fcrd\u00fcr\u00fclen \u00e7abalar her \u00fclkenin kendi finansal sisteminin uluslararas\u0131 standartlar setiyle uyumla\u015ft\u0131r\u0131lmas\u0131n\u0131 ifade eden \u201cYeni Finansal Mimari\u201d kavram\u0131n\u0131 g\u00fcndeme getirmi\u015ftir. G\u00fcn\u00fcm\u00fcz k\u00fcresel finansal sisteminde uluslararas\u0131 d\u00fczenleme gereksinimlerinin artan \u00f6nemi, dinamik bir s\u00fcre\u00e7 olan Yeni Finansal Mimari geli\u015fmelerine olan ilgiyi canl\u0131 tutmaktad\u0131r. Elinizdeki bu \u00e7al\u0131\u015fma, s\u00f6z konusu durumu dikkate alarak k\u00fcresel finansal d\u00fczenlemeler kar\u015f\u0131s\u0131nda bankac\u0131l\u0131k sekt\u00f6r\u00fcn\u00fcn sa\u011flaml\u0131\u011f\u0131n\u0131 \u00f6l\u00e7meye y\u00f6nelik g\u00fcncel \u00e7al\u0131\u015fmalar yapmak isteyen ve bankac\u0131l\u0131k sekt\u00f6r\u00fcndeki geli\u015fmeleri yak\u0131ndan takip eden ki\u015filere yard\u0131mc\u0131 olma amac\u0131n\u0131 ta\u015f\u0131maktad\u0131r. \u00c7al\u0131\u015fmada Yeni Finansal Mimari \u00e7er\u00e7evesine ili\u015fkin temel d\u00fczenlemelerin ba\u015f\u0131nda gelen Basel-I Uzla\u015f\u0131s\u0131\u2019ndan, bug\u00fcn ge\u00e7erlili\u011fini s\u00fcrd\u00fcren Basel IV\u2019e kadar olan s\u00fcre\u00e7te t\u00fcm bankac\u0131l\u0131k sistemini kapsayan uluslararas\u0131 standartlar seti, uluslararas\u0131 zirveler ve T\u00fcrkiye\u2019nin bu standartlara uyum s\u00fcreci ayr\u0131nt\u0131l\u0131 bir bi\u00e7imde incelenmektedir.<\/p>\n","protected":false},"excerpt":{"rendered":"<p>Finansal k\u00fcreselle\u015fme ile birlikte d\u00fcnya ekonomisinde finansal krizlerin yo\u011funla\u015fmas\u0131, k\u00fcresel finansal sistemde bula\u015f\u0131c\u0131l\u0131\u011f\u0131n ve k\u0131r\u0131lganl\u0131\u011f\u0131n artmas\u0131na neden olmu\u015f ve bu durum uluslararas\u0131 kurulu\u015flar ba\u015fta olmak \u00fczere,<span class=\"excerpt-hellip\"> [\u2026]<\/span><\/p>\n","protected":false},"featured_media":0,"template":"","meta":{"_monsterinsights_skip_tracking":false,"_monsterinsights_sitenote_active":false,"_monsterinsights_sitenote_note":"","_monsterinsights_sitenote_category":0},"product_brand":[],"product_cat":[13043],"product_tag":[],"class_list":{"0":"post-764002","1":"product","2":"type-product","3":"status-publish","5":"product_cat-ekonomi","6":"pa_cilt-ciltsiz","7":"pa_tur-kitap","8":"pa_yayinevi-astana-yayinlari","9":"pa_yazar-nimet-varlik","11":"first","12":"instock","13":"sale","14":"shipping-taxable","15":"purchasable","16":"product-type-simple"},"_links":{"self":[{"href":"https:\/\/roveyayinevi.com.tr\/index.php\/wp-json\/wp\/v2\/product\/764002","targetHints":{"allow":["GET"]}}],"collection":[{"href":"https:\/\/roveyayinevi.com.tr\/index.php\/wp-json\/wp\/v2\/product"}],"about":[{"href":"https:\/\/roveyayinevi.com.tr\/index.php\/wp-json\/wp\/v2\/types\/product"}],"wp:attachment":[{"href":"https:\/\/roveyayinevi.com.tr\/index.php\/wp-json\/wp\/v2\/media?parent=764002"}],"wp:term":[{"taxonomy":"product_brand","embeddable":true,"href":"https:\/\/roveyayinevi.com.tr\/index.php\/wp-json\/wp\/v2\/product_brand?post=764002"},{"taxonomy":"product_cat","embeddable":true,"href":"https:\/\/roveyayinevi.com.tr\/index.php\/wp-json\/wp\/v2\/product_cat?post=764002"},{"taxonomy":"product_tag","embeddable":true,"href":"https:\/\/roveyayinevi.com.tr\/index.php\/wp-json\/wp\/v2\/product_tag?post=764002"}],"curies":[{"name":"wp","href":"https:\/\/api.w.org\/{rel}","templated":true}]}}