{"id":764001,"date":"2025-08-28T10:58:11","date_gmt":"2025-08-28T07:58:11","guid":{"rendered":"https:\/\/roveyayinevi.com.tr\/index.php\/urun\/karizmadan-kuramlara-paradigmal-bir-donusumun-sosyolojisi\/"},"modified":"2026-04-15T03:29:49","modified_gmt":"2026-04-15T00:29:49","slug":"karizmadan-kuramlara-paradigmal-bir-donusumun-sosyolojisi","status":"publish","type":"product","link":"https:\/\/roveyayinevi.com.tr\/index.php\/urun\/karizmadan-kuramlara-paradigmal-bir-donusumun-sosyolojisi\/","title":{"rendered":"Karizmadan Kuramlara Paradigmal Bir D\u00f6n\u00fc\u015f\u00fcm\u00fcn Sosyolojisi"},"content":{"rendered":"<p>Modernle\u015fme \u00f6ncesi geleneksel toplumlar\u0131n dini ya\u015famlar\u0131n\u0131n merkezinde genellikle karizmatik dini \u00f6nderler yer alm\u0131\u015ft\u0131r. Ge\u00e7mi\u015f dinlerin veya dini olu\u015fumlar\u0131n temel motifi bu dinsel karizma idi. Hemen hemen t\u00fcm ge\u00e7mi\u015f din, tarikat, cemaat, mezhep vb. toplumsal olu\u015fumlar\u0131n liderlerinin temel niteli\u011fi karizmatik olu\u015flar\u0131yd\u0131. Karizmatik dini \u00f6nderlik geleneksel dinsel ya\u015fam\u0131n temel sembol\u00fc konumunda olmu\u015ftur. Bu toplumlarda genel olarak karizma, dinsel ve sosyal ya\u015fam\u0131n adeta lokomotifiydi. Nitekim peygamberlerde mucize, velilerde keramet vb. \u00f6zellikler toplum nezdinde karizmatik \u00f6nderli\u011fin birer yans\u0131malar\u0131 veya g\u00f6stergeleriydi. Bu sayede geleneksel toplumlar veya topluluklar karizman\u0131n vaz ve \u00f6\u011fretileri etraf\u0131nda toplanmakta, karizmaya inanmakta, ba\u011flanmakta, kimlik olu\u015fturmakta ve birer dini topluluk meydana getirmekteydiler. G\u00fcn\u00fcm\u00fczde ise modernle\u015fmenin temel dinamikleri olan \u015fehirle\u015fme, sanayile\u015fme ve sek\u00fclerle\u015fme s\u00fcre\u00e7leri, bu geleneksel karizmatik dini \u00f6nderlik yap\u0131s\u0131n\u0131 ciddi anlamda d\u00f6n\u00fc\u015ft\u00fcr\u00fcc\u00fc bir rol oynam\u0131\u015ft\u0131r. Bu fakt\u00f6rler, geleneksel dinsel karizman\u0131n varl\u0131k ve i\u015flevini \u00f6nemli \u00f6l\u00e7\u00fcde sarsm\u0131\u015ft\u0131r. Modern k\u00fclt\u00fcr, karizmatik dini \u00f6nderliklerin yasland\u0131\u011f\u0131 geleneksel k\u00fclt\u00fcr\u00fc ortadan kald\u0131rd\u0131\u011f\u0131ndan yerini geni\u015f \u00f6l\u00e7\u00fcde dinsel kuramlara b\u0131rakm\u0131\u015ft\u0131r\/b\u0131rakmaktad\u0131r denebilir. Geleneksel toplumlar\u0131n bilgi yap\u0131s\u0131, paradigmalar\u0131, bilimsel ve teknik bilgi d\u00fczeyleri vb. modern toplumlara nazaran farkl\u0131 ve az geli\u015fmi\u015f oldu\u011fundan geleneksel k\u00fclt\u00fcr, karizmatik dini liderlerin do\u011fu\u015fu i\u00e7in olduk\u00e7a elveri\u015fli ve karizma o anlamda i\u015flevsel idi. Ancak, modernle\u015fmeyle birlikte ortaya \u00e7\u0131kan bilimsel ve felsefi d\u00fc\u015f\u00fcnce, bilgi birikimi, teknolojik ilerlemeler, sanayile\u015fme, kentle\u015fme vb. geli\u015fmelerin etkisiyle birlikte karizmatik dini \u00f6nderliklerin sosyok\u00fclt\u00fcrel zemini de ortadan kalkm\u0131\u015f oldu. Bu tarihsel ve toplumsal d\u00f6n\u00fc\u015f\u00fcm karizmadan kuramlara do\u011fru ortaya \u00e7\u0131kan bir yap\u0131sal-paradigmatik d\u00f6n\u00fc\u015f\u00fcm olarak adland\u0131r\u0131labilir. \u00c7a\u011f\u0131m\u0131zda modern k\u00fclt\u00fcr\u00fcn \u015fekillendirdi\u011fi d\u00fcnyada art\u0131k dinsel karizmaya pek yer bulunmamaktad\u0131r. \u00c7\u00fcnk\u00fc rasyonelle\u015fme, bireyselle\u015fme ve sek\u00fclerle\u015fme gibi dinamiklerin karizmatik bir dinsel itaatle bir arada ya\u015fayamayaca\u011f\u0131 \u00e7ok a\u00e7\u0131kt\u0131r.  Tarihsel dinsel karizman\u0131n yerini g\u00fcn\u00fcm\u00fczde kuramlar alm\u0131\u015f ve almaktad\u0131r. Ba\u015fka bir ifadeyle, yeni inan\u00e7 ve d\u00fc\u015f\u00fcnce hareketleri art\u0131k karizmatik dinsel \u00f6nderliklerin ortaya \u00e7\u0131kard\u0131\u011f\u0131 \u2013ki\u015fi merkezli- hareketler olmay\u0131p, modern d\u00fcnyaya y\u00f6nelen kuramsal \u2013d\u00fc\u015f\u00fcnce merkezli- hareketler \u015feklinde okunabilir.<\/p>\n","protected":false},"excerpt":{"rendered":"<p>Modernle\u015fme \u00f6ncesi geleneksel toplumlar\u0131n dini ya\u015famlar\u0131n\u0131n merkezinde genellikle karizmatik dini \u00f6nderler yer alm\u0131\u015ft\u0131r. Ge\u00e7mi\u015f dinlerin veya dini olu\u015fumlar\u0131n temel motifi bu dinsel karizma idi. Hemen hemen<span class=\"excerpt-hellip\"> [\u2026]<\/span><\/p>\n","protected":false},"featured_media":0,"template":"","meta":{"_monsterinsights_skip_tracking":false,"_monsterinsights_sitenote_active":false,"_monsterinsights_sitenote_note":"","_monsterinsights_sitenote_category":0},"product_brand":[],"product_cat":[12767,12324],"product_tag":[],"class_list":{"0":"post-764001","1":"product","2":"type-product","3":"status-publish","5":"product_cat-kentlesme-modernlesme","6":"product_cat-sosyoloji","7":"pa_cilt-ciltsiz","8":"pa_tur-kitap","9":"pa_yayinevi-astana-yayinlari","10":"pa_yazar-dr-behcet-batur","12":"first","13":"instock","14":"sale","15":"shipping-taxable","16":"purchasable","17":"product-type-simple"},"_links":{"self":[{"href":"https:\/\/roveyayinevi.com.tr\/index.php\/wp-json\/wp\/v2\/product\/764001","targetHints":{"allow":["GET"]}}],"collection":[{"href":"https:\/\/roveyayinevi.com.tr\/index.php\/wp-json\/wp\/v2\/product"}],"about":[{"href":"https:\/\/roveyayinevi.com.tr\/index.php\/wp-json\/wp\/v2\/types\/product"}],"wp:attachment":[{"href":"https:\/\/roveyayinevi.com.tr\/index.php\/wp-json\/wp\/v2\/media?parent=764001"}],"wp:term":[{"taxonomy":"product_brand","embeddable":true,"href":"https:\/\/roveyayinevi.com.tr\/index.php\/wp-json\/wp\/v2\/product_brand?post=764001"},{"taxonomy":"product_cat","embeddable":true,"href":"https:\/\/roveyayinevi.com.tr\/index.php\/wp-json\/wp\/v2\/product_cat?post=764001"},{"taxonomy":"product_tag","embeddable":true,"href":"https:\/\/roveyayinevi.com.tr\/index.php\/wp-json\/wp\/v2\/product_tag?post=764001"}],"curies":[{"name":"wp","href":"https:\/\/api.w.org\/{rel}","templated":true}]}}