{"id":764000,"date":"2025-08-28T10:58:09","date_gmt":"2025-08-28T07:58:09","guid":{"rendered":"https:\/\/roveyayinevi.com.tr\/index.php\/urun\/turkiyede-tersine-ic-gocler\/"},"modified":"2026-04-15T03:29:49","modified_gmt":"2026-04-15T00:29:49","slug":"turkiyede-tersine-ic-gocler","status":"publish","type":"product","link":"https:\/\/roveyayinevi.com.tr\/index.php\/urun\/turkiyede-tersine-ic-gocler\/","title":{"rendered":"T\u00fcrkiye&#8217;de Tersine \u0130\u00e7 G\u00f6\u00e7ler"},"content":{"rendered":"<p>T\u00fcrkiye\u2019de 2000\u2019li y\u0131llar ile birlikte kendisini g\u00f6stermeye ba\u015flayan tersine i\u00e7 g\u00f6\u00e7 olgusu akademik yaz\u0131nda tart\u0131\u015f\u0131lan \u00f6nemli konular aras\u0131ndad\u0131r. Uygulamada da tersine i\u00e7 g\u00f6\u00e7 olgusunu ger\u00e7ekle\u015febilir, g\u00f6r\u00fcn\u00fcr ve de s\u00fcrd\u00fcr\u00fclebilir hale getirmek g\u00fcn ge\u00e7tik\u00e7e daha \u00f6nemli hale gelmektedir. Ge\u00e7mi\u015fte ger\u00e7ekle\u015fen yo\u011fun i\u00e7 g\u00f6\u00e7lerin hem g\u00f6\u00e7 veren yerler hem de g\u00f6\u00e7 alan yerler a\u00e7\u0131s\u0131ndan do\u011furmu\u015f oldu\u011fu sorunlar\u0131 ortadan kald\u0131rabilmek ve bo\u015falan k\u0131rsal alanlar\u0131 tekrar canland\u0131rabilmek ad\u0131na bir\u00e7ok politika hayata ge\u00e7irilmi\u015f ve hayata ge\u00e7irilmeye devam etmektedir. Bu \u00e7al\u0131\u015fmada \u00f6ncelikle tersine i\u00e7 g\u00f6\u00e7 olgusunun T\u00fcrkiye\u2019deki durumu ele al\u0131nm\u0131\u015f ve bu ba\u011flamda yo\u011fun g\u00f6\u00e7lere maruz kalan \u0130stanbul iline ge\u00e7mi\u015fte g\u00f6\u00e7 etmi\u015f bireylerin tersine g\u00f6\u00e7e ili\u015fkin e\u011filimleri ortaya konmaya \u00e7al\u0131\u015f\u0131lm\u0131\u015ft\u0131r. Bu ama\u00e7la haz\u0131rlanan bu \u00e7al\u0131\u015fma sonucunda T\u00fcrkiye\u2019de daha yeni yeni belirgin hale gelmeye ve fark edilmeye ba\u015flanan geri d\u00f6n\u00fc\u015f g\u00f6\u00e7lerinin \u00f6n\u00fcndeki engeller tespit edilmi\u015ftir. S\u00f6z konusu geriye g\u00f6\u00e7lerin bir ba\u015fka ifadeyle tersine i\u00e7 g\u00f6\u00e7lerin s\u00fcrd\u00fcr\u00fclebilir hale gelmesi i\u00e7in de bunlar\u0131n belirleyicileri ortaya konulmu\u015f ve buna ili\u015fkin sorunlara \u00e7\u00f6z\u00fcm \u00f6nerileri geli\u015ftirilmi\u015ftir.<\/p>\n","protected":false},"excerpt":{"rendered":"<p>T\u00fcrkiye\u2019de 2000\u2019li y\u0131llar ile birlikte kendisini g\u00f6stermeye ba\u015flayan tersine i\u00e7 g\u00f6\u00e7 olgusu akademik yaz\u0131nda tart\u0131\u015f\u0131lan \u00f6nemli konular aras\u0131ndad\u0131r. Uygulamada da tersine i\u00e7 g\u00f6\u00e7 olgusunu ger\u00e7ekle\u015febilir, g\u00f6r\u00fcn\u00fcr<span class=\"excerpt-hellip\"> [\u2026]<\/span><\/p>\n","protected":false},"featured_media":0,"template":"","meta":{"_monsterinsights_skip_tracking":false,"_monsterinsights_sitenote_active":false,"_monsterinsights_sitenote_note":"","_monsterinsights_sitenote_category":0},"product_brand":[],"product_cat":[12324],"product_tag":[],"class_list":{"0":"post-764000","1":"product","2":"type-product","3":"status-publish","5":"product_cat-sosyoloji","6":"pa_cilt-ciltsiz","7":"pa_tur-kitap","8":"pa_yayinevi-astana-yayinlari","9":"pa_yazar-dr-bahar-altunok","11":"first","12":"instock","13":"sale","14":"shipping-taxable","15":"purchasable","16":"product-type-simple"},"_links":{"self":[{"href":"https:\/\/roveyayinevi.com.tr\/index.php\/wp-json\/wp\/v2\/product\/764000","targetHints":{"allow":["GET"]}}],"collection":[{"href":"https:\/\/roveyayinevi.com.tr\/index.php\/wp-json\/wp\/v2\/product"}],"about":[{"href":"https:\/\/roveyayinevi.com.tr\/index.php\/wp-json\/wp\/v2\/types\/product"}],"wp:attachment":[{"href":"https:\/\/roveyayinevi.com.tr\/index.php\/wp-json\/wp\/v2\/media?parent=764000"}],"wp:term":[{"taxonomy":"product_brand","embeddable":true,"href":"https:\/\/roveyayinevi.com.tr\/index.php\/wp-json\/wp\/v2\/product_brand?post=764000"},{"taxonomy":"product_cat","embeddable":true,"href":"https:\/\/roveyayinevi.com.tr\/index.php\/wp-json\/wp\/v2\/product_cat?post=764000"},{"taxonomy":"product_tag","embeddable":true,"href":"https:\/\/roveyayinevi.com.tr\/index.php\/wp-json\/wp\/v2\/product_tag?post=764000"}],"curies":[{"name":"wp","href":"https:\/\/api.w.org\/{rel}","templated":true}]}}