{"id":763999,"date":"2025-08-28T10:58:08","date_gmt":"2025-08-28T07:58:08","guid":{"rendered":"https:\/\/roveyayinevi.com.tr\/index.php\/urun\/2021-tyt-olaganustu-matematik-soru-bankasi\/"},"modified":"2026-04-15T03:29:49","modified_gmt":"2026-04-15T00:29:49","slug":"2021-tyt-olaganustu-matematik-soru-bankasi","status":"publish","type":"product","link":"https:\/\/roveyayinevi.com.tr\/index.php\/urun\/2021-tyt-olaganustu-matematik-soru-bankasi\/","title":{"rendered":"2021 TYT Ola\u011fan\u00fcst\u00fc Matematik Soru Bankas\u0131"},"content":{"rendered":"<p>Ola\u011fan\u00fcst\u00fc Matematik kitab\u0131, problemler \u00f6ncesi 18 temel konuyu i\u00e7ermektedir.TYT\u2019de bu konulardan her y\u0131l yakla\u015f\u0131k 15 soru gelmektedir. Kitab\u0131m\u0131z siz \u00f6\u011frencilerimizin b\u00fct\u00fcn beklentilerini kar\u015f\u0131layacak \u015fekilde haz\u0131rlanm\u0131\u015ft\u0131r.Kitab\u0131m\u0131zda;Her konunun ba\u015f\u0131nda t\u00fcm kazan\u0131mlar\u0131 i\u00e7eren \u00f6zet bilgi kutucuklar\u0131 haz\u0131rlad\u0131k.212 adet \u00e7\u00f6z\u00fcml\u00fc sorular\u0131n ayr\u0131nt\u0131l\u0131 \u00e7\u00f6z\u00fcm\u00fcn\u00fc yapt\u0131k.Testler i\u00e7in tamam\u0131yla \u00d6SYM tarz\u0131nda 752 soru haz\u0131rlad\u0131k.Test sorular\u0131n\u0131 kolaydan zora do\u011fru haz\u0131rlamaya \u00f6zen g\u00f6sterdik.Kitab\u0131m\u0131zda sorular\u0131n her biri, \u00d6SYM s\u0131navlar\u0131 ayr\u0131nt\u0131l\u0131 incelenerek haz\u0131rlanm\u0131\u015f olup kitab\u0131m\u0131z yo\u011fun bir \u00e7al\u0131\u015fman\u0131n \u00fcr\u00fcn\u00fcd\u00fcr.<\/p>\n","protected":false},"excerpt":{"rendered":"<p>Ola\u011fan\u00fcst\u00fc Matematik kitab\u0131, problemler \u00f6ncesi 18 temel konuyu i\u00e7ermektedir.TYT\u2019de bu konulardan her y\u0131l yakla\u015f\u0131k 15 soru gelmektedir. Kitab\u0131m\u0131z siz \u00f6\u011frencilerimizin b\u00fct\u00fcn beklentilerini kar\u015f\u0131layacak \u015fekilde haz\u0131rlanm\u0131\u015ft\u0131r.Kitab\u0131m\u0131zda;Her konunun<span class=\"excerpt-hellip\"> [\u2026]<\/span><\/p>\n","protected":false},"featured_media":0,"template":"","meta":{"_monsterinsights_skip_tracking":false,"_monsterinsights_sitenote_active":false,"_monsterinsights_sitenote_note":"","_monsterinsights_sitenote_category":0},"product_brand":[],"product_cat":[12566,13473],"product_tag":[],"class_list":{"0":"post-763999","1":"product","2":"type-product","3":"status-publish","5":"product_cat-egitim","6":"product_cat-sinavlara-hazirlik-okula-yardimci-kaynaklar","7":"pa_cilt-ciltsiz","8":"pa_tur-kitap","9":"pa_yayinevi-astana-yayinlari","10":"pa_yazar-ahmet-akil-regaip-gungor","12":"first","13":"instock","14":"sale","15":"shipping-taxable","16":"purchasable","17":"product-type-simple"},"_links":{"self":[{"href":"https:\/\/roveyayinevi.com.tr\/index.php\/wp-json\/wp\/v2\/product\/763999","targetHints":{"allow":["GET"]}}],"collection":[{"href":"https:\/\/roveyayinevi.com.tr\/index.php\/wp-json\/wp\/v2\/product"}],"about":[{"href":"https:\/\/roveyayinevi.com.tr\/index.php\/wp-json\/wp\/v2\/types\/product"}],"wp:attachment":[{"href":"https:\/\/roveyayinevi.com.tr\/index.php\/wp-json\/wp\/v2\/media?parent=763999"}],"wp:term":[{"taxonomy":"product_brand","embeddable":true,"href":"https:\/\/roveyayinevi.com.tr\/index.php\/wp-json\/wp\/v2\/product_brand?post=763999"},{"taxonomy":"product_cat","embeddable":true,"href":"https:\/\/roveyayinevi.com.tr\/index.php\/wp-json\/wp\/v2\/product_cat?post=763999"},{"taxonomy":"product_tag","embeddable":true,"href":"https:\/\/roveyayinevi.com.tr\/index.php\/wp-json\/wp\/v2\/product_tag?post=763999"}],"curies":[{"name":"wp","href":"https:\/\/api.w.org\/{rel}","templated":true}]}}