{"id":763998,"date":"2025-08-28T10:58:06","date_gmt":"2025-08-28T07:58:06","guid":{"rendered":"https:\/\/roveyayinevi.com.tr\/index.php\/urun\/ozan-nufal-ufacik-hayati-sanati-siirleri\/"},"modified":"2026-04-15T03:29:49","modified_gmt":"2026-04-15T00:29:49","slug":"ozan-nufal-ufacik-hayati-sanati-siirleri","status":"publish","type":"product","link":"https:\/\/roveyayinevi.com.tr\/index.php\/urun\/ozan-nufal-ufacik-hayati-sanati-siirleri\/","title":{"rendered":"Ozan Nufal Ufac\u0131k Hayat\u0131-Sanat\u0131-\u015eiirleri"},"content":{"rendered":"<p>K\u00f6keni as\u0131rlar \u00f6ncesine uzanan ve k\u00fclt\u00fcrel kimli\u011fimizin bir\u00e7ok \u00f6gesini i\u00e7inde bar\u0131nd\u0131ran \u00e2\u015f\u0131kl\u0131k gelene\u011fi, bug\u00fcn Anadolu\u2019nun pek \u00e7ok yerinde \u015fiir, ezgi ve hik\u00e2ye anlat\u0131c\u0131l\u0131\u011f\u0131 ekseninde ya\u015fat\u0131lmaktad\u0131r. Bu gelene\u011fin g\u00fcn\u00fcm\u00fczdeki \u00f6nemli temsilcilerinden biri, Konya\/ Cihanbeyli\u2019de ikamet etmekte olan Nufal Ufac\u0131k\u2019t\u0131r. \u00c7evresinde \u201cOzan Nufal\u201d nam\u0131yla tan\u0131nan \u00e2\u015f\u0131\u011f\u0131m\u0131z, 10-11 ya\u015flar\u0131nda g\u00f6rd\u00fc\u011f\u00fc bir r\u00fcya vesilesiyle \u00e2\u015f\u0131k \u015fiirine y\u00f6nelmi\u015f ve 86 y\u0131ll\u0131k \u00f6mr\u00fcne 212 \u015fiir s\u0131\u011fd\u0131rm\u0131\u015ft\u0131r.Bu kitapta, kendisiyle ger\u00e7ekle\u015ftirilen r\u00f6portajdan hareketle Ozan Nufal\u2019\u0131n hayat hik\u00e2yesi ortaya konulmu\u015f, \u00e2\u015f\u0131kl\u0131\u011fa ba\u015flamas\u0131na vesile olan r\u00fcyas\u0131 \u00e7ok y\u00f6nl\u00fc olarak incelenmi\u015f, \u015fiirleri teknik a\u00e7\u0131dan ve tematik y\u00f6nden derinlemesine tetkik edildikten sonra ba\u015fl\u0131klar\u0131na g\u00f6re alfabetik s\u0131rayla verilmi\u015ftir. Saim Sakao\u011flu\u2019nun dokuz k\u0131sa c\u00fcmleden olu\u015fan yaz\u0131s\u0131n\u0131n d\u0131\u015f\u0131nda hakk\u0131nda herhangi bir \u00e7al\u0131\u015fma yap\u0131lmayan, \u015fiirleri hi\u00e7bir yerde yay\u0131mlanmayan, teknolojiye h\u00e2kim olmad\u0131\u011f\u0131 i\u00e7in dijital k\u00fclt\u00fcr ortamlar\u0131nda kendini ifade etme\/ g\u00f6sterme imk\u00e2n\u0131na sahip olmayan bir \u00e2\u015f\u0131\u011f\u0131n ilk kez incelemeye tabi tutuluyor olmas\u0131, bu \u00e7al\u0131\u015fman\u0131n dikkate de\u011fer taraflar\u0131 aras\u0131ndad\u0131r. \u00c2\u015f\u0131kl\u0131k gelene\u011finin \u00f6nemli bir unsuru olan r\u00fcya meselesine yeni bir \u00f6rnek sunacak olmas\u0131 ise bu kitab\u0131n \u00f6ne \u00e7\u0131kan bir ba\u015fka y\u00f6n\u00fcd\u00fcr.<\/p>\n","protected":false},"excerpt":{"rendered":"<p>K\u00f6keni as\u0131rlar \u00f6ncesine uzanan ve k\u00fclt\u00fcrel kimli\u011fimizin bir\u00e7ok \u00f6gesini i\u00e7inde bar\u0131nd\u0131ran \u00e2\u015f\u0131kl\u0131k gelene\u011fi, bug\u00fcn Anadolu\u2019nun pek \u00e7ok yerinde \u015fiir, ezgi ve hik\u00e2ye anlat\u0131c\u0131l\u0131\u011f\u0131 ekseninde ya\u015fat\u0131lmaktad\u0131r. Bu<span class=\"excerpt-hellip\"> [\u2026]<\/span><\/p>\n","protected":false},"featured_media":0,"template":"","meta":{"_monsterinsights_skip_tracking":false,"_monsterinsights_sitenote_active":false,"_monsterinsights_sitenote_note":"","_monsterinsights_sitenote_category":0},"product_brand":[],"product_cat":[14009,12291],"product_tag":[],"class_list":{"0":"post-763998","1":"product","2":"type-product","3":"status-publish","5":"product_cat-biyografi-otobiyografi-edebiyat","6":"product_cat-edebiyat","7":"pa_cilt-ciltsiz","8":"pa_tur-kitap","9":"pa_yayinevi-astana-yayinlari","10":"pa_yazar-onur-aykac","12":"first","13":"instock","14":"sale","15":"shipping-taxable","16":"purchasable","17":"product-type-simple"},"_links":{"self":[{"href":"https:\/\/roveyayinevi.com.tr\/index.php\/wp-json\/wp\/v2\/product\/763998","targetHints":{"allow":["GET"]}}],"collection":[{"href":"https:\/\/roveyayinevi.com.tr\/index.php\/wp-json\/wp\/v2\/product"}],"about":[{"href":"https:\/\/roveyayinevi.com.tr\/index.php\/wp-json\/wp\/v2\/types\/product"}],"wp:attachment":[{"href":"https:\/\/roveyayinevi.com.tr\/index.php\/wp-json\/wp\/v2\/media?parent=763998"}],"wp:term":[{"taxonomy":"product_brand","embeddable":true,"href":"https:\/\/roveyayinevi.com.tr\/index.php\/wp-json\/wp\/v2\/product_brand?post=763998"},{"taxonomy":"product_cat","embeddable":true,"href":"https:\/\/roveyayinevi.com.tr\/index.php\/wp-json\/wp\/v2\/product_cat?post=763998"},{"taxonomy":"product_tag","embeddable":true,"href":"https:\/\/roveyayinevi.com.tr\/index.php\/wp-json\/wp\/v2\/product_tag?post=763998"}],"curies":[{"name":"wp","href":"https:\/\/api.w.org\/{rel}","templated":true}]}}