{"id":763996,"date":"2025-08-28T10:58:03","date_gmt":"2025-08-28T07:58:03","guid":{"rendered":"https:\/\/roveyayinevi.com.tr\/index.php\/urun\/dunya-siyasetinde-asya-pasifik\/"},"modified":"2025-10-10T10:41:14","modified_gmt":"2025-10-10T07:41:14","slug":"dunya-siyasetinde-asya-pasifik","status":"publish","type":"product","link":"https:\/\/roveyayinevi.com.tr\/index.php\/urun\/dunya-siyasetinde-asya-pasifik\/","title":{"rendered":"D\u00fcnya Siyasetinde Asya Pasifik"},"content":{"rendered":"<p>D\u00fcnya ili\u015fkilerindeki en son ak\u0131mlar\u0131 &#8211; tarihsel ba\u011flamdan \u00f6d\u00fcn vermeden &#8211; ele alan, D\u00fcnya Siyasetinde Asya Pasifik isimli kitab\u0131m\u0131z\u0131n bu bask\u0131s\u0131 \u00f6zellikle son on y\u0131ldaki yeni geli\u015fmeleri yans\u0131t\u0131yor. Bu bask\u0131da b\u00f6lgenin ba\u015fl\u0131ca devlet akt\u00f6rlerine odaklan\u0131ld\u0131. Hindistan hakk\u0131nda tamamen yeni bir k\u0131s\u0131m eklendi ve hem Rusya hem de Avustralya&#8217;n\u0131n k\u0131s\u0131mlar\u0131 b\u00fcy\u00fck \u00f6l\u00e7\u00fcde geni\u015fletildi. Ayr\u0131ca, Tayvan ve Kore&#8217;yi i\u00e7eren \u00e7at\u0131\u015fmalar ile G\u00fcneydo\u011fu Asya&#8217;daki uluslararas\u0131 politikan\u0131n karma\u015f\u0131kl\u0131klar\u0131 gibi uluslararas\u0131 kurulu\u015flar\u0131n rol\u00fc de kapsaml\u0131 bir \u015fekilde ele al\u0131nd\u0131. Geni\u015f kapsaml\u0131 tan\u0131mlanm\u0131\u015f g\u00fcvenlik politikalar\u0131, politik ekonomi, kalk\u0131nma, insan haklar\u0131, m\u00fclteciler ve \u00e7ok daha fazlas\u0131n\u0131 i\u00e7eren bu g\u00fcncel metin, Asya Pasifik\u2019in d\u00fcnya siyasetindeki yeriyle alakal\u0131 olarak t\u00fcm merakl\u0131lar\u0131 d\u00fc\u015f\u00fcnmeye te\u015fvik edecek dinamik bir giri\u015f sunmaktad\u0131r.<\/p>\n","protected":false},"excerpt":{"rendered":"<p>D\u00fcnya ili\u015fkilerindeki en son ak\u0131mlar\u0131 &#8211; tarihsel ba\u011flamdan \u00f6d\u00fcn vermeden &#8211; ele alan, D\u00fcnya Siyasetinde Asya Pasifik isimli kitab\u0131m\u0131z\u0131n bu bask\u0131s\u0131 \u00f6zellikle son on y\u0131ldaki yeni<span class=\"excerpt-hellip\"> [\u2026]<\/span><\/p>\n","protected":false},"featured_media":0,"template":"","meta":{"_monsterinsights_skip_tracking":false,"_monsterinsights_sitenote_active":false,"_monsterinsights_sitenote_note":"","_monsterinsights_sitenote_category":0},"product_brand":[],"product_cat":[12338,12337],"product_tag":[],"class_list":{"0":"post-763996","1":"product","2":"type-product","3":"status-publish","5":"product_cat-dunya-siyaseti-ve-politikasi","6":"product_cat-politika-siyaset","7":"pa_cilt-ciltsiz","8":"pa_tur-kitap","9":"pa_yayinevi-astana-yayinlari","10":"pa_yazar-derek-mcdougall","12":"first","13":"instock","14":"sale","15":"shipping-taxable","16":"purchasable","17":"product-type-simple"},"_links":{"self":[{"href":"https:\/\/roveyayinevi.com.tr\/index.php\/wp-json\/wp\/v2\/product\/763996","targetHints":{"allow":["GET"]}}],"collection":[{"href":"https:\/\/roveyayinevi.com.tr\/index.php\/wp-json\/wp\/v2\/product"}],"about":[{"href":"https:\/\/roveyayinevi.com.tr\/index.php\/wp-json\/wp\/v2\/types\/product"}],"wp:attachment":[{"href":"https:\/\/roveyayinevi.com.tr\/index.php\/wp-json\/wp\/v2\/media?parent=763996"}],"wp:term":[{"taxonomy":"product_brand","embeddable":true,"href":"https:\/\/roveyayinevi.com.tr\/index.php\/wp-json\/wp\/v2\/product_brand?post=763996"},{"taxonomy":"product_cat","embeddable":true,"href":"https:\/\/roveyayinevi.com.tr\/index.php\/wp-json\/wp\/v2\/product_cat?post=763996"},{"taxonomy":"product_tag","embeddable":true,"href":"https:\/\/roveyayinevi.com.tr\/index.php\/wp-json\/wp\/v2\/product_tag?post=763996"}],"curies":[{"name":"wp","href":"https:\/\/api.w.org\/{rel}","templated":true}]}}