{"id":763995,"date":"2025-08-28T10:58:02","date_gmt":"2025-08-28T07:58:02","guid":{"rendered":"https:\/\/roveyayinevi.com.tr\/index.php\/urun\/almanyada-turk-isletme-kulturu\/"},"modified":"2026-04-15T03:29:49","modified_gmt":"2026-04-15T00:29:49","slug":"almanyada-turk-isletme-kulturu","status":"publish","type":"product","link":"https:\/\/roveyayinevi.com.tr\/index.php\/urun\/almanyada-turk-isletme-kulturu\/","title":{"rendered":"Almanya\u2019da T\u00fcrk \u0130\u015fletme K\u00fclt\u00fcr\u00fc"},"content":{"rendered":"<p>Almanya\u2019da \u00e7ok farkl\u0131 sekt\u00f6rlerde T\u00fcrkiye k\u00f6kenli T\u00fcrklerin kurduklar\u0131 i\u015fletmeler vard\u0131r. Almanya\u2019da faaliyet g\u00f6steren T\u00fcrk i\u015fletmelerinin k\u00fclt\u00fcrlerinin bask\u0131n unsurlar\u0131 \u015funlard\u0131r: \u0130\u015fbirli\u011fi, dayan\u0131\u015fma, T\u00fcrk-\u0130slam k\u00fclt\u00fcr\u00fc, T\u00fcrk-\u0130slam k\u00fclt\u00fcr\u00fcne ili\u015fkin de\u011ferlerin yay\u0131lmas\u0131, hem\u015fehrilik, m\u00fc\u015fteri odakl\u0131l\u0131k, dostluk, karde\u015flik, arkada\u015fl\u0131k, tak\u0131m \u00e7al\u0131\u015fmas\u0131, d\u00fc\u015f\u00fcncelere sayg\u0131, yard\u0131mseverlik, d\u00fcr\u00fcstl\u00fck, temizlik, e\u015fitlik, iyi niyet ve de\u011fi\u015fim odakl\u0131l\u0131kt\u0131r. Hedeflenen m\u00fc\u015fteri kitlesinin genel olarak T\u00fcrkler ve M\u00fcsl\u00fcmanlar olmas\u0131, T\u00fcrk ve \u0130slam de\u011ferlerine ba\u011fl\u0131l\u0131\u011f\u0131 daha da g\u00fc\u00e7lendirmektedir. Yine, Bat\u0131 k\u00fclt\u00fcr\u00fc, modern k\u00fclt\u00fcr ya da H\u0131ristiyan k\u00fclt\u00fcrle do\u011frudan temas da geleneklere ba\u011fl\u0131l\u0131\u011f\u0131 art\u0131ran di\u011fer bir unsurdur. Di\u011fer taraftan, onlarca y\u0131l Alman k\u00fclt\u00fcr\u00fcyle i\u00e7 i\u00e7e ya\u015fam\u0131\u015f olmak da s\u00f6z konusu k\u00fclt\u00fcr\u00fc etkilemi\u015ftir. Alman k\u00fclt\u00fcr\u00fc ile etkile\u015fim, dili farkl\u0131la\u015ft\u0131rmas\u0131n\u0131n yan\u0131 s\u0131ra, standartlara, yasalara, i\u015f disiplinine ve kurallara uyum konusunda g\u00f6sterilen \u00f6zeni art\u0131rmaktad\u0131r.<\/p>\n","protected":false},"excerpt":{"rendered":"<p>Almanya\u2019da \u00e7ok farkl\u0131 sekt\u00f6rlerde T\u00fcrkiye k\u00f6kenli T\u00fcrklerin kurduklar\u0131 i\u015fletmeler vard\u0131r. Almanya\u2019da faaliyet g\u00f6steren T\u00fcrk i\u015fletmelerinin k\u00fclt\u00fcrlerinin bask\u0131n unsurlar\u0131 \u015funlard\u0131r: \u0130\u015fbirli\u011fi, dayan\u0131\u015fma, T\u00fcrk-\u0130slam k\u00fclt\u00fcr\u00fc, T\u00fcrk-\u0130slam k\u00fclt\u00fcr\u00fcne ili\u015fkin<span class=\"excerpt-hellip\"> [\u2026]<\/span><\/p>\n","protected":false},"featured_media":0,"template":"","meta":{"_monsterinsights_skip_tracking":false,"_monsterinsights_sitenote_active":false,"_monsterinsights_sitenote_note":"","_monsterinsights_sitenote_category":0},"product_brand":[],"product_cat":[13043,19008],"product_tag":[],"class_list":{"0":"post-763995","1":"product","2":"type-product","3":"status-publish","5":"product_cat-ekonomi","6":"product_cat-yonetim","7":"pa_cilt-ciltsiz","8":"pa_tur-kitap","9":"pa_yayinevi-astana-yayinlari","10":"pa_yazar-doc-dr-kurtulus-yilmaz-genc","12":"first","13":"instock","14":"sale","15":"shipping-taxable","16":"purchasable","17":"product-type-simple"},"_links":{"self":[{"href":"https:\/\/roveyayinevi.com.tr\/index.php\/wp-json\/wp\/v2\/product\/763995","targetHints":{"allow":["GET"]}}],"collection":[{"href":"https:\/\/roveyayinevi.com.tr\/index.php\/wp-json\/wp\/v2\/product"}],"about":[{"href":"https:\/\/roveyayinevi.com.tr\/index.php\/wp-json\/wp\/v2\/types\/product"}],"wp:attachment":[{"href":"https:\/\/roveyayinevi.com.tr\/index.php\/wp-json\/wp\/v2\/media?parent=763995"}],"wp:term":[{"taxonomy":"product_brand","embeddable":true,"href":"https:\/\/roveyayinevi.com.tr\/index.php\/wp-json\/wp\/v2\/product_brand?post=763995"},{"taxonomy":"product_cat","embeddable":true,"href":"https:\/\/roveyayinevi.com.tr\/index.php\/wp-json\/wp\/v2\/product_cat?post=763995"},{"taxonomy":"product_tag","embeddable":true,"href":"https:\/\/roveyayinevi.com.tr\/index.php\/wp-json\/wp\/v2\/product_tag?post=763995"}],"curies":[{"name":"wp","href":"https:\/\/api.w.org\/{rel}","templated":true}]}}