{"id":763994,"date":"2025-08-28T10:58:01","date_gmt":"2025-08-28T07:58:01","guid":{"rendered":"https:\/\/roveyayinevi.com.tr\/index.php\/urun\/yerel-yonetimlerde-sosyal-belediyecilik-ile-rekreasyon-ve-spor-hizmetleri\/"},"modified":"2026-04-15T03:29:49","modified_gmt":"2026-04-15T00:29:49","slug":"yerel-yonetimlerde-sosyal-belediyecilik-ile-rekreasyon-ve-spor-hizmetleri","status":"publish","type":"product","link":"https:\/\/roveyayinevi.com.tr\/index.php\/urun\/yerel-yonetimlerde-sosyal-belediyecilik-ile-rekreasyon-ve-spor-hizmetleri\/","title":{"rendered":"Yerel Y\u00f6netimlerde Sosyal Belediyecilik \u0130le Rekreasyon ve Spor Hizmetleri"},"content":{"rendered":"<p>Elinizdeki bu kitapta \u00f6nce yerel y\u00f6netimlerin ilk ortaya \u00e7\u0131k\u0131\u015f\u0131 ve geli\u015fimi, ard\u0131ndan sosyal politika ve sosyal belediyecili\u011fin geli\u015fimi anlat\u0131lmaya \u00e7al\u0131\u015fm\u0131\u015f olup, daha sonra da T\u00fcrkiye\u2019de belediyelerin sergiledi\u011fi sosyal belediye \u00f6rnekleri ve yine baz\u0131 belediyelerin sundu\u011fu iyi spor uygulamalar\u0131ndan \u00f6rnekler incelenmi\u015ftir.<\/p>\n","protected":false},"excerpt":{"rendered":"<p>Elinizdeki bu kitapta \u00f6nce yerel y\u00f6netimlerin ilk ortaya \u00e7\u0131k\u0131\u015f\u0131 ve geli\u015fimi, ard\u0131ndan sosyal politika ve sosyal belediyecili\u011fin geli\u015fimi anlat\u0131lmaya \u00e7al\u0131\u015fm\u0131\u015f olup, daha sonra da T\u00fcrkiye\u2019de belediyelerin<span class=\"excerpt-hellip\"> [\u2026]<\/span><\/p>\n","protected":false},"featured_media":0,"template":"","meta":{"_monsterinsights_skip_tracking":false,"_monsterinsights_sitenote_active":false,"_monsterinsights_sitenote_note":"","_monsterinsights_sitenote_category":0},"product_brand":[],"product_cat":[12965,12337],"product_tag":[],"class_list":{"0":"post-763994","1":"product","2":"type-product","3":"status-publish","5":"product_cat-genel-politika","6":"product_cat-politika-siyaset","7":"pa_cilt-ciltsiz","8":"pa_tur-kitap","9":"pa_yayinevi-astana-yayinlari","10":"pa_yazar-doc-dr-ahmet-ucar","12":"first","13":"instock","14":"sale","15":"shipping-taxable","16":"purchasable","17":"product-type-simple"},"_links":{"self":[{"href":"https:\/\/roveyayinevi.com.tr\/index.php\/wp-json\/wp\/v2\/product\/763994","targetHints":{"allow":["GET"]}}],"collection":[{"href":"https:\/\/roveyayinevi.com.tr\/index.php\/wp-json\/wp\/v2\/product"}],"about":[{"href":"https:\/\/roveyayinevi.com.tr\/index.php\/wp-json\/wp\/v2\/types\/product"}],"wp:attachment":[{"href":"https:\/\/roveyayinevi.com.tr\/index.php\/wp-json\/wp\/v2\/media?parent=763994"}],"wp:term":[{"taxonomy":"product_brand","embeddable":true,"href":"https:\/\/roveyayinevi.com.tr\/index.php\/wp-json\/wp\/v2\/product_brand?post=763994"},{"taxonomy":"product_cat","embeddable":true,"href":"https:\/\/roveyayinevi.com.tr\/index.php\/wp-json\/wp\/v2\/product_cat?post=763994"},{"taxonomy":"product_tag","embeddable":true,"href":"https:\/\/roveyayinevi.com.tr\/index.php\/wp-json\/wp\/v2\/product_tag?post=763994"}],"curies":[{"name":"wp","href":"https:\/\/api.w.org\/{rel}","templated":true}]}}