{"id":763993,"date":"2025-08-28T10:57:59","date_gmt":"2025-08-28T07:57:59","guid":{"rendered":"https:\/\/roveyayinevi.com.tr\/index.php\/urun\/cinin-dis-politikalarina-farkli-alanlardan-bakis\/"},"modified":"2026-04-15T03:29:49","modified_gmt":"2026-04-15T00:29:49","slug":"cinin-dis-politikalarina-farkli-alanlardan-bakis","status":"publish","type":"product","link":"https:\/\/roveyayinevi.com.tr\/index.php\/urun\/cinin-dis-politikalarina-farkli-alanlardan-bakis\/","title":{"rendered":"\u00c7in&#8217;in D\u0131\u015f Politikalar\u0131na Farkl\u0131 Alanlardan Bak\u0131\u015f"},"content":{"rendered":"<p>Bu \u00e7al\u0131\u015fma, Do\u011fu T\u00fcrkistan\u2019l\u0131 Alimcan Ablet taraf\u0131ndan, Asya\u2019n\u0131n b\u00f6lgesel g\u00fcc\u00fc olmaktan k\u00fcresel bir oyuncu olmaya ilerlemekte olan \u00c7in\u2019in, farkl\u0131 alanlarda kendisine \u00f6zg\u00fc d\u0131\u015f politikalar\u0131n\u0131n ve d\u0131\u015f ili\u015fkilerinin analizini yapmak amac\u0131yla kaleme al\u0131nm\u0131\u015ft\u0131r. Bu \u00e7al\u0131\u015fma, genellikle \u00c7ince, \u0130ngilizce ve T\u00fcrk\u00e7e yaz\u0131l\u0131 kaynaklardan yararlan\u0131larak, \u00c7in diplomasisinin \u00e7ok \u00f6nemli ara\u00e7lar\u0131ndan biri olan Konf\u00fc\u00e7y\u00fcs \u00f6\u011fretileri gibi antik \u00c7in\u2019in bar\u0131\u015f ve sava\u015f d\u00f6neminde uygulad\u0131\u011f\u0131 \u00e7e\u015fitli d\u00fc\u015f\u00fcnce ve politikalar \u0131\u015f\u0131\u011f\u0131nda, \u00c7in\u2019in uluslararas\u0131 ili\u015fkiler ve diplomasi tarihini, stratejik riskten korunma politikalar\u0131n\u0131, anla\u015fmazl\u0131klar\u0131n \u00e7\u00f6z\u00fcm\u00fc konusundaki yakla\u015f\u0131mlar\u0131n\u0131, uluslararas\u0131 \u00e7evre hukuku politikalar\u0131n\u0131, \u00c7in\u2019in geli\u015fim s\u00fcrecini ve \u00c7in\u2019in ekonomik, teknolojik ve askeri sanayi a\u00e7\u0131s\u0131ndan gelece\u011fe bak\u0131\u015f\u0131n\u0131 genel hatlar\u0131yla ortaya koymak amac\u0131yla yap\u0131lm\u0131\u015ft\u0131r. Bu \u00e7al\u0131\u015fma bireysel iddialar ve duygusal yakla\u015f\u0131mlardan ka\u00e7\u0131nmaya \u00f6zen g\u00f6sterilerek haz\u0131rlanm\u0131\u015ft\u0131r. Uygur T\u00fcrk\u00fc olan Alimcan Ablet, \u00c7in\u2019in ba\u015fkenti Pekin\u2019de D\u0131\u015fi\u015fleri \u00dcniversitesi\u2019nde D\u0131\u015f Politika e\u011fitimi alm\u0131\u015f ve Ankara Siyasal Bilgiler Fak\u00fcltesi Uluslararas\u0131 \u0130li\u015fkiler B\u00f6l\u00fcm\u00fcnde master yapm\u0131\u015f olup, halen Konya Sel\u00e7uk \u00dcniversitesi Uluslararas\u0131 \u0130li\u015fkiler B\u00f6l\u00fcm\u00fcnde doktora program\u0131na devam etmektedir.<\/p>\n","protected":false},"excerpt":{"rendered":"<p>Bu \u00e7al\u0131\u015fma, Do\u011fu T\u00fcrkistan\u2019l\u0131 Alimcan Ablet taraf\u0131ndan, Asya\u2019n\u0131n b\u00f6lgesel g\u00fcc\u00fc olmaktan k\u00fcresel bir oyuncu olmaya ilerlemekte olan \u00c7in\u2019in, farkl\u0131 alanlarda kendisine \u00f6zg\u00fc d\u0131\u015f politikalar\u0131n\u0131n ve d\u0131\u015f<span class=\"excerpt-hellip\"> [\u2026]<\/span><\/p>\n","protected":false},"featured_media":0,"template":"","meta":{"_monsterinsights_skip_tracking":false,"_monsterinsights_sitenote_active":false,"_monsterinsights_sitenote_note":"","_monsterinsights_sitenote_category":0},"product_brand":[],"product_cat":[12337,17225],"product_tag":[],"class_list":{"0":"post-763993","1":"product","2":"type-product","3":"status-publish","5":"product_cat-politika-siyaset","6":"product_cat-uluslararasi-iliskiler","7":"pa_cilt-ciltsiz","8":"pa_tur-kitap","9":"pa_yayinevi-astana-yayinlari","10":"pa_yazar-alimcan-ablet","12":"first","13":"instock","14":"sale","15":"shipping-taxable","16":"purchasable","17":"product-type-simple"},"_links":{"self":[{"href":"https:\/\/roveyayinevi.com.tr\/index.php\/wp-json\/wp\/v2\/product\/763993","targetHints":{"allow":["GET"]}}],"collection":[{"href":"https:\/\/roveyayinevi.com.tr\/index.php\/wp-json\/wp\/v2\/product"}],"about":[{"href":"https:\/\/roveyayinevi.com.tr\/index.php\/wp-json\/wp\/v2\/types\/product"}],"wp:attachment":[{"href":"https:\/\/roveyayinevi.com.tr\/index.php\/wp-json\/wp\/v2\/media?parent=763993"}],"wp:term":[{"taxonomy":"product_brand","embeddable":true,"href":"https:\/\/roveyayinevi.com.tr\/index.php\/wp-json\/wp\/v2\/product_brand?post=763993"},{"taxonomy":"product_cat","embeddable":true,"href":"https:\/\/roveyayinevi.com.tr\/index.php\/wp-json\/wp\/v2\/product_cat?post=763993"},{"taxonomy":"product_tag","embeddable":true,"href":"https:\/\/roveyayinevi.com.tr\/index.php\/wp-json\/wp\/v2\/product_tag?post=763993"}],"curies":[{"name":"wp","href":"https:\/\/api.w.org\/{rel}","templated":true}]}}