{"id":763990,"date":"2025-08-28T10:57:55","date_gmt":"2025-08-28T07:57:55","guid":{"rendered":"https:\/\/roveyayinevi.com.tr\/index.php\/urun\/ey-islam-ummeti-bu-gidisat-nereye\/"},"modified":"2026-04-15T03:29:49","modified_gmt":"2026-04-15T00:29:49","slug":"ey-islam-ummeti-bu-gidisat-nereye","status":"publish","type":"product","link":"https:\/\/roveyayinevi.com.tr\/index.php\/urun\/ey-islam-ummeti-bu-gidisat-nereye\/","title":{"rendered":"Ey \u0130slam \u00dcmmeti Bu Gidi\u015fat Nereye?"},"content":{"rendered":"<p>Hz. Peygamber (as) n\u00fcb\u00fcvvetin kesintiye u\u011frad\u0131\u011f\u0131, vahyin gelmedi\u011fi, ak\u0131llar\u0131n dalalette oldu\u011fu, ahlak\u0131n fesada u\u011frad\u0131\u011f\u0131, insani de\u011ferlerin yozla\u015ft\u0131\u011f\u0131 ve cehaletin insanlar\u0131n hayat\u0131na tahakk\u00fcm etti\u011fi bir d\u00f6nemde geldi. \u00c7\u00fcnk\u00fc Allah\u2019\u0131n ak\u0131l nimeti ile \u015fereflendirdi\u011fi ve yery\u00fcz\u00fcnde hilafet ve liderlik makam\u0131na lay\u0131k g\u00f6rd\u00fc\u011f\u00fc insan, her i\u015finde yanl\u0131\u015f yap\u0131yordu; d\u00fcnya hayat\u0131ndaki rol\u00fcn\u00fc, vazifesini, nereden geldi\u011fini ve nereye gidece\u011fini, d\u00fcnya ile ahiret aras\u0131ndaki bu yolculukta nas\u0131l tasarrufta bulunaca\u011f\u0131n\u0131 da bilmiyordu. \u015eehvete teslim olma ve i\u00e7 g\u00fcd\u00fc ile hareket etmek y\u00f6n\u00fcyle insanlar\u0131n durumu hayvanlar\u0131n durumu gibiydi. \u0130nsan d\u00fcnyada yap\u0131c\u0131 olmas\u0131 gerekirken y\u0131k\u0131c\u0131; emniyetin kayna\u011f\u0131 olmas\u0131 gerekirken korkunun kayna\u011f\u0131 olmu\u015ftu. \u00d6yle olunca da hayat\u0131n terazisi tepetaklak olmu\u015f ve insan de\u011ferini yitirmi\u015fti. Bu d\u00f6nemde, b\u00fcy\u00fck imparatorluklar\u0131n ve medeniyetlerin durumu k\u00fc\u00e7\u00fck toplumlardan daha iyi de\u011fildi. B\u00fcy\u00fck imparatorluklar, sosyal hayat\u0131 olu\u015fturan t\u00fcm insan tabakalar\u0131 i\u00e7in b\u00fcy\u00fck zul\u00fcmlerin ve a\u015f\u0131r\u0131 korkular\u0131n kayna\u011f\u0131 idi.<\/p>\n","protected":false},"excerpt":{"rendered":"<p>Hz. Peygamber (as) n\u00fcb\u00fcvvetin kesintiye u\u011frad\u0131\u011f\u0131, vahyin gelmedi\u011fi, ak\u0131llar\u0131n dalalette oldu\u011fu, ahlak\u0131n fesada u\u011frad\u0131\u011f\u0131, insani de\u011ferlerin yozla\u015ft\u0131\u011f\u0131 ve cehaletin insanlar\u0131n hayat\u0131na tahakk\u00fcm etti\u011fi bir d\u00f6nemde geldi.<span class=\"excerpt-hellip\"> [\u2026]<\/span><\/p>\n","protected":false},"featured_media":0,"template":"","meta":{"_monsterinsights_skip_tracking":false,"_monsterinsights_sitenote_active":false,"_monsterinsights_sitenote_note":"","_monsterinsights_sitenote_category":0},"product_brand":[],"product_cat":[13036,12718,12719],"product_tag":[],"class_list":{"0":"post-763990","1":"product","2":"type-product","3":"status-publish","5":"product_cat-arastirma-inceleme-islam","6":"product_cat-din","7":"product_cat-islam","8":"pa_cilt-ciltsiz","9":"pa_tur-kitap","10":"pa_yayinevi-astana-yayinlari","11":"pa_yazar-ahmet-b-hamad-b-suleyman-el-halli","13":"first","14":"instock","15":"sale","16":"shipping-taxable","17":"purchasable","18":"product-type-simple"},"_links":{"self":[{"href":"https:\/\/roveyayinevi.com.tr\/index.php\/wp-json\/wp\/v2\/product\/763990","targetHints":{"allow":["GET"]}}],"collection":[{"href":"https:\/\/roveyayinevi.com.tr\/index.php\/wp-json\/wp\/v2\/product"}],"about":[{"href":"https:\/\/roveyayinevi.com.tr\/index.php\/wp-json\/wp\/v2\/types\/product"}],"wp:attachment":[{"href":"https:\/\/roveyayinevi.com.tr\/index.php\/wp-json\/wp\/v2\/media?parent=763990"}],"wp:term":[{"taxonomy":"product_brand","embeddable":true,"href":"https:\/\/roveyayinevi.com.tr\/index.php\/wp-json\/wp\/v2\/product_brand?post=763990"},{"taxonomy":"product_cat","embeddable":true,"href":"https:\/\/roveyayinevi.com.tr\/index.php\/wp-json\/wp\/v2\/product_cat?post=763990"},{"taxonomy":"product_tag","embeddable":true,"href":"https:\/\/roveyayinevi.com.tr\/index.php\/wp-json\/wp\/v2\/product_tag?post=763990"}],"curies":[{"name":"wp","href":"https:\/\/api.w.org\/{rel}","templated":true}]}}