{"id":763989,"date":"2025-08-28T10:57:54","date_gmt":"2025-08-28T07:57:54","guid":{"rendered":"https:\/\/roveyayinevi.com.tr\/index.php\/urun\/hz-muhammedin-devlet-baskanligi-ve-liderligi\/"},"modified":"2026-04-15T03:29:49","modified_gmt":"2026-04-15T00:29:49","slug":"hz-muhammedin-devlet-baskanligi-ve-liderligi","status":"publish","type":"product","link":"https:\/\/roveyayinevi.com.tr\/index.php\/urun\/hz-muhammedin-devlet-baskanligi-ve-liderligi\/","title":{"rendered":"Hz. Muhammed\u2019in Devlet Ba\u015fkanl\u0131\u011f\u0131 ve Liderli\u011fi"},"content":{"rendered":"<p>Hz. Muhammed\u2019in (s.a.v.) peygamberlik hayat\u0131nda fonksiyonel olarak \u00fc\u00e7 d\u00f6nem vard\u0131r: (1) Kul peygamber olarak \u0130slam\u2019\u0131 tebli\u011f etti\u011fi Mekke d\u00f6nemi (610-622). (2) Lider peygamber olarak Medine\u2019de devlet kurdu\u011fu ve devlet ba\u015fkan\u0131 oldu\u011fu d\u00f6nem (623-629). (3) Mekke\u2019nin fethinden itibaren h\u00fck\u00fcmdar peygamberlik d\u00f6nemi (630-632).Hz. Muhammed Medine\u2019ye hicret edince, Arap ve Yahudi kabile reislerinin lideri olarak, haz\u0131rlad\u0131\u011f\u0131 anayasa niteli\u011findeki antla\u015fma ile Medine \u015fehir devletini kurdu ve devlet ba\u015fkan\u0131 oldu. Peygamber-\u00f6\u011fretmen olarak toplumu e\u011fitti, ash\u00e2b-\u0131 kiram\u0131 yeti\u015ftirdi. Peygamber-yarg\u0131\u00e7 olarak anla\u015fmazl\u0131klarda davalara bakt\u0131. \u0130ktisadi alanda uluslararas\u0131 t\u00fcccar peygamber olarak serbest piyasa ekonomisini kurdu. Asker\u00ee lider (peygamber-komutan) olarak ordu kurdu; sava\u015flar yapt\u0131, zaferler kazand\u0131. Siyasi lider, devlet ba\u015fkan\u0131-peygamber olarak yabanc\u0131 devlet ba\u015fkanlar\u0131yla diplomatik ili\u015fkiler kurdu; el\u00e7iler g\u00f6nderdi, el\u00e7ileri ve heyetleri kabul etti. M\u00fcsl\u00fcman olan b\u00f6lgelere valiler, kad\u0131lar, \u00f6\u011fretmenler ve memurlar tayin etti. Devletin, toplumun ve ordunun ihtiya\u00e7lar\u0131n\u0131 kar\u015f\u0131lamak i\u00e7in vergiler koydu, hazine kurdu. Uygulad\u0131\u011f\u0131 y\u00f6netim ve liderlik tarz\u0131yla devlet adamlar\u0131na ve y\u00f6neticilere \u00f6rnek oldu. Hz. Muhammed\u2019in devlet ba\u015fkan\u0131-peygamber olarak y\u00f6netti\u011fi bu d\u00f6neme, tarihte \u201casr-\u0131 saadet\u201d (mutluluk \u00e7a\u011f\u0131) denildi. Kurdu\u011fu bu devlet, 30 y\u0131lda 2 k\u0131taya h\u00e2kim olan bir imparatorluk oldu.Bu Kitap\u2019ta; \u0130slam\u2019da devletin varl\u0131\u011f\u0131 ve \u00f6nemi, Hz. Muhammed\u2019in kurdu\u011fu \u0130slam devletinin yap\u0131s\u0131, te\u015fkilat\u0131 ve i\u015fleyi\u015fi; Peygamber (Allah\u2019\u0131n El\u00e7isi) olarak din\u00ee liderli\u011fi yan\u0131nda toplum liderli\u011fi, e\u011fitim liderli\u011fi, yarg\u0131 liderli\u011fi, iktisadi liderli\u011fi, asker\u00ee liderli\u011fi, siyasi ve diplomatik liderli\u011fi; ahlaki ve k\u00fclt\u00fcrel liderli\u011fi ile devlet ba\u015fkan\u0131 olarak y\u00f6netim ilkeleri; liderlik nitelik ve \u00f6zellikleri kaynaklara dayal\u0131 bir \u015fekilde a\u00e7\u0131kland\u0131.<\/p>\n","protected":false},"excerpt":{"rendered":"<p>Hz. Muhammed\u2019in (s.a.v.) peygamberlik hayat\u0131nda fonksiyonel olarak \u00fc\u00e7 d\u00f6nem vard\u0131r: (1) Kul peygamber olarak \u0130slam\u2019\u0131 tebli\u011f etti\u011fi Mekke d\u00f6nemi (610-622). (2) Lider peygamber olarak Medine\u2019de devlet<span class=\"excerpt-hellip\"> [\u2026]<\/span><\/p>\n","protected":false},"featured_media":0,"template":"","meta":{"_monsterinsights_skip_tracking":false,"_monsterinsights_sitenote_active":false,"_monsterinsights_sitenote_note":"","_monsterinsights_sitenote_category":0},"product_brand":[],"product_cat":[12718,12719],"product_tag":[],"class_list":{"0":"post-763989","1":"product","2":"type-product","3":"status-publish","5":"product_cat-din","6":"product_cat-islam","7":"pa_cilt-ciltsiz","8":"pa_tur-kitap","9":"pa_yayinevi-astana-yayinlari","10":"pa_yazar-nihat-ayturk","12":"first","13":"instock","14":"sale","15":"shipping-taxable","16":"purchasable","17":"product-type-simple"},"_links":{"self":[{"href":"https:\/\/roveyayinevi.com.tr\/index.php\/wp-json\/wp\/v2\/product\/763989","targetHints":{"allow":["GET"]}}],"collection":[{"href":"https:\/\/roveyayinevi.com.tr\/index.php\/wp-json\/wp\/v2\/product"}],"about":[{"href":"https:\/\/roveyayinevi.com.tr\/index.php\/wp-json\/wp\/v2\/types\/product"}],"wp:attachment":[{"href":"https:\/\/roveyayinevi.com.tr\/index.php\/wp-json\/wp\/v2\/media?parent=763989"}],"wp:term":[{"taxonomy":"product_brand","embeddable":true,"href":"https:\/\/roveyayinevi.com.tr\/index.php\/wp-json\/wp\/v2\/product_brand?post=763989"},{"taxonomy":"product_cat","embeddable":true,"href":"https:\/\/roveyayinevi.com.tr\/index.php\/wp-json\/wp\/v2\/product_cat?post=763989"},{"taxonomy":"product_tag","embeddable":true,"href":"https:\/\/roveyayinevi.com.tr\/index.php\/wp-json\/wp\/v2\/product_tag?post=763989"}],"curies":[{"name":"wp","href":"https:\/\/api.w.org\/{rel}","templated":true}]}}