{"id":763988,"date":"2025-08-28T10:57:52","date_gmt":"2025-08-28T07:57:52","guid":{"rendered":"https:\/\/roveyayinevi.com.tr\/index.php\/urun\/nurut-u-tevhid\/"},"modified":"2026-04-15T03:29:49","modified_gmt":"2026-04-15T00:29:49","slug":"nurut-u-tevhid","status":"publish","type":"product","link":"https:\/\/roveyayinevi.com.tr\/index.php\/urun\/nurut-u-tevhid\/","title":{"rendered":"Nurut-u Tevhid"},"content":{"rendered":"<p>Zengib\u00e2r\u2019\u0131n \u00f6nde gelen k\u00e2d\u0131lar\u0131ndan olan M\u00fcnzir\u00ee, talebelerinin \u0130b\u00e2z\u00eeyye\u2019nin \u201ctevh\u00eed\u201d ile ilgili konular\u0131n\u0131 ele alan bir ris\u00e2le yazmas\u0131n\u0131 istemeleri \u00fczerine, \u201ciyilik ve takva (All\u00e2h\u2019\u0131n yasaklar\u0131ndan sak\u0131nma) \u00fczerinde yard\u0131mla\u015f\u0131n\u201d ayeti m\u00fbcibince bu ris\u00e2leyi yazmaya karar vermi\u015ftir. Akl\u00ee \u00e7\u0131kar\u0131mlar\u0131n h\u00e2kim oldu\u011fu eserde \u201ctevh\u00eed\u201d konusu ak\u0131lc\u0131 bir y\u00f6ntemle ele al\u0131nm\u0131\u015ft\u0131r. All\u00e2h\u2019\u0131n z\u00e2t\u0131 ve s\u0131fatlar\u0131 ile ilgili m\u00fcte\u015f\u00e2bih \u00e2yetlerin \u00eez\u00e2h\u0131nda te\u015fb\u00eeh ve tecs\u00eeme d\u00fc\u015fmemek ad\u0131na te\u2019v\u00eele s\u0131k\u00e7a ba\u015fvurulmu\u015ftur. M\u00fcte\u015f\u00e2bih ayetler hakk\u0131nda getirilen yorumlara bak\u0131ld\u0131\u011f\u0131nda M\u00fcnzir\u00ee\u2019nin H\u00e2ric\u00eelere y\u00f6nelik \u201cayetlerin literal anlamlar\u0131yla yetinen; i\u00e7 manalar\u0131n\u0131 kavrayamayan kaba dindarl\u0131k\u201d \u015feklindeki ithamlar\u0131n uza\u011f\u0131nda kald\u0131\u011f\u0131 g\u00f6r\u00fclmektedir. Zira M\u00fcnzir\u00ee, san\u0131lan\u0131n aksine alabildi\u011fince lafz\u00ee\/z\u00e2hir\u00ee yakla\u015f\u0131mdan uzak durmu\u015ftur. Nitekim literal okuma, son tahlilde ya tecs\u00eeme\/te\u015fb\u00eehe g\u00f6t\u00fcrecektir ya da m\u00fcte\u015f\u00e2bih ayetleri \u00eez\u00e2h etmekten ka\u00e7\u0131nan Selef\u00ee tavr\u0131 zorunlu k\u0131lacakt\u0131r. M\u00fcnzir\u00ee ise te\u015fbih\/tecs\u00eeme d\u00fc\u015fmemek i\u00e7in ayetlere laf\u0131zc\u0131 yakla\u015fmam\u0131\u015f; tersine m\u00fcte\u015f\u00e2bih ayetlerin akl\u00ee tevilinden ka\u00e7\u0131nmam\u0131\u015ft\u0131r. Ayr\u0131ca M\u00fcnzir\u00ee\u2019nin \u00e2yetleri ak\u0131l ve nakil ikileminde yapt\u0131\u011f\u0131 yorumlara bak\u0131ld\u0131\u011f\u0131nda Mu\u2018tezil\u00ee ve M\u00e2t\u00fcr\u00eed\u00ee gelene\u011fe yak\u0131n bir yakla\u015f\u0131m sergiledi\u011fi anla\u015f\u0131lmaktad\u0131r.<\/p>\n","protected":false},"excerpt":{"rendered":"<p>Zengib\u00e2r\u2019\u0131n \u00f6nde gelen k\u00e2d\u0131lar\u0131ndan olan M\u00fcnzir\u00ee, talebelerinin \u0130b\u00e2z\u00eeyye\u2019nin \u201ctevh\u00eed\u201d ile ilgili konular\u0131n\u0131 ele alan bir ris\u00e2le yazmas\u0131n\u0131 istemeleri \u00fczerine, \u201ciyilik ve takva (All\u00e2h\u2019\u0131n yasaklar\u0131ndan sak\u0131nma) \u00fczerinde<span class=\"excerpt-hellip\"> [\u2026]<\/span><\/p>\n","protected":false},"featured_media":0,"template":"","meta":{"_monsterinsights_skip_tracking":false,"_monsterinsights_sitenote_active":false,"_monsterinsights_sitenote_note":"","_monsterinsights_sitenote_category":0},"product_brand":[],"product_cat":[12718,12719],"product_tag":[],"class_list":{"0":"post-763988","1":"product","2":"type-product","3":"status-publish","5":"product_cat-din","6":"product_cat-islam","7":"pa_cilt-ciltsiz","8":"pa_tur-kitap","9":"pa_yayinevi-astana-yayinlari","10":"pa_yazar-ali-b-muhammed-el-munziri","12":"first","13":"instock","14":"sale","15":"shipping-taxable","16":"purchasable","17":"product-type-simple"},"_links":{"self":[{"href":"https:\/\/roveyayinevi.com.tr\/index.php\/wp-json\/wp\/v2\/product\/763988","targetHints":{"allow":["GET"]}}],"collection":[{"href":"https:\/\/roveyayinevi.com.tr\/index.php\/wp-json\/wp\/v2\/product"}],"about":[{"href":"https:\/\/roveyayinevi.com.tr\/index.php\/wp-json\/wp\/v2\/types\/product"}],"wp:attachment":[{"href":"https:\/\/roveyayinevi.com.tr\/index.php\/wp-json\/wp\/v2\/media?parent=763988"}],"wp:term":[{"taxonomy":"product_brand","embeddable":true,"href":"https:\/\/roveyayinevi.com.tr\/index.php\/wp-json\/wp\/v2\/product_brand?post=763988"},{"taxonomy":"product_cat","embeddable":true,"href":"https:\/\/roveyayinevi.com.tr\/index.php\/wp-json\/wp\/v2\/product_cat?post=763988"},{"taxonomy":"product_tag","embeddable":true,"href":"https:\/\/roveyayinevi.com.tr\/index.php\/wp-json\/wp\/v2\/product_tag?post=763988"}],"curies":[{"name":"wp","href":"https:\/\/api.w.org\/{rel}","templated":true}]}}