{"id":763987,"date":"2025-08-28T10:57:51","date_gmt":"2025-08-28T07:57:51","guid":{"rendered":"https:\/\/roveyayinevi.com.tr\/index.php\/urun\/amerikan-askeri-mudahalelerinde-karar-alma\/"},"modified":"2026-04-08T03:26:12","modified_gmt":"2026-04-08T00:26:12","slug":"amerikan-askeri-mudahalelerinde-karar-alma","status":"publish","type":"product","link":"https:\/\/roveyayinevi.com.tr\/index.php\/urun\/amerikan-askeri-mudahalelerinde-karar-alma\/","title":{"rendered":"Amerikan Askeri M\u00fcdahalelerinde Karar Alma"},"content":{"rendered":"<p>Amerika Birle\u015fik Devletleri\u2019nin uluslararas\u0131 siyasette tek s\u00fcper g\u00fc\u00e7 olarak kald\u0131\u011f\u0131 So\u011fuk Sava\u015f sonras\u0131 d\u00f6nemde askeri m\u00fcdahale imk\u00e2nlar\u0131n\u0131 nas\u0131l kullanaca\u011f\u0131, s\u00f6z konusu d\u00f6nemin ba\u015flang\u0131c\u0131ndan itibaren akademik a\u00e7\u0131dan ilgi uyand\u0131ran bir ara\u015ft\u0131rma konusu haline gelmi\u015ftir. Bu do\u011frultuda; So\u011fuk Sava\u015f sonras\u0131 d\u00f6nemde ger\u00e7ekle\u015fen Amerikan askeri m\u00fcdahalelerinin karar alma s\u00fcre\u00e7lerini incelemeyi ama\u00e7layan bu \u00e7al\u0131\u015fmada; 1991 Irak, 1995 Bosna ve 2001 Afganistan m\u00fcdahaleleri kar\u015f\u0131la\u015ft\u0131rmaya tabi tutulmaktad\u0131r.S\u00f6z konusu \u00f6rnek olaylar, ABD\u2019nin So\u011fuk Sava\u015f sonras\u0131nda Ba\u015fkanl\u0131k g\u00f6revini y\u00fcr\u00fcten ilk \u00fc\u00e7 liderinin kararlar\u0131yla yakla\u015f\u0131k on y\u0131ll\u0131k zaman diliminde \u00fc\u00e7 farkl\u0131 b\u00f6lgeye y\u00f6nelik ger\u00e7ekle\u015ftirilen askeri m\u00fcdahaleleri temsil etmektedir. B\u00f6ylece, Amerikan d\u0131\u015f politikas\u0131nda karar al\u0131c\u0131 konumunda bulunanlar\u0131n askeri m\u00fcdahale kararlar\u0131n\u0131 nas\u0131l, hangi ko\u015fullarda ve hangi fakt\u00f6rlerin etkisi alt\u0131nda ald\u0131klar\u0131 ortaya \u00e7\u0131kar\u0131lm\u0131\u015f olacakt\u0131r.Kuramsal olarak Graham Allison\u2019un d\u0131\u015f politikada karar alma s\u00fcrecine ili\u015fkin ortaya koydu\u011fu \u00fc\u00e7 modele dayanan bu \u00e7al\u0131\u015fma, ABD\u2019nin \u00fc\u00e7 askeri m\u00fcdahalesinin yan\u0131 s\u0131ra s\u00f6z konusu \u00fc\u00e7 modeli de kar\u015f\u0131la\u015ft\u0131rma olana\u011f\u0131 sunmaktad\u0131r. Bu \u00e7er\u00e7evede, So\u011fuk Sava\u015f sonras\u0131 Amerikan d\u0131\u015f politikas\u0131nda rasyonel akt\u00f6r modelinin b\u00fcrokratik siyaset ve \u00f6rg\u00fctsel s\u00fcre\u00e7 modellerine k\u0131yasla \u00f6rnek askeri m\u00fcdahale kararlar\u0131na dair a\u00e7\u0131klay\u0131c\u0131 g\u00fcc\u00fcn\u00fcn daha y\u00fcksek oldu\u011fu savunulmaktad\u0131r.<\/p>\n","protected":false},"excerpt":{"rendered":"<p>Amerika Birle\u015fik Devletleri\u2019nin uluslararas\u0131 siyasette tek s\u00fcper g\u00fc\u00e7 olarak kald\u0131\u011f\u0131 So\u011fuk Sava\u015f sonras\u0131 d\u00f6nemde askeri m\u00fcdahale imk\u00e2nlar\u0131n\u0131 nas\u0131l kullanaca\u011f\u0131, s\u00f6z konusu d\u00f6nemin ba\u015flang\u0131c\u0131ndan itibaren akademik a\u00e7\u0131dan<span class=\"excerpt-hellip\"> [\u2026]<\/span><\/p>\n","protected":false},"featured_media":0,"template":"","meta":{"_monsterinsights_skip_tracking":false,"_monsterinsights_sitenote_active":false,"_monsterinsights_sitenote_note":"","_monsterinsights_sitenote_category":0},"product_brand":[],"product_cat":[12337],"product_tag":[],"class_list":{"0":"post-763987","1":"product","2":"type-product","3":"status-publish","5":"product_cat-politika-siyaset","6":"pa_cilt-ciltsiz","7":"pa_tur-kitap","8":"pa_yayinevi-astana-yayinlari","9":"pa_yazar-emirhan-kaya","11":"first","12":"instock","13":"sale","14":"shipping-taxable","15":"purchasable","16":"product-type-simple"},"_links":{"self":[{"href":"https:\/\/roveyayinevi.com.tr\/index.php\/wp-json\/wp\/v2\/product\/763987","targetHints":{"allow":["GET"]}}],"collection":[{"href":"https:\/\/roveyayinevi.com.tr\/index.php\/wp-json\/wp\/v2\/product"}],"about":[{"href":"https:\/\/roveyayinevi.com.tr\/index.php\/wp-json\/wp\/v2\/types\/product"}],"wp:attachment":[{"href":"https:\/\/roveyayinevi.com.tr\/index.php\/wp-json\/wp\/v2\/media?parent=763987"}],"wp:term":[{"taxonomy":"product_brand","embeddable":true,"href":"https:\/\/roveyayinevi.com.tr\/index.php\/wp-json\/wp\/v2\/product_brand?post=763987"},{"taxonomy":"product_cat","embeddable":true,"href":"https:\/\/roveyayinevi.com.tr\/index.php\/wp-json\/wp\/v2\/product_cat?post=763987"},{"taxonomy":"product_tag","embeddable":true,"href":"https:\/\/roveyayinevi.com.tr\/index.php\/wp-json\/wp\/v2\/product_tag?post=763987"}],"curies":[{"name":"wp","href":"https:\/\/api.w.org\/{rel}","templated":true}]}}