{"id":763985,"date":"2025-08-28T10:57:49","date_gmt":"2025-08-28T07:57:49","guid":{"rendered":"https:\/\/roveyayinevi.com.tr\/index.php\/urun\/muzigin-koi-cyprinus-carpio-baliklari-davranislari-stres-ve-gelisimi-uzerine-etkisi\/"},"modified":"2026-04-15T03:29:49","modified_gmt":"2026-04-15T00:29:49","slug":"muzigin-koi-cyprinus-carpio-baliklari-davranislari-stres-ve-gelisimi-uzerine-etkisi","status":"publish","type":"product","link":"https:\/\/roveyayinevi.com.tr\/index.php\/urun\/muzigin-koi-cyprinus-carpio-baliklari-davranislari-stres-ve-gelisimi-uzerine-etkisi\/","title":{"rendered":"M\u00fczi\u011fin Koi (Cyprinus Carpio) Bal\u0131klar\u0131 Davran\u0131\u015flar\u0131, Stres ve Geli\u015fimi \u00dczerine Etkisi"},"content":{"rendered":"<p>Kitab\u0131n amac\u0131 m\u00fczikal uyar\u0131lar\u0131n Koi bal\u0131klar\u0131nda (Cyprinus carpio) b\u00fcy\u00fcme performans\u0131, yem kullan\u0131m\u0131, davran\u0131\u015f ve stres \u00fczerine etkilerini ara\u015ft\u0131rmakt\u0131r. \u00c7al\u0131\u015fma kontroll\u00fc ko\u015fullarda ger\u00e7ekle\u015fen iki ayr\u0131 denemeden olu\u015fmaktad\u0131r. Birinci denemede, alfa, beta, teta ve gama ses dalgalar\u0131 ile klasik, country, metal, elektro, kentsel g\u00fcr\u00fclt\u00fc, silkroad, sufi ney, Kuran dinletisi olmak \u00fczere, 12 farkl\u0131 ses uyar\u0131s\u0131n\u0131n bal\u0131k davran\u0131\u015flar\u0131na etkisi incelenmi\u015ftir. Farkl\u0131 davran\u0131\u015flar sergiledi\u011fi d\u00fc\u015f\u00fcn\u00fclen kentsel g\u00fcr\u00fclt\u00fc, silk-road (enstr\u00fcmental), sufi ney (enstr\u00fcmental), Kuran dinletisi sesleri, bal\u0131klar\u0131n b\u00fcy\u00fcmesi, yemden yararlanma ve stres \u00fczerine etkisini incelemek amac\u0131yla se\u00e7ilmi\u015ftir. Se\u00e7ilen sesler, ikinci denemede bal\u0131klara 90 g\u00fcn s\u00fcresince, 08:00 &#8211; 08:30, 12:30 &#8211; 13:00 ve 17:00 &#8211; 17:30 saatleri aras\u0131nda dinletilmi\u015ftir. T\u00fcm \u00e7al\u0131\u015fmalar 3 tekrarl\u0131 olarak y\u00fcr\u00fct\u00fclm\u00fc\u015ft\u00fcr. \u0130kinci deneme sonunda, Kuran dinletisi, sufi ney, silk-road uyar\u0131lar\u0131na (67 dB re 1 \u03bcPa SPL) maruz kalan deneme gruplar\u0131, kontrol grubuna (57 dB re 1 \u03bcPa SPL) g\u00f6re daha iyi, yem kullan\u0131m ve b\u00fcy\u00fcme performans\u0131 sergilemi\u015ftir. Kentsel g\u00fcr\u00fclt\u00fc (67 dB re 1 \u03bcPa SPL), bal\u0131klar\u0131n b\u00fcy\u00fcmesini ve yem verimlili\u011fini olumsuz etkilemi\u015ftir. Farkl\u0131 m\u00fczik uyar\u0131lar\u0131n\u0131n hematolojik, imm\u00fcnolojik ve serum biyokimyasal parametrelerde \u00f6nemli de\u011fi\u015fimlere neden oldu\u011fu tespit edilmi\u015ftir. Sonu\u00e7 olarak, yo\u011fun k\u00fclt\u00fcr bal\u0131k\u00e7\u0131l\u0131\u011f\u0131 yap\u0131lan tesislerde, Kuran dinletisi, sufi ney, silk-road uyar\u0131lar\u0131n\u0131n, \u201cb\u00fcy\u00fcme te\u015fvik fakt\u00f6r\u00fc\u201d olarak de\u011ferlendirilebilece\u011fi, bal\u0131k refah\u0131n\u0131n \u00fczerinde olumlu etkiler g\u00f6sterebilece\u011fi, kentsel g\u00fcr\u00fclt\u00fcn\u00fcn ise bal\u0131k refah\u0131, b\u00fcy\u00fcme performans\u0131 ve yem kullan\u0131m\u0131 \u00fczerinde olumsuz etkiler yapabilece\u011fi d\u00fc\u015f\u00fcn\u00fclmektedir. Ayr\u0131ca, farkl\u0131 ses uyar\u0131lar\u0131n\u0131n farkl\u0131 bal\u0131k t\u00fcrleri ve vii b\u00fcy\u00fcme d\u00f6nemlerinde ara\u015ft\u0131r\u0131lmas\u0131 ve \u00f6zellikle bal\u0131klarda stresi azalt\u0131c\u0131 etkisinin ara\u015ft\u0131r\u0131lmas\u0131 \u00f6nerilebilir.<\/p>\n","protected":false},"excerpt":{"rendered":"<p>Kitab\u0131n amac\u0131 m\u00fczikal uyar\u0131lar\u0131n Koi bal\u0131klar\u0131nda (Cyprinus carpio) b\u00fcy\u00fcme performans\u0131, yem kullan\u0131m\u0131, davran\u0131\u015f ve stres \u00fczerine etkilerini ara\u015ft\u0131rmakt\u0131r. \u00c7al\u0131\u015fma kontroll\u00fc ko\u015fullarda ger\u00e7ekle\u015fen iki ayr\u0131 denemeden olu\u015fmaktad\u0131r.<span class=\"excerpt-hellip\"> [\u2026]<\/span><\/p>\n","protected":false},"featured_media":0,"template":"","meta":{"_monsterinsights_skip_tracking":false,"_monsterinsights_sitenote_active":false,"_monsterinsights_sitenote_note":"","_monsterinsights_sitenote_category":0},"product_brand":[],"product_cat":[14556],"product_tag":[],"class_list":{"0":"post-763985","1":"product","2":"type-product","3":"status-publish","5":"product_cat-muzik","6":"pa_cilt-ciltsiz","7":"pa_tur-kitap","8":"pa_yayinevi-astana-yayinlari","9":"pa_yazar-halit-kusku","11":"first","12":"instock","13":"sale","14":"shipping-taxable","15":"purchasable","16":"product-type-simple"},"_links":{"self":[{"href":"https:\/\/roveyayinevi.com.tr\/index.php\/wp-json\/wp\/v2\/product\/763985","targetHints":{"allow":["GET"]}}],"collection":[{"href":"https:\/\/roveyayinevi.com.tr\/index.php\/wp-json\/wp\/v2\/product"}],"about":[{"href":"https:\/\/roveyayinevi.com.tr\/index.php\/wp-json\/wp\/v2\/types\/product"}],"wp:attachment":[{"href":"https:\/\/roveyayinevi.com.tr\/index.php\/wp-json\/wp\/v2\/media?parent=763985"}],"wp:term":[{"taxonomy":"product_brand","embeddable":true,"href":"https:\/\/roveyayinevi.com.tr\/index.php\/wp-json\/wp\/v2\/product_brand?post=763985"},{"taxonomy":"product_cat","embeddable":true,"href":"https:\/\/roveyayinevi.com.tr\/index.php\/wp-json\/wp\/v2\/product_cat?post=763985"},{"taxonomy":"product_tag","embeddable":true,"href":"https:\/\/roveyayinevi.com.tr\/index.php\/wp-json\/wp\/v2\/product_tag?post=763985"}],"curies":[{"name":"wp","href":"https:\/\/api.w.org\/{rel}","templated":true}]}}